{"id":1078,"date":"2020-11-12T08:57:54","date_gmt":"2020-11-12T13:57:54","guid":{"rendered":"http:\/\/firstascentstaging.com\/greatoaks2020\/?page_id=1078"},"modified":"2026-04-22T11:53:15","modified_gmt":"2026-04-22T15:53:15","slug":"club-and-sports","status":"publish","type":"page","link":"https:\/\/greatoakswilm.org\/es\/club-and-sports\/","title":{"rendered":"Extracurricular Offerings"},"content":{"rendered":"<section id=\"super-header-block_a37e6d62b0a0738d02313c4fa777ea69\" class=\"block-super-header alignfull\">\n\t<div class=\"block-super-header__container\">\n\t\t<div class=\"block-super-header__banner is-simple\" style=\"background-image:url( https:\/\/greatoakswilm.org\/wp-content\/uploads\/2020\/11\/go-wilmington-bellyfire-productions-4697_43569820610_o.jpg ); background-position: center center;\">\n\t\t\t<div class=\"max-width-row\">\n\t\t\t\t<div class=\"block-super-header__banner-content\">\n\t\t\t\t\t<h1>Extracurricular Offerings<\/h1>\n\t\t\t\t<\/div>\n\t\t\t<\/div>\n\t\t<\/div>\n\t<\/div>\n<\/section>\n\n\n\n<div style=\"height:80px\" aria-hidden=\"true\" class=\"wp-block-spacer\"><\/div>\n\n\n<div class=\"wp-block-image\"><div class=\"wp-block-image-container\">\n<figure class=\"aligncenter size-large is-resized\"><img decoding=\"async\" src=\"http:\/\/greatoakswilm.org\/wp-content\/uploads\/2020\/10\/greatoaks-logo-branding.svg\" alt=\"\" class=\"wp-image-741\" style=\"width:86px;height:75px\"\/><\/figure>\n<\/div><\/div>\n\n<div class=\"wp-block-paragraph\">\n<p>En Great Oaks, ofrecemos una s\u00f3lida lista de programas extracurriculares. Esta variedad de actividades extracurriculares anima a nuestros estudiantes a expresarse de manera creativa y decidida. Se les invita a aprender nuevas habilidades o fortalecer las que ya tienen. Nuestros programas enriquecen el aprendizaje de nuestros estudiantes y celebran sus talentos, curiosidad y perseverancia.<\/p>\n<\/div>\n\n\n<div style=\"height:30px\" aria-hidden=\"true\" class=\"wp-block-spacer\"><\/div>\n\n\n\n<div class=\"wp-block-media-text alignfull has-media-on-the-right is-stacked-on-mobile is-vertically-aligned-center\"><div class=\"wp-block-media-text__content\"><div class=\"wp-block-heading\">\n<h2 class=\"wp-block-heading\">Extracurricular Offerings<\/h2>\n<\/div>\n\n<div class=\"wp-block-paragraph\">\n<p>En Great Oaks, apoyamos la exploraci\u00f3n de talentos, ense\u00f1amos a los estudiantes nuevas habilidades y nos aseguramos de que puedan perseguir sus intereses art\u00edsticos y acad\u00e9micos. Alentamos a los estudiantes a participar en nuestra s\u00f3lida programaci\u00f3n de verano y despu\u00e9s de la escuela. Consulte la lista completa de clubes y deportes en los que puede participar.<\/p>\n<\/div><\/div><figure class=\"wp-block-media-text__media\"><img decoding=\"async\" width=\"1024\" height=\"683\" src=\"https:\/\/greatoakswilm.org\/wp-content\/uploads\/2026\/04\/332-1024x683.jpg\" alt=\"\" class=\"wp-image-6646 size-full\" srcset=\"https:\/\/greatoakswilm.org\/wp-content\/uploads\/2026\/04\/332-1024x683.jpg 1024w, https:\/\/greatoakswilm.org\/wp-content\/uploads\/2026\/04\/332-300x200.jpg 300w, https:\/\/greatoakswilm.org\/wp-content\/uploads\/2026\/04\/332-768x512.jpg 768w, https:\/\/greatoakswilm.org\/wp-content\/uploads\/2026\/04\/332-1536x1024.jpg 1536w, https:\/\/greatoakswilm.org\/wp-content\/uploads\/2026\/04\/332-2048x1365.jpg 2048w, https:\/\/greatoakswilm.org\/wp-content\/uploads\/2026\/04\/332-18x12.jpg 18w\" sizes=\"(max-width: 1024px) 100vw, 1024px\" \/><\/figure><\/div>\n\n\n<div class=\"wp-block-columns-container\">\n<div class=\"wp-block-columns is-layout-flex wp-container-core-columns-is-layout-9d6595d7 wp-block-columns-is-layout-flex\">\n<div class=\"wp-block-column is-layout-flow wp-block-column-is-layout-flow\"><div class=\"wp-block-paragraph\">\n<p><strong>Nuestros Clubes:<\/strong><\/p>\n<\/div>\n\n<div class=\"wp-block-paragraph\">\n<p><\/p>\n<\/div>\n\n<div class=\"wp-block-list-container\">\n<ul class=\"wp-block-list\">\n<li>Entrenamientos de baloncesto<\/li>\n\n\n\n<li>Educaci\u00f3n financiera<\/li>\n\n\n\n<li>Ayuda con las tareas<\/li>\n\n\n\n<li>Equipo de baile Majorette<\/li>\n\n\n\n<li>preparaci\u00f3n para el SAT<\/li>\n\n\n\n<li>Asociaci\u00f3n de Gobierno Estudiantil<\/li>\n\n\n\n<li>club del anuario<\/li>\n<\/ul>\n<\/div><\/div>\n\n\n\n<div class=\"wp-block-column is-layout-flow wp-block-column-is-layout-flow\"><div class=\"wp-block-paragraph\">\n<p><strong>Nuestros deportes:<\/strong><\/p>\n<\/div>\n\n<div class=\"wp-block-list-container\">\n<ul class=\"wp-block-list\">\n<li>baloncesto masculino<\/li>\n\n\n\n<li>Animadoras<\/li>\n\n\n\n<li>Baloncesto femenino<\/li>\n\n\n\n<li>atletismo<\/li>\n<\/ul>\n<\/div>\n\n<div class=\"wp-block-paragraph\">\n<p><em>Pr\u00f3ximamente<\/em><\/p>\n<\/div>\n\n<div class=\"wp-block-list-container\">\n<ul class=\"wp-block-list\">\n<li>E Sports<\/li>\n\n\n\n<li>Flag Football<\/li>\n<\/ul>\n<\/div><\/div>\n<\/div>\n<\/div>\n\n\n<div class=\"wp-block-cover alignfull is-style-big-headline-hero\"><img decoding=\"async\" width=\"2560\" height=\"1707\" class=\"wp-block-cover__image-background wp-image-1866\" alt=\"\" src=\"http:\/\/greatoakswilm.org\/wp-content\/uploads\/2020\/12\/go-wilmington-bellyfire-productions-5847_30446228327_o-scaled.jpg\" data-object-fit=\"cover\" srcset=\"https:\/\/greatoakswilm.org\/wp-content\/uploads\/2020\/12\/go-wilmington-bellyfire-productions-5847_30446228327_o-scaled.jpg 2560w, https:\/\/greatoakswilm.org\/wp-content\/uploads\/2020\/12\/go-wilmington-bellyfire-productions-5847_30446228327_o-300x200.jpg 300w, https:\/\/greatoakswilm.org\/wp-content\/uploads\/2020\/12\/go-wilmington-bellyfire-productions-5847_30446228327_o-1024x683.jpg 1024w, https:\/\/greatoakswilm.org\/wp-content\/uploads\/2020\/12\/go-wilmington-bellyfire-productions-5847_30446228327_o-768x512.jpg 768w, https:\/\/greatoakswilm.org\/wp-content\/uploads\/2020\/12\/go-wilmington-bellyfire-productions-5847_30446228327_o-1536x1024.jpg 1536w, https:\/\/greatoakswilm.org\/wp-content\/uploads\/2020\/12\/go-wilmington-bellyfire-productions-5847_30446228327_o-2048x1365.jpg 2048w, https:\/\/greatoakswilm.org\/wp-content\/uploads\/2020\/12\/go-wilmington-bellyfire-productions-5847_30446228327_o-16x12.jpg 16w\" sizes=\"(max-width: 2560px) 100vw, 2560px\" \/><span aria-hidden=\"true\" class=\"wp-block-cover__background has-navy-background-color has-background-dim-80 has-background-dim\"><\/span><div class=\"wp-block-cover__inner-container is-layout-flow wp-block-cover-is-layout-flow\"><div class=\"wp-block-heading\">\n<h2 class=\"wp-block-heading\">\u00danase a nuestro \u00e1rbol geneal\u00f3gico<\/h2>\n<\/div>\n\n<div class=\"wp-block-paragraph\">\n<p>Nuestra misi\u00f3n es apoyar y orientar a nuestros estudiantes y, a su vez, a nuestra comunidad. Juntos, crezcamos.<\/p>\n<\/div>\n\n\n<div class=\"wp-block-buttons is-layout-flex wp-block-buttons-is-layout-flex\">\n<div class=\"wp-block-button\"><a class=\"wp-block-button__link has-lightgray-color has-orange-background-color has-text-color has-background wp-element-button\" href=\"http:\/\/greatoakswilm.org\/es\/enroll\/\">ENL\u00cdSTATE AHORA<\/a><\/div>\n<\/div>\n<\/div><\/div>","protected":false},"excerpt":{"rendered":"<p>At Great Oaks, we offer a robust list of after school programs. This variety of extracurricular activities encourages our scholars to express themselves creatively and purposefully. They are invited to [&hellip;]<\/p>\n","protected":false},"author":1,"featured_media":0,"parent":0,"menu_order":12,"comment_status":"closed","ping_status":"closed","template":"","meta":{"_acf_changed":false,"_editorskit_title_hidden":false,"_editorskit_reading_time":1,"_editorskit_is_block_options_detached":false,"_editorskit_block_options_position":"{}","_monsterinsights_skip_tracking":false,"_monsterinsights_sitenote_active":false,"_monsterinsights_sitenote_note":"","_monsterinsights_sitenote_category":0,"footnotes":""},"class_list":["post-1078","page","type-page","status-publish","hentry"],"acf":[],"yoast_head":"<!-- This site is optimized with the Yoast SEO plugin v27.4 - https:\/\/yoast.com\/product\/yoast-seo-wordpress\/ -->\n<title>Clubs and Sports - Great Oaks Charter School Wilmington, Delaware<\/title>\n<meta name=\"description\" content=\"Great Oaks Wilmington offers a variety of extracurricular activities to encourage scholars to express themselves creatively and purposefully.\" \/>\n<meta name=\"robots\" content=\"index, follow, max-snippet:-1, max-image-preview:large, max-video-preview:-1\" \/>\n<link rel=\"canonical\" href=\"https:\/\/greatoakswilm.org\/es\/club-and-sports\/\" \/>\n<meta property=\"og:locale\" content=\"es_MX\" \/>\n<meta property=\"og:type\" content=\"article\" \/>\n<meta property=\"og:title\" content=\"Clubs and Sports - Great Oaks Charter School Wilmington, Delaware\" \/>\n<meta property=\"og:description\" content=\"Great Oaks Wilmington offers a variety of extracurricular activities to encourage scholars to express themselves creatively and purposefully.\" \/>\n<meta property=\"og:url\" content=\"https:\/\/greatoakswilm.org\/es\/club-and-sports\/\" \/>\n<meta property=\"og:site_name\" content=\"Great Oaks Wilmington\" \/>\n<meta property=\"article:modified_time\" content=\"2026-04-22T15:53:15+00:00\" \/>\n<meta name=\"twitter:card\" content=\"summary_large_image\" \/>\n<meta name=\"twitter:label1\" content=\"Tiempo de lectura\" \/>\n\t<meta name=\"twitter:data1\" content=\"2 minutos\" \/>\n<script type=\"application\/ld+json\" class=\"yoast-schema-graph\">{\"@context\":\"https:\\\/\\\/schema.org\",\"@graph\":[{\"@type\":\"WebPage\",\"@id\":\"https:\\\/\\\/greatoakswilm.org\\\/club-and-sports\\\/\",\"url\":\"https:\\\/\\\/greatoakswilm.org\\\/club-and-sports\\\/\",\"name\":\"Clubs and Sports - Great Oaks Charter School Wilmington, Delaware\",\"isPartOf\":{\"@id\":\"https:\\\/\\\/greatoakswilm.org\\\/#website\"},\"primaryImageOfPage\":{\"@id\":\"https:\\\/\\\/greatoakswilm.org\\\/club-and-sports\\\/#primaryimage\"},\"image\":{\"@id\":\"https:\\\/\\\/greatoakswilm.org\\\/club-and-sports\\\/#primaryimage\"},\"thumbnailUrl\":\"http:\\\/\\\/greatoakswilm.org\\\/wp-content\\\/uploads\\\/2020\\\/10\\\/greatoaks-logo-branding.svg\",\"datePublished\":\"2020-11-12T13:57:54+00:00\",\"dateModified\":\"2026-04-22T15:53:15+00:00\",\"description\":\"Great Oaks Wilmington offers a variety of extracurricular activities to encourage scholars to express themselves creatively and purposefully.\",\"breadcrumb\":{\"@id\":\"https:\\\/\\\/greatoakswilm.org\\\/club-and-sports\\\/#breadcrumb\"},\"inLanguage\":\"es\",\"potentialAction\":[{\"@type\":\"ReadAction\",\"target\":[\"https:\\\/\\\/greatoakswilm.org\\\/club-and-sports\\\/\"]}]},{\"@type\":\"ImageObject\",\"inLanguage\":\"es\",\"@id\":\"https:\\\/\\\/greatoakswilm.org\\\/club-and-sports\\\/#primaryimage\",\"url\":\"http:\\\/\\\/greatoakswilm.org\\\/wp-content\\\/uploads\\\/2020\\\/10\\\/greatoaks-logo-branding.svg\",\"contentUrl\":\"http:\\\/\\\/greatoakswilm.org\\\/wp-content\\\/uploads\\\/2020\\\/10\\\/greatoaks-logo-branding.svg\"},{\"@type\":\"BreadcrumbList\",\"@id\":\"https:\\\/\\\/greatoakswilm.org\\\/club-and-sports\\\/#breadcrumb\",\"itemListElement\":[{\"@type\":\"ListItem\",\"position\":1,\"name\":\"Home\",\"item\":\"https:\\\/\\\/greatoakswilm.org\\\/\"},{\"@type\":\"ListItem\",\"position\":2,\"name\":\"Extracurricular Offerings\"}]},{\"@type\":\"WebSite\",\"@id\":\"https:\\\/\\\/greatoakswilm.org\\\/#website\",\"url\":\"https:\\\/\\\/greatoakswilm.org\\\/\",\"name\":\"Great Oaks Wilmington\",\"description\":\"Great Oaks grow from little acorns\",\"potentialAction\":[{\"@type\":\"SearchAction\",\"target\":{\"@type\":\"EntryPoint\",\"urlTemplate\":\"https:\\\/\\\/greatoakswilm.org\\\/?s={search_term_string}\"},\"query-input\":{\"@type\":\"PropertyValueSpecification\",\"valueRequired\":true,\"valueName\":\"search_term_string\"}}],\"inLanguage\":\"es\"}]}<\/script>\n<!-- \/ Yoast SEO plugin. -->","yoast_head_json":{"title":"Clubes y deportes - Great Oaks Charter School Wilmington, Delaware","description":"Great Oaks Wilmington ofrece una variedad de actividades extracurriculares para alentar a los estudiantes a expresarse de manera creativa y resuelta.","robots":{"index":"index","follow":"follow","max-snippet":"max-snippet:-1","max-image-preview":"max-image-preview:large","max-video-preview":"max-video-preview:-1"},"canonical":"https:\/\/greatoakswilm.org\/es\/club-and-sports\/","og_locale":"es_MX","og_type":"article","og_title":"Clubs and Sports - Great Oaks Charter School Wilmington, Delaware","og_description":"Great Oaks Wilmington offers a variety of extracurricular activities to encourage scholars to express themselves creatively and purposefully.","og_url":"https:\/\/greatoakswilm.org\/es\/club-and-sports\/","og_site_name":"Great Oaks Wilmington","article_modified_time":"2026-04-22T15:53:15+00:00","twitter_card":"summary_large_image","twitter_misc":{"Tiempo de lectura":"2 minutos"},"schema":{"@context":"https:\/\/schema.org","@graph":[{"@type":"WebPage","@id":"https:\/\/greatoakswilm.org\/club-and-sports\/","url":"https:\/\/greatoakswilm.org\/club-and-sports\/","name":"Clubes y deportes - Great Oaks Charter School Wilmington, Delaware","isPartOf":{"@id":"https:\/\/greatoakswilm.org\/#website"},"primaryImageOfPage":{"@id":"https:\/\/greatoakswilm.org\/club-and-sports\/#primaryimage"},"image":{"@id":"https:\/\/greatoakswilm.org\/club-and-sports\/#primaryimage"},"thumbnailUrl":"http:\/\/greatoakswilm.org\/wp-content\/uploads\/2020\/10\/greatoaks-logo-branding.svg","datePublished":"2020-11-12T13:57:54+00:00","dateModified":"2026-04-22T15:53:15+00:00","description":"Great Oaks Wilmington ofrece una variedad de actividades extracurriculares para alentar a los estudiantes a expresarse de manera creativa y resuelta.","breadcrumb":{"@id":"https:\/\/greatoakswilm.org\/club-and-sports\/#breadcrumb"},"inLanguage":"es","potentialAction":[{"@type":"ReadAction","target":["https:\/\/greatoakswilm.org\/club-and-sports\/"]}]},{"@type":"ImageObject","inLanguage":"es","@id":"https:\/\/greatoakswilm.org\/club-and-sports\/#primaryimage","url":"http:\/\/greatoakswilm.org\/wp-content\/uploads\/2020\/10\/greatoaks-logo-branding.svg","contentUrl":"http:\/\/greatoakswilm.org\/wp-content\/uploads\/2020\/10\/greatoaks-logo-branding.svg"},{"@type":"BreadcrumbList","@id":"https:\/\/greatoakswilm.org\/club-and-sports\/#breadcrumb","itemListElement":[{"@type":"ListItem","position":1,"name":"Home","item":"https:\/\/greatoakswilm.org\/"},{"@type":"ListItem","position":2,"name":"Extracurricular Offerings"}]},{"@type":"WebSite","@id":"https:\/\/greatoakswilm.org\/#website","url":"https:\/\/greatoakswilm.org\/","name":"Great Oaks Wilmington","description":"Grandes robles crecen de peque\u00f1as bellotas","potentialAction":[{"@type":"SearchAction","target":{"@type":"EntryPoint","urlTemplate":"https:\/\/greatoakswilm.org\/?s={search_term_string}"},"query-input":{"@type":"PropertyValueSpecification","valueRequired":true,"valueName":"search_term_string"}}],"inLanguage":"es"}]}},"_links":{"self":[{"href":"https:\/\/greatoakswilm.org\/es\/wp-json\/wp\/v2\/pages\/1078","targetHints":{"allow":["GET"]}}],"collection":[{"href":"https:\/\/greatoakswilm.org\/es\/wp-json\/wp\/v2\/pages"}],"about":[{"href":"https:\/\/greatoakswilm.org\/es\/wp-json\/wp\/v2\/types\/page"}],"author":[{"embeddable":true,"href":"https:\/\/greatoakswilm.org\/es\/wp-json\/wp\/v2\/users\/1"}],"replies":[{"embeddable":true,"href":"https:\/\/greatoakswilm.org\/es\/wp-json\/wp\/v2\/comments?post=1078"}],"version-history":[{"count":17,"href":"https:\/\/greatoakswilm.org\/es\/wp-json\/wp\/v2\/pages\/1078\/revisions"}],"predecessor-version":[{"id":6647,"href":"https:\/\/greatoakswilm.org\/es\/wp-json\/wp\/v2\/pages\/1078\/revisions\/6647"}],"wp:attachment":[{"href":"https:\/\/greatoakswilm.org\/es\/wp-json\/wp\/v2\/media?parent=1078"}],"curies":[{"name":"wp","href":"https:\/\/api.w.org\/{rel}","templated":true}]}}