{"id":1115,"date":"2020-11-13T11:35:08","date_gmt":"2020-11-13T16:35:08","guid":{"rendered":"http:\/\/firstascentstaging.com\/greatoaks2020\/?page_id=1115"},"modified":"2023-09-18T12:50:44","modified_gmt":"2023-09-18T16:50:44","slug":"get-involved","status":"publish","type":"page","link":"https:\/\/greatoakswilm.org\/es\/get-involved\/","title":{"rendered":"Involucrarse"},"content":{"rendered":"<section id=\"super-header-block_be1a04f9e9e898657073df4267b0a62b\" class=\"block-super-header alignfull\">\n\t<div class=\"block-super-header__container\">\n\t\t<div class=\"block-super-header__banner is-simple\" style=\"background-image:url( https:\/\/greatoakswilm.org\/wp-content\/uploads\/2020\/11\/go-wilmington-bellyfire-productions-6100_31511114318_o.jpg ); background-position: center center;\">\n\t\t\t<div class=\"max-width-row\">\n\t\t\t\t<div class=\"block-super-header__banner-content\">\n\t\t\t\t\t<h1>Involucrarse<\/h1>\n\t\t\t\t<\/div>\n\t\t\t<\/div>\n\t\t<\/div>\n\t<\/div>\n<\/section>\n\n\n\n<div style=\"height:100px\" aria-hidden=\"true\" class=\"wp-block-spacer\"><\/div>\n\n\n<div class=\"wp-block-image\"><div class=\"wp-block-image-container\">\n<figure class=\"aligncenter size-large is-resized\"><img decoding=\"async\" src=\"http:\/\/greatoakswilm.org\/wp-content\/uploads\/2020\/10\/greatoaks-logo-branding.svg\" alt=\"\" class=\"wp-image-741\" style=\"width:86px;height:75px\" width=\"86\" height=\"75\"\/><\/figure>\n<\/div><\/div>\n\n<div class=\"wp-block-heading\">\n<h2 class=\"wp-block-heading has-text-align-center has-navy-color has-text-color\">Por qu\u00e9 deber\u00eda apoyar a Great Oaks<\/h2>\n<\/div>\n\n<div class=\"wp-block-paragraph\">\n<p>Somos un orgulloso partidario de las comunidades que rodean el \u00e1rea de Wilmington. Trabajamos arduamente para brindarles a nuestros estudiantes la mejor educaci\u00f3n posible, y su apoyo podr\u00eda hacer maravillas. En el pasado, usamos donaciones para contratar m\u00e1s mentores para nuestros estudiantes, acceder a m\u00e1s recursos y tecnolog\u00eda y mejorar nuestras instalaciones. Hemos utilizado asociaciones con empresas locales y ex jugadores de la NBA para brindarles a nuestros estudiantes una experiencia educativa diversa y prepararlos para un futuro exitoso. No hay l\u00edmite para el impacto que nuestros voluntarios, socios y donantes pueden tener en nuestros estudiantes y nuestra comunidad.<\/p>\n<\/div>\n\n\n<div style=\"height:40px\" aria-hidden=\"true\" class=\"wp-block-spacer\"><\/div>\n\n\n\n<hr class=\"wp-block-separator has-text-color has-blue-color has-css-opacity has-blue-background-color has-background is-style-wide\"\/>\n\n\n\n<div style=\"height:40px\" aria-hidden=\"true\" class=\"wp-block-spacer\"><\/div>\n\n\n\n<section id=\"media-box-textured-block_ca7312c904ac9b771ed424336feb59d4\" class=\"block-media-box-textured alignfull\">\n\t<div class=\"block-media-box-textured__container\">\n\t\t<div class=\"max-width-row\">\n\t\t\t<div class=\"row\">\n\t\t\t\t<div class=\"col-12 col-lg-5\">\n\t\t\t\t\t\t\t\t\t\t\t<div class=\"block-media-box-textured__image\">\n\t\t\t\t\t\t\t<img decoding=\"async\" src=\"https:\/\/greatoakswilm.org\/wp-content\/uploads\/2020\/11\/go-wilmington-bellyfire-productions-4309_30446415527_o.jpg\" alt=\"Vaya Wilmington Bellyfire Productions 4309 30446415527 O\">\n\t\t\t\t\t\t<\/div>\n\t\t\t\t\t\t\t\t\t<\/div>\n\t\t\t\t<div class=\"col-12 col-lg-7\">\n\t\t\t\t\t<div class=\"block-media-box-textured__body\">\n\n\t\t\t\t\t\t\t\t\t\t\t\t\t<img decoding=\"async\" src=\"https:\/\/greatoakswilm.org\/wp-content\/uploads\/2020\/10\/greatoaks-logo-branding.svg\"\n\t\t\t\t\t\t\t\talt=\"\"\n\t\t\t\t\t\t\t\tclass=\"img-svg logo-branding\" \/>\n\t\t\t\t\t\t\n\t\t\t\t\t\t\t\t\t\t\t\t\t<h2 class=\"block-media-box-textured__title\">\n\t\t\t\t\t\t\t\tOportunidades para voluntarios\t\t\t\t\t\t\t<\/h2>\n\t\t\t\t\t\t\n\t\t\t\t\t\t\t\t\t\t\t\t\t<div class=\"block-media-box-textured__content\">\n\t\t\t\t\t\t\t\t<p>Contamos con Oportunidades de Voluntariado en:<\/p>\n<ul>\n<li>Estudiantes de tutor\u00eda<\/li>\n<li>Brindar apoyo acad\u00e9mico a los estudiantes<\/li>\n<li>Brindar oportunidades de exposici\u00f3n profesional a los estudiantes.<\/li>\n<li>Ayudar a los profesores que podr\u00edan utilizar una mano en el mundo virtual \/ h\u00edbrido<\/li>\n<li>Sirviendo como un superh\u00e9roe de COVID que ayuda de varias maneras: entregar bienes, ayudar con llamadas telef\u00f3nicas, ayudar con la asistencia, ayudar con el cumplimiento de la higiene, etc.<\/li>\n<li>Marketing \/ Promociones<\/li>\n<li>Reclutamiento<\/li>\n<li>Recaudaci\u00f3n de fondos<\/li>\n<li>Identificar y facilitar nuevas oportunidades para CONSTRUIR PUENTES para nuestros estudiantes y comunidad.<\/li>\n<li>Dar la bienvenida a nuevas familias y socios a Great Oaks<\/li>\n<\/ul>\n         <a class=\"btn btn-cta\" href=\"https:\/\/greatoakswilm.org\/es\/contact\/\" target=\"_self\">\n             <span class=\"button-inner\">\n                 CONT\u00c1CTENOS             <\/span>\n         <\/a>\n     \n\t\t\t\t\t\t\t<\/div>\n\t\t\t\t\t\t\n\t\t\t\t\t<\/div>\n\t\t\t\t<\/div>\n\t\t\t<\/div>\n\t\t<\/div>\n\t<\/div>\n<\/section>\n\n\n\n<section id=\"media-box-textured-block_5541e382df412d20b5d0a8f191e99cf6\" class=\"block-media-box-textured alignfull\">\n\t<div class=\"block-media-box-textured__container\">\n\t\t<div class=\"max-width-row\">\n\t\t\t<div class=\"row\">\n\t\t\t\t<div class=\"col-12 col-lg-5\">\n\t\t\t\t\t\t\t\t\t\t\t<div class=\"block-media-box-textured__image\">\n\t\t\t\t\t\t\t<img decoding=\"async\" src=\"https:\/\/greatoakswilm.org\/wp-content\/uploads\/2020\/12\/IMG_1030-scaled.jpg\" alt=\"IMG_1030\">\n\t\t\t\t\t\t<\/div>\n\t\t\t\t\t\t\t\t\t<\/div>\n\t\t\t\t<div class=\"col-12 col-lg-7\">\n\t\t\t\t\t<div class=\"block-media-box-textured__body\">\n\n\t\t\t\t\t\t\t\t\t\t\t\t\t<img decoding=\"async\" src=\"https:\/\/greatoakswilm.org\/wp-content\/uploads\/2020\/10\/greatoaks-logo-branding.svg\"\n\t\t\t\t\t\t\t\talt=\"\"\n\t\t\t\t\t\t\t\tclass=\"img-svg logo-branding\" \/>\n\t\t\t\t\t\t\n\t\t\t\t\t\t\t\t\t\t\t\t\t<h2 class=\"block-media-box-textured__title\">\n\t\t\t\t\t\t\t\tLos miembros de Americorps sirven aqu\u00ed\t\t\t\t\t\t\t<\/h2>\n\t\t\t\t\t\t\n\t\t\t\t\t\t\t\t\t\t\t\t\t<div class=\"block-media-box-textured__content\">\n\t\t\t\t\t\t\t\t<p>Estamos orgullosos de albergar un cuerpo de miembros de AmeriCorps, completando un a\u00f1o de servicio como parte de nuestros becarios de educaci\u00f3n. Muchas de estas personas a menudo permanecen en las mismas ciudades donde trabajan despu\u00e9s de su a\u00f1o de servicio, lo que impacta positivamente en nuestras escuelas y comunidades en los pr\u00f3ximos a\u00f1os.<\/p>\n         <a class=\"btn btn-cta\" href=\"https:\/\/greatoakswilm.org\/es\/americorps-fellows\/\" target=\"_self\">\n             <span class=\"button-inner\">\n                 Aprende m\u00e1s             <\/span>\n         <\/a>\n     \n\t\t\t\t\t\t\t<\/div>\n\t\t\t\t\t\t\n\t\t\t\t\t<\/div>\n\t\t\t\t<\/div>\n\t\t\t<\/div>\n\t\t<\/div>\n\t<\/div>\n<\/section>\n\n\n\n<section id=\"media-box-textured-block_80ba89bd6cdd8a3e4263856ce147da93\" class=\"block-media-box-textured alignfull\">\n\t<div class=\"block-media-box-textured__container\">\n\t\t<div class=\"max-width-row\">\n\t\t\t<div class=\"row\">\n\t\t\t\t<div class=\"col-12 col-lg-5\">\n\t\t\t\t\t\t\t\t\t\t\t<div class=\"block-media-box-textured__image\">\n\t\t\t\t\t\t\t<img decoding=\"async\" src=\"https:\/\/greatoakswilm.org\/wp-content\/uploads\/2020\/11\/go-wilmington-bellyfire-productions-4617_30446387027_o.jpg\" alt=\"Vaya Wilmington Bellyfire Productions 4617 30446387027 O\">\n\t\t\t\t\t\t<\/div>\n\t\t\t\t\t\t\t\t\t<\/div>\n\t\t\t\t<div class=\"col-12 col-lg-7\">\n\t\t\t\t\t<div class=\"block-media-box-textured__body\">\n\n\t\t\t\t\t\t\t\t\t\t\t\t\t<img decoding=\"async\" src=\"https:\/\/greatoakswilm.org\/wp-content\/uploads\/2020\/10\/greatoaks-logo-branding.svg\"\n\t\t\t\t\t\t\t\talt=\"\"\n\t\t\t\t\t\t\t\tclass=\"img-svg logo-branding\" \/>\n\t\t\t\t\t\t\n\t\t\t\t\t\t\t\t\t\t\t\t\t<h2 class=\"block-media-box-textured__title\">\n\t\t\t\t\t\t\t\tOportunidades de asociaci\u00f3n\t\t\t\t\t\t\t<\/h2>\n\t\t\t\t\t\t\n\t\t\t\t\t\t\t\t\t\t\t\t\t<div class=\"block-media-box-textured__content\">\n\t\t\t\t\t\t\t\t<p>Tenemos oportunidades de asociaci\u00f3n en:<\/p>\n<ul>\n<li>Estudiantes de tutor\u00eda<\/li>\n<li>Brindar apoyo acad\u00e9mico a los estudiantes<\/li>\n<li>Brindar oportunidades de exposici\u00f3n profesional a los estudiantes.<\/li>\n<li>Ayudar a los profesores que podr\u00edan utilizar una mano en el mundo virtual \/ h\u00edbrido<\/li>\n<li>Sirviendo como un superh\u00e9roe de COVID que ayuda de varias maneras: entregar bienes, ayudar con llamadas telef\u00f3nicas, ayudar con la asistencia, ayudar con el cumplimiento de la higiene, etc.<\/li>\n<li>Programaci\u00f3n fuera de la escuela que sea significativa y enriquecedora<\/li>\n<li>Salud socioemocional y conductual<\/li>\n<li>Programaci\u00f3n que se centra intencionalmente en el \u00e1rea de Greater Wilmington<\/li>\n<li>Desarrollo de talento.<\/li>\n<\/ul>\n         <a class=\"btn btn-cta\" href=\"https:\/\/greatoakswilm.org\/es\/contact\/\" target=\"_self\">\n             <span class=\"button-inner\">\n                 CONT\u00c1CTENOS             <\/span>\n         <\/a>\n     \n\t\t\t\t\t\t\t<\/div>\n\t\t\t\t\t\t\n\t\t\t\t\t<\/div>\n\t\t\t\t<\/div>\n\t\t\t<\/div>\n\t\t<\/div>\n\t<\/div>\n<\/section>\n\n\n\n<section id=\"media-box-textured-block_3a3da9dd80fff5f421a66e451501d61c\" class=\"block-media-box-textured alignfull\">\n\t<div class=\"block-media-box-textured__container\">\n\t\t<div class=\"max-width-row\">\n\t\t\t<div class=\"row\">\n\t\t\t\t<div class=\"col-12 col-lg-5\">\n\t\t\t\t\t\t\t\t\t\t\t<div class=\"block-media-box-textured__image\">\n\t\t\t\t\t\t\t<img decoding=\"async\" src=\"https:\/\/greatoakswilm.org\/wp-content\/uploads\/2020\/11\/go-wilmington-bellyfire-productions-5712_45335575722_o.jpg\" alt=\"Vaya Wilmington Bellyfire Productions 5712 45335575722 O\">\n\t\t\t\t\t\t<\/div>\n\t\t\t\t\t\t\t\t\t<\/div>\n\t\t\t\t<div class=\"col-12 col-lg-7\">\n\t\t\t\t\t<div class=\"block-media-box-textured__body\">\n\n\t\t\t\t\t\t\t\t\t\t\t\t\t<img decoding=\"async\" src=\"https:\/\/greatoakswilm.org\/wp-content\/uploads\/2020\/10\/greatoaks-logo-branding.svg\"\n\t\t\t\t\t\t\t\talt=\"\"\n\t\t\t\t\t\t\t\tclass=\"img-svg logo-branding\" \/>\n\t\t\t\t\t\t\n\t\t\t\t\t\t\t\t\t\t\t\t\t<h2 class=\"block-media-box-textured__title\">\n\t\t\t\t\t\t\t\tOportunidades de donaci\u00f3n\t\t\t\t\t\t\t<\/h2>\n\t\t\t\t\t\t\n\t\t\t\t\t\t\t\t\t\t\t\t\t<div class=\"block-media-box-textured__content\">\n\t\t\t\t\t\t\t\t<p>Las donaciones se utilizan para una variedad de necesidades, como:<\/p>\n<ul>\n<li>Tecnolog\u00eda<\/li>\n<li>Suministros acad\u00e9micos<\/li>\n<li>Soportes COVID<\/li>\n<li>Asesoramiento<\/li>\n<li>Clima y cultura<\/li>\n<li>Comunicaciones<\/li>\n<li>Reclutamiento<\/li>\n<li>Recaudaci\u00f3n de fondos<\/li>\n<li>Identificar y facilitar nuevas oportunidades para CONSTRUIR PUENTES para nuestros estudiantes y comunidad.<\/li>\n<li>Dar la bienvenida a nuevas familias y socios a Great Oaks<\/li>\n<\/ul>\n         <a class=\"btn btn-cta\" href=\"https:\/\/greatoakswilm.org\/es\/contact\/\" target=\"_self\">\n             <span class=\"button-inner\">\n                 CONT\u00c1CTENOS             <\/span>\n         <\/a>\n     \n\t\t\t\t\t\t\t<\/div>\n\t\t\t\t\t\t\n\t\t\t\t\t<\/div>\n\t\t\t\t<\/div>\n\t\t\t<\/div>\n\t\t<\/div>\n\t<\/div>\n<\/section>\n\n\n\n<div style=\"height:100px\" aria-hidden=\"true\" class=\"wp-block-spacer\"><\/div>\n\n\n\n<div class=\"wp-block-cover alignfull is-style-big-headline-hero\"><span aria-hidden=\"true\" class=\"wp-block-cover__background has-navy-background-color has-background-dim-80 has-background-dim\"><\/span><img decoding=\"async\" width=\"2560\" height=\"1446\" class=\"wp-block-cover__image-background wp-image-1865\" alt=\"\" src=\"http:\/\/greatoakswilm.org\/wp-content\/uploads\/2020\/12\/go-wilmington-bellyfire-productions-6020_45335526412_o-scaled-e1608209803486.jpg\" data-object-fit=\"cover\" srcset=\"https:\/\/greatoakswilm.org\/wp-content\/uploads\/2020\/12\/go-wilmington-bellyfire-productions-6020_45335526412_o-scaled-e1608209803486.jpg 2560w, https:\/\/greatoakswilm.org\/wp-content\/uploads\/2020\/12\/go-wilmington-bellyfire-productions-6020_45335526412_o-scaled-e1608209803486-300x169.jpg 300w, https:\/\/greatoakswilm.org\/wp-content\/uploads\/2020\/12\/go-wilmington-bellyfire-productions-6020_45335526412_o-scaled-e1608209803486-1024x578.jpg 1024w, https:\/\/greatoakswilm.org\/wp-content\/uploads\/2020\/12\/go-wilmington-bellyfire-productions-6020_45335526412_o-scaled-e1608209803486-768x434.jpg 768w, https:\/\/greatoakswilm.org\/wp-content\/uploads\/2020\/12\/go-wilmington-bellyfire-productions-6020_45335526412_o-scaled-e1608209803486-1536x868.jpg 1536w, https:\/\/greatoakswilm.org\/wp-content\/uploads\/2020\/12\/go-wilmington-bellyfire-productions-6020_45335526412_o-scaled-e1608209803486-2048x1157.jpg 2048w, https:\/\/greatoakswilm.org\/wp-content\/uploads\/2020\/12\/go-wilmington-bellyfire-productions-6020_45335526412_o-scaled-e1608209803486-16x9.jpg 16w\" sizes=\"(max-width: 2560px) 100vw, 2560px\" \/><div class=\"wp-block-cover__inner-container is-layout-flow wp-block-cover-is-layout-flow\"><div class=\"wp-block-heading\">\n<h2 class=\"wp-block-heading\">Mantente en contacto con nosotros<\/h2>\n<\/div>\n\n<div class=\"wp-block-paragraph\">\n<p style=\"font-size:18px\">\u00a1Suscr\u00edbase a nuestro bolet\u00edn!<\/p>\n<\/div>\n\n\n\n<div class=\"wp-block-paragraph\">\n<p><\/p>\n<\/div><\/div><\/div>","protected":false},"excerpt":{"rendered":"<p>Why You Should Support Great Oaks We are a proud supporter of the communities surrounding the Wilmington area. We work hard to give our students the best education we can, [&hellip;]<\/p>\n","protected":false},"author":1,"featured_media":0,"parent":0,"menu_order":11,"comment_status":"closed","ping_status":"closed","template":"","meta":{"_acf_changed":false,"_editorskit_title_hidden":false,"_editorskit_reading_time":1,"_editorskit_is_block_options_detached":false,"_editorskit_block_options_position":"{}","_monsterinsights_skip_tracking":false,"_monsterinsights_sitenote_active":false,"_monsterinsights_sitenote_note":"","_monsterinsights_sitenote_category":0,"footnotes":""},"class_list":["post-1115","page","type-page","status-publish","hentry"],"acf":[],"yoast_head":"<!-- This site is optimized with the Yoast SEO plugin v27.4 - https:\/\/yoast.com\/product\/yoast-seo-wordpress\/ -->\n<title>Get Involved and Support Us - Great Oaks Charter School Wilmington<\/title>\n<meta name=\"description\" content=\"Great Oaks Charter School Wilmington strives to provide our students with the best education, and your support can work wonders. Support our school today!\" \/>\n<meta name=\"robots\" content=\"index, follow, max-snippet:-1, max-image-preview:large, max-video-preview:-1\" \/>\n<link rel=\"canonical\" href=\"https:\/\/greatoakswilm.org\/es\/get-involved\/\" \/>\n<meta property=\"og:locale\" content=\"es_MX\" \/>\n<meta property=\"og:type\" content=\"article\" \/>\n<meta property=\"og:title\" content=\"Get Involved and Support Us - Great Oaks Charter School Wilmington\" \/>\n<meta property=\"og:description\" content=\"Great Oaks Charter School Wilmington strives to provide our students with the best education, and your support can work wonders. Support our school today!\" \/>\n<meta property=\"og:url\" content=\"https:\/\/greatoakswilm.org\/es\/get-involved\/\" \/>\n<meta property=\"og:site_name\" content=\"Great Oaks Wilmington\" \/>\n<meta property=\"article:modified_time\" content=\"2023-09-18T16:50:44+00:00\" \/>\n<meta property=\"og:image\" content=\"http:\/\/greatoakswilm.org\/wp-content\/uploads\/2020\/10\/greatoaks-logo-branding.svg\" \/>\n<meta name=\"twitter:card\" content=\"summary_large_image\" \/>\n<meta name=\"twitter:label1\" content=\"Tiempo de lectura\" \/>\n\t<meta name=\"twitter:data1\" content=\"1 minuto\" \/>\n<script type=\"application\/ld+json\" class=\"yoast-schema-graph\">{\"@context\":\"https:\\\/\\\/schema.org\",\"@graph\":[{\"@type\":\"WebPage\",\"@id\":\"https:\\\/\\\/greatoakswilm.org\\\/get-involved\\\/\",\"url\":\"https:\\\/\\\/greatoakswilm.org\\\/get-involved\\\/\",\"name\":\"Get Involved and Support Us - Great Oaks Charter School Wilmington\",\"isPartOf\":{\"@id\":\"https:\\\/\\\/greatoakswilm.org\\\/#website\"},\"primaryImageOfPage\":{\"@id\":\"https:\\\/\\\/greatoakswilm.org\\\/get-involved\\\/#primaryimage\"},\"image\":{\"@id\":\"https:\\\/\\\/greatoakswilm.org\\\/get-involved\\\/#primaryimage\"},\"thumbnailUrl\":\"http:\\\/\\\/greatoakswilm.org\\\/wp-content\\\/uploads\\\/2020\\\/10\\\/greatoaks-logo-branding.svg\",\"datePublished\":\"2020-11-13T16:35:08+00:00\",\"dateModified\":\"2023-09-18T16:50:44+00:00\",\"description\":\"Great Oaks Charter School Wilmington strives to provide our students with the best education, and your support can work wonders. Support our school today!\",\"breadcrumb\":{\"@id\":\"https:\\\/\\\/greatoakswilm.org\\\/get-involved\\\/#breadcrumb\"},\"inLanguage\":\"es\",\"potentialAction\":[{\"@type\":\"ReadAction\",\"target\":[\"https:\\\/\\\/greatoakswilm.org\\\/get-involved\\\/\"]}]},{\"@type\":\"ImageObject\",\"inLanguage\":\"es\",\"@id\":\"https:\\\/\\\/greatoakswilm.org\\\/get-involved\\\/#primaryimage\",\"url\":\"http:\\\/\\\/greatoakswilm.org\\\/wp-content\\\/uploads\\\/2020\\\/10\\\/greatoaks-logo-branding.svg\",\"contentUrl\":\"http:\\\/\\\/greatoakswilm.org\\\/wp-content\\\/uploads\\\/2020\\\/10\\\/greatoaks-logo-branding.svg\"},{\"@type\":\"BreadcrumbList\",\"@id\":\"https:\\\/\\\/greatoakswilm.org\\\/get-involved\\\/#breadcrumb\",\"itemListElement\":[{\"@type\":\"ListItem\",\"position\":1,\"name\":\"Home\",\"item\":\"https:\\\/\\\/greatoakswilm.org\\\/\"},{\"@type\":\"ListItem\",\"position\":2,\"name\":\"Get Involved\"}]},{\"@type\":\"WebSite\",\"@id\":\"https:\\\/\\\/greatoakswilm.org\\\/#website\",\"url\":\"https:\\\/\\\/greatoakswilm.org\\\/\",\"name\":\"Great Oaks Wilmington\",\"description\":\"Great Oaks grow from little acorns\",\"potentialAction\":[{\"@type\":\"SearchAction\",\"target\":{\"@type\":\"EntryPoint\",\"urlTemplate\":\"https:\\\/\\\/greatoakswilm.org\\\/?s={search_term_string}\"},\"query-input\":{\"@type\":\"PropertyValueSpecification\",\"valueRequired\":true,\"valueName\":\"search_term_string\"}}],\"inLanguage\":\"es\"}]}<\/script>\n<!-- \/ Yoast SEO plugin. -->","yoast_head_json":{"title":"Participe y ap\u00f3yenos - Great Oaks Charter School Wilmington","description":"Great Oaks Charter School Wilmington se esfuerza por brindarles a nuestros estudiantes la mejor educaci\u00f3n y su apoyo puede hacer maravillas. \u00a1Apoye nuestra escuela hoy!","robots":{"index":"index","follow":"follow","max-snippet":"max-snippet:-1","max-image-preview":"max-image-preview:large","max-video-preview":"max-video-preview:-1"},"canonical":"https:\/\/greatoakswilm.org\/es\/get-involved\/","og_locale":"es_MX","og_type":"article","og_title":"Get Involved and Support Us - Great Oaks Charter School Wilmington","og_description":"Great Oaks Charter School Wilmington strives to provide our students with the best education, and your support can work wonders. Support our school today!","og_url":"https:\/\/greatoakswilm.org\/es\/get-involved\/","og_site_name":"Great Oaks Wilmington","article_modified_time":"2023-09-18T16:50:44+00:00","og_image":[{"url":"http:\/\/greatoakswilm.org\/wp-content\/uploads\/2020\/10\/greatoaks-logo-branding.svg","type":"","width":"","height":""}],"twitter_card":"summary_large_image","twitter_misc":{"Tiempo de lectura":"1 minuto"},"schema":{"@context":"https:\/\/schema.org","@graph":[{"@type":"WebPage","@id":"https:\/\/greatoakswilm.org\/get-involved\/","url":"https:\/\/greatoakswilm.org\/get-involved\/","name":"Participe y ap\u00f3yenos - Great Oaks Charter School Wilmington","isPartOf":{"@id":"https:\/\/greatoakswilm.org\/#website"},"primaryImageOfPage":{"@id":"https:\/\/greatoakswilm.org\/get-involved\/#primaryimage"},"image":{"@id":"https:\/\/greatoakswilm.org\/get-involved\/#primaryimage"},"thumbnailUrl":"http:\/\/greatoakswilm.org\/wp-content\/uploads\/2020\/10\/greatoaks-logo-branding.svg","datePublished":"2020-11-13T16:35:08+00:00","dateModified":"2023-09-18T16:50:44+00:00","description":"Great Oaks Charter School Wilmington se esfuerza por brindarles a nuestros estudiantes la mejor educaci\u00f3n y su apoyo puede hacer maravillas. \u00a1Apoye nuestra escuela hoy!","breadcrumb":{"@id":"https:\/\/greatoakswilm.org\/get-involved\/#breadcrumb"},"inLanguage":"es","potentialAction":[{"@type":"ReadAction","target":["https:\/\/greatoakswilm.org\/get-involved\/"]}]},{"@type":"ImageObject","inLanguage":"es","@id":"https:\/\/greatoakswilm.org\/get-involved\/#primaryimage","url":"http:\/\/greatoakswilm.org\/wp-content\/uploads\/2020\/10\/greatoaks-logo-branding.svg","contentUrl":"http:\/\/greatoakswilm.org\/wp-content\/uploads\/2020\/10\/greatoaks-logo-branding.svg"},{"@type":"BreadcrumbList","@id":"https:\/\/greatoakswilm.org\/get-involved\/#breadcrumb","itemListElement":[{"@type":"ListItem","position":1,"name":"Home","item":"https:\/\/greatoakswilm.org\/"},{"@type":"ListItem","position":2,"name":"Get Involved"}]},{"@type":"WebSite","@id":"https:\/\/greatoakswilm.org\/#website","url":"https:\/\/greatoakswilm.org\/","name":"Great Oaks Wilmington","description":"Grandes robles crecen de peque\u00f1as bellotas","potentialAction":[{"@type":"SearchAction","target":{"@type":"EntryPoint","urlTemplate":"https:\/\/greatoakswilm.org\/?s={search_term_string}"},"query-input":{"@type":"PropertyValueSpecification","valueRequired":true,"valueName":"search_term_string"}}],"inLanguage":"es"}]}},"_links":{"self":[{"href":"https:\/\/greatoakswilm.org\/es\/wp-json\/wp\/v2\/pages\/1115","targetHints":{"allow":["GET"]}}],"collection":[{"href":"https:\/\/greatoakswilm.org\/es\/wp-json\/wp\/v2\/pages"}],"about":[{"href":"https:\/\/greatoakswilm.org\/es\/wp-json\/wp\/v2\/types\/page"}],"author":[{"embeddable":true,"href":"https:\/\/greatoakswilm.org\/es\/wp-json\/wp\/v2\/users\/1"}],"replies":[{"embeddable":true,"href":"https:\/\/greatoakswilm.org\/es\/wp-json\/wp\/v2\/comments?post=1115"}],"version-history":[{"count":10,"href":"https:\/\/greatoakswilm.org\/es\/wp-json\/wp\/v2\/pages\/1115\/revisions"}],"predecessor-version":[{"id":4988,"href":"https:\/\/greatoakswilm.org\/es\/wp-json\/wp\/v2\/pages\/1115\/revisions\/4988"}],"wp:attachment":[{"href":"https:\/\/greatoakswilm.org\/es\/wp-json\/wp\/v2\/media?parent=1115"}],"curies":[{"name":"wp","href":"https:\/\/api.w.org\/{rel}","templated":true}]}}