{"id":1143,"date":"2020-11-17T08:14:08","date_gmt":"2020-11-17T13:14:08","guid":{"rendered":"http:\/\/firstascentstaging.com\/greatoaks2020\/?page_id=1143"},"modified":"2025-07-29T15:27:54","modified_gmt":"2025-07-29T19:27:54","slug":"careers","status":"publish","type":"page","link":"https:\/\/greatoakswilm.org\/es\/careers\/","title":{"rendered":"Carreras"},"content":{"rendered":"<section id=\"super-header-block_a797e3ec498807e762c80cf8c01813ff\" class=\"block-super-header alignfull\">\n\t<div class=\"block-super-header__container\">\n\t\t<div class=\"block-super-header__banner is-simple\" style=\"background-image:url( https:\/\/greatoakswilm.org\/wp-content\/uploads\/2020\/12\/IMG_5503-scaled.jpg ); background-position: center center;\">\n\t\t\t<div class=\"max-width-row\">\n\t\t\t\t<div class=\"block-super-header__banner-content\">\n\t\t\t\t\t<h1>Carreras<\/h1>\n\t\t\t\t<\/div>\n\t\t\t<\/div>\n\t\t<\/div>\n\t<\/div>\n<\/section>\n\n\n\n<div class=\"wp-block-group\"><div class=\"wp-block-group__inner-container is-layout-flow wp-block-group-is-layout-flow\">\n<div style=\"height:100px\" aria-hidden=\"true\" class=\"wp-block-spacer\"><\/div>\n\n\n<div class=\"wp-block-image\"><div class=\"wp-block-image-container\">\n<figure class=\"aligncenter size-large is-resized\"><img decoding=\"async\" src=\"http:\/\/greatoakswilm.org\/wp-content\/uploads\/2020\/10\/greatoaks-logo-branding.svg\" alt=\"\" class=\"wp-image-741\" style=\"width:86px;height:75px\" width=\"86\" height=\"75\"\/><\/figure>\n<\/div><\/div>\n\n<div class=\"wp-block-heading\">\n<h2 class=\"wp-block-heading has-text-align-center has-navy-color has-text-color\">Por qu\u00e9 deber\u00eda trabajar en Great Oaks<\/h2>\n<\/div>\n\n<div class=\"wp-block-paragraph\">\n<p>Nuestro personal es un grupo din\u00e1mico de personas apasionadas por su trabajo y el \u00e9xito de sus estudiantes. Tenemos grandes planes por delante y nos encantar\u00eda tener m\u00e1s miembros del equipo inspiradores que adopten nuestra misi\u00f3n. Si est\u00e1 interesado, consulte la lista de ofertas de trabajo a continuaci\u00f3n.<\/p>\n<\/div>\n\n\n<div style=\"height:20px\" aria-hidden=\"true\" class=\"wp-block-spacer\"><\/div>\n\n\n<div class=\"wp-block-heading\">\n<h3 class=\"wp-block-heading has-text-align-center\"><span style=\"color:#102c49\" class=\"tadv-color\">Nuestros valores fundamentales<\/span><\/h3>\n<\/div>\n\n<div class=\"wp-block-paragraph\">\n<p><strong>Los estudiantes primero<\/strong>&nbsp;- Nuestros estudiantes son la raz\u00f3n por la que existimos. Cada miembro del personal es responsable del \u00e9xito de nuestros estudiantes. El futuro de nuestros estudiantes est\u00e1 en juego: nunca nos damos por vencidos. Todas nuestras decisiones y acciones se centran en los estudiantes.<\/p>\n<\/div>\n\n<div class=\"wp-block-paragraph\">\n<p><strong>Charla directa<\/strong>&nbsp;- Nos enfrentamos a la realidad, nos comunicamos de forma honesta y respetuosa, y nos hacemos responsables mutuamente.<\/p>\n<\/div>\n\n<div class=\"wp-block-paragraph\">\n<p><strong>Nosotros crecemos<\/strong>&nbsp;- Sabemos que no somos perfectos. Estamos abiertos a recibir comentarios, pedir ayuda y esforzarnos por desarrollarnos en nuestros roles para ser exitosos para nuestros estudiantes, familias y personal.<\/p>\n<\/div>\n\n<div class=\"wp-block-paragraph\">\n<p><strong>Excelencia modelo<\/strong>&nbsp;- Constantemente mantenemos las expectativas de toda la escuela. Todos los d\u00edas somos el centro de atenci\u00f3n y siempre modelamos la profesionalidad. Asumimos lo mejor y nos tratamos con respeto.<\/p>\n<\/div>\n\n<div class=\"wp-block-paragraph\">\n<p><strong>Un equipo<\/strong>&nbsp;- Estamos en esto juntos. Incluso cuando no estamos de acuerdo, nos apoyamos mutuamente para alcanzar nuestras metas y hacer lo mejor para nuestros estudiantes. Hacemos m\u00e1s con menos. Si no funciona, lo arreglamos. Encontramos un camino.<\/p>\n<\/div>\n\n<div class=\"wp-block-paragraph\">\n<p><strong>Alegr\u00eda y humor<\/strong>&nbsp;- Nos gusta divertirnos. Nos encanta re\u00edr. Creemos que una atm\u00f3sfera positiva nos ayuda a lograr m\u00e1s.<\/p>\n<\/div>\n\n<div class=\"wp-block-paragraph\">\n<p><\/p>\n<\/div>\n\n\n<div style=\"height:100px\" aria-hidden=\"true\" class=\"wp-block-spacer\"><\/div>\n<\/div><\/div>\n\n\n\n<section id=\"careers-archive-block_bd321e788c5f504b7ef0ec1a4580d52f\" class=\"block-careers-archive alignfull\">\n\t<div class=\"block-careers-archive__container\">\n\t\t<div class=\"max-width-row\">\n\t\t\t<div class=\"block-careers-archive__header\">\n\t\t\t\t<div class=\"block-careers-archive__filter\">\n\t\t\t\t\t<div class=\"form-group mb-0 filters-button-group\">\n\t\t\t\t\t\t<select name=\"\" class=\"form-control filters-select\">\n\t\t\t\t\t\t\t<option class=\"all\" value=\"*\">\n\t\t\t\t\t\t\t\tTodas\n\t\t\t\t\t\t\t<\/option>\n\t\t\t\t\t\t\t\t\t\t\t\t\t<\/select>\n\t\t\t\t\t<\/div>\n\t\t\t\t<\/div>\n\t\t\t\t<div class=\"block-careers-archive__heading text-center\">\n\t\t\t\t\t<img decoding=\"async\" src=\"https:\/\/greatoakswilm.org\/wp-content\/uploads\/2020\/10\/greatoaks-logo-branding.svg\" alt=\"https:\/\/greatoakswilm.org\/wp-content\/uploads\/2020\/10\/greatoaks-logo-branding.svg\" class=\"img-svg logo-branding\" \/>\n\t\t\t\t\t<h2 class=\"mb-0\">Actualmente estamos buscando:<\/h2>\n\t\t\t\t<\/div>\n\t\t\t\t<div class=\"block-careers-archive__view\">\n\t\t\t\t\t<button class=\"block-careers-archive__view--grid active\">\n\t\t\t\t\t\t<?xml version=\"1.0\" encoding=\"iso-8859-1\"?>\n<!-- Generator: Adobe Illustrator 19.0.0, SVG Export Plug-In . SVG Version: 6.00 Build 0)  -->\n<svg version=\"1.1\" id=\"Capa_1\" xmlns=\"http:\/\/www.w3.org\/2000\/svg\" xmlns:xlink=\"http:\/\/www.w3.org\/1999\/xlink\" x=\"0px\" y=\"0px\"\n\t viewbox=\"0 0 341.333 341.333\" style=\"enable-background:new 0 0 341.333 341.333;\" xml:space=\"preserve\">\n<g>\n\t<g>\n\t\t<g>\n\t\t\t<rect x=\"128\" y=\"128\" width=\"85.333\" height=\"85.333\"\/>\n\t\t\t<rect x=\"0\" y=\"0\" width=\"85.333\" height=\"85.333\"\/>\n\t\t\t<rect x=\"128\" y=\"256\" width=\"85.333\" height=\"85.333\"\/>\n\t\t\t<rect x=\"0\" y=\"128\" width=\"85.333\" height=\"85.333\"\/>\n\t\t\t<rect x=\"0\" y=\"256\" width=\"85.333\" height=\"85.333\"\/>\n\t\t\t<rect x=\"256\" y=\"0\" width=\"85.333\" height=\"85.333\"\/>\n\t\t\t<rect x=\"128\" y=\"0\" width=\"85.333\" height=\"85.333\"\/>\n\t\t\t<rect x=\"256\" y=\"128\" width=\"85.333\" height=\"85.333\"\/>\n\t\t\t<rect x=\"256\" y=\"256\" width=\"85.333\" height=\"85.333\"\/>\n\t\t<\/g>\n\t<\/g>\n<\/g>\n<g>\n<\/g>\n<g>\n<\/g>\n<g>\n<\/g>\n<g>\n<\/g>\n<g>\n<\/g>\n<g>\n<\/g>\n<g>\n<\/g>\n<g>\n<\/g>\n<g>\n<\/g>\n<g>\n<\/g>\n<g>\n<\/g>\n<g>\n<\/g>\n<g>\n<\/g>\n<g>\n<\/g>\n<g>\n<\/g>\n<\/svg>\n\t\t\t\t\t<\/button>\n\t\t\t\t\t<button class=\"block-careers-archive__view--list\">\n\t\t\t\t\t\t<?xml version=\"1.0\" encoding=\"iso-8859-1\"?>\n<!-- Generator: Adobe Illustrator 19.0.0, SVG Export Plug-In . SVG Version: 6.00 Build 0)  -->\n<svg version=\"1.1\" id=\"Capa_1\" xmlns=\"http:\/\/www.w3.org\/2000\/svg\" xmlns:xlink=\"http:\/\/www.w3.org\/1999\/xlink\" x=\"0px\" y=\"0px\"\n\t viewbox=\"0 0 394.667 394.667\" style=\"enable-background:new 0 0 394.667 394.667;\" xml:space=\"preserve\">\n<g>\n\t<g>\n\t\t<g>\n\t\t\t<path d=\"M32,37.333c-17.707,0-32,14.293-32,32s14.293,32,32,32s32-14.293,32-32S49.707,37.333,32,37.333z\"\/>\n\t\t\t<path d=\"M32,165.333c-17.707,0-32,14.293-32,32s14.293,32,32,32s32-14.293,32-32S49.707,165.333,32,165.333z\"\/>\n\t\t\t<path d=\"M32,293.333c-17.813,0-32,14.4-32,32c0,17.6,14.4,32,32,32c17.6,0,32-14.4,32-32C64,307.733,49.813,293.333,32,293.333z\"\n\t\t\t\t\/>\n\t\t\t<rect x=\"96\" y=\"304\" width=\"298.667\" height=\"42.667\"\/>\n\t\t\t<rect x=\"96\" y=\"48\" width=\"298.667\" height=\"42.667\"\/>\n\t\t\t<rect x=\"96\" y=\"176\" width=\"298.667\" height=\"42.667\"\/>\n\t\t<\/g>\n\t<\/g>\n<\/g>\n<g>\n<\/g>\n<g>\n<\/g>\n<g>\n<\/g>\n<g>\n<\/g>\n<g>\n<\/g>\n<g>\n<\/g>\n<g>\n<\/g>\n<g>\n<\/g>\n<g>\n<\/g>\n<g>\n<\/g>\n<g>\n<\/g>\n<g>\n<\/g>\n<g>\n<\/g>\n<g>\n<\/g>\n<g>\n<\/g>\n<\/svg>\n\t\t\t\t\t<\/button>\n\t\t\t\t<\/div>\n\t\t\t<\/div>\n\t\t\t\t\t<\/div>\n\t<\/div>\n<\/section>\n\n\n\n<div class=\"wp-block-cover alignfull is-style-big-headline-hero\"><span aria-hidden=\"true\" class=\"wp-block-cover__background has-navy-background-color has-background-dim-80 has-background-dim\"><\/span><img decoding=\"async\" width=\"2560\" height=\"1600\" class=\"wp-block-cover__image-background wp-image-1871\" src=\"http:\/\/greatoakswilm.org\/wp-content\/uploads\/2020\/12\/go-wilmington-bellyfire-productions-5458_43569744310_o-scaled.jpg\" data-object-fit=\"cover\" srcset=\"https:\/\/greatoakswilm.org\/wp-content\/uploads\/2020\/12\/go-wilmington-bellyfire-productions-5458_43569744310_o-scaled.jpg 2560w, https:\/\/greatoakswilm.org\/wp-content\/uploads\/2020\/12\/go-wilmington-bellyfire-productions-5458_43569744310_o-300x188.jpg 300w, https:\/\/greatoakswilm.org\/wp-content\/uploads\/2020\/12\/go-wilmington-bellyfire-productions-5458_43569744310_o-1024x640.jpg 1024w, https:\/\/greatoakswilm.org\/wp-content\/uploads\/2020\/12\/go-wilmington-bellyfire-productions-5458_43569744310_o-768x480.jpg 768w, https:\/\/greatoakswilm.org\/wp-content\/uploads\/2020\/12\/go-wilmington-bellyfire-productions-5458_43569744310_o-1536x960.jpg 1536w, https:\/\/greatoakswilm.org\/wp-content\/uploads\/2020\/12\/go-wilmington-bellyfire-productions-5458_43569744310_o-2048x1280.jpg 2048w, https:\/\/greatoakswilm.org\/wp-content\/uploads\/2020\/12\/go-wilmington-bellyfire-productions-5458_43569744310_o-16x10.jpg 16w\" sizes=\"(max-width: 2560px) 100vw, 2560px\" \/><div class=\"wp-block-cover__inner-container is-layout-flow wp-block-cover-is-layout-flow\"><div class=\"wp-block-heading\">\n<h2 class=\"wp-block-heading\">Tienes preguntas?<\/h2>\n<\/div>\n\n<div class=\"wp-block-paragraph\">\n<p>Para cualquier consulta o aclaraci\u00f3n, \u00a1no dude en contactarnos!<\/p>\n<\/div>\n\n\n<div class=\"wp-block-buttons is-layout-flex wp-block-buttons-is-layout-flex\">\n<div class=\"wp-block-button\"><a class=\"wp-block-button__link has-lightgray-color has-orange-background-color has-text-color has-background wp-element-button\" href=\"http:\/\/greatoakswilm.org\/es\/contact\/\">CONT\u00c1CTENOS<\/a><\/div>\n<\/div>\n<\/div><\/div>","protected":false},"excerpt":{"rendered":"<p>Why You Should Work at Great Oaks Our staff is a dynamic group of individuals who are passionate about their job and the success of their students. We have big [&hellip;]<\/p>\n","protected":false},"author":1,"featured_media":0,"parent":0,"menu_order":10,"comment_status":"closed","ping_status":"closed","template":"","meta":{"_acf_changed":false,"_editorskit_title_hidden":false,"_editorskit_reading_time":1,"_editorskit_is_block_options_detached":false,"_editorskit_block_options_position":"{}","_monsterinsights_skip_tracking":false,"_monsterinsights_sitenote_active":false,"_monsterinsights_sitenote_note":"","_monsterinsights_sitenote_category":0,"footnotes":""},"class_list":["post-1143","page","type-page","status-publish","hentry"],"acf":[],"yoast_head":"<!-- This site is optimized with the Yoast SEO plugin v27.2 - https:\/\/yoast.com\/product\/yoast-seo-wordpress\/ -->\n<title>Join Our Team - Great Oaks Charter School Wilmington, Delaware<\/title>\n<meta name=\"description\" content=\"Great Oaks Charter School loves to welcome inspiring team members who share our mission. Join our team now and help us build a brighter future for our students!\" \/>\n<meta name=\"robots\" content=\"index, follow, max-snippet:-1, max-image-preview:large, max-video-preview:-1\" \/>\n<link rel=\"canonical\" href=\"https:\/\/greatoakswilm.org\/es\/careers\/\" \/>\n<meta property=\"og:locale\" content=\"es_MX\" \/>\n<meta property=\"og:type\" content=\"article\" \/>\n<meta property=\"og:title\" content=\"Join Our Team - Great Oaks Charter School Wilmington, Delaware\" \/>\n<meta property=\"og:description\" content=\"Great Oaks Charter School loves to welcome inspiring team members who share our mission. Join our team now and help us build a brighter future for our students!\" \/>\n<meta property=\"og:url\" content=\"https:\/\/greatoakswilm.org\/es\/careers\/\" \/>\n<meta property=\"og:site_name\" content=\"Great Oaks Wilmington\" \/>\n<meta property=\"article:modified_time\" content=\"2025-07-29T19:27:54+00:00\" \/>\n<meta property=\"og:image\" content=\"http:\/\/greatoakswilm.org\/wp-content\/uploads\/2020\/10\/greatoaks-logo-branding.svg\" \/>\n<meta name=\"twitter:card\" content=\"summary_large_image\" \/>\n<meta name=\"twitter:label1\" content=\"Tiempo de lectura\" \/>\n\t<meta name=\"twitter:data1\" content=\"2 minutos\" \/>\n<script type=\"application\/ld+json\" class=\"yoast-schema-graph\">{\"@context\":\"https:\/\/schema.org\",\"@graph\":[{\"@type\":\"WebPage\",\"@id\":\"https:\/\/greatoakswilm.org\/careers\/\",\"url\":\"https:\/\/greatoakswilm.org\/careers\/\",\"name\":\"Join Our Team - Great Oaks Charter School Wilmington, Delaware\",\"isPartOf\":{\"@id\":\"https:\/\/greatoakswilm.org\/#website\"},\"primaryImageOfPage\":{\"@id\":\"https:\/\/greatoakswilm.org\/careers\/#primaryimage\"},\"image\":{\"@id\":\"https:\/\/greatoakswilm.org\/careers\/#primaryimage\"},\"thumbnailUrl\":\"http:\/\/greatoakswilm.org\/wp-content\/uploads\/2020\/10\/greatoaks-logo-branding.svg\",\"datePublished\":\"2020-11-17T13:14:08+00:00\",\"dateModified\":\"2025-07-29T19:27:54+00:00\",\"description\":\"Great Oaks Charter School loves to welcome inspiring team members who share our mission. Join our team now and help us build a brighter future for our students!\",\"breadcrumb\":{\"@id\":\"https:\/\/greatoakswilm.org\/careers\/#breadcrumb\"},\"inLanguage\":\"es\",\"potentialAction\":[{\"@type\":\"ReadAction\",\"target\":[\"https:\/\/greatoakswilm.org\/careers\/\"]}]},{\"@type\":\"ImageObject\",\"inLanguage\":\"es\",\"@id\":\"https:\/\/greatoakswilm.org\/careers\/#primaryimage\",\"url\":\"http:\/\/greatoakswilm.org\/wp-content\/uploads\/2020\/10\/greatoaks-logo-branding.svg\",\"contentUrl\":\"http:\/\/greatoakswilm.org\/wp-content\/uploads\/2020\/10\/greatoaks-logo-branding.svg\"},{\"@type\":\"BreadcrumbList\",\"@id\":\"https:\/\/greatoakswilm.org\/careers\/#breadcrumb\",\"itemListElement\":[{\"@type\":\"ListItem\",\"position\":1,\"name\":\"Home\",\"item\":\"https:\/\/greatoakswilm.org\/\"},{\"@type\":\"ListItem\",\"position\":2,\"name\":\"Careers\"}]},{\"@type\":\"WebSite\",\"@id\":\"https:\/\/greatoakswilm.org\/#website\",\"url\":\"https:\/\/greatoakswilm.org\/\",\"name\":\"Great Oaks Wilmington\",\"description\":\"Great Oaks grow from little acorns\",\"potentialAction\":[{\"@type\":\"SearchAction\",\"target\":{\"@type\":\"EntryPoint\",\"urlTemplate\":\"https:\/\/greatoakswilm.org\/?s={search_term_string}\"},\"query-input\":{\"@type\":\"PropertyValueSpecification\",\"valueRequired\":true,\"valueName\":\"search_term_string\"}}],\"inLanguage\":\"es\"}]}<\/script>\n<!-- \/ Yoast SEO plugin. -->","yoast_head_json":{"title":"\u00danase a nuestro equipo - Great Oaks Charter School Wilmington, Delaware","description":"A Great Oaks Charter School le encanta dar la bienvenida a miembros inspiradores del equipo que comparten nuestra misi\u00f3n. \u00a1\u00danase a nuestro equipo ahora y ay\u00fadenos a construir un futuro mejor para nuestros estudiantes!","robots":{"index":"index","follow":"follow","max-snippet":"max-snippet:-1","max-image-preview":"max-image-preview:large","max-video-preview":"max-video-preview:-1"},"canonical":"https:\/\/greatoakswilm.org\/es\/careers\/","og_locale":"es_MX","og_type":"article","og_title":"Join Our Team - Great Oaks Charter School Wilmington, Delaware","og_description":"Great Oaks Charter School loves to welcome inspiring team members who share our mission. Join our team now and help us build a brighter future for our students!","og_url":"https:\/\/greatoakswilm.org\/es\/careers\/","og_site_name":"Great Oaks Wilmington","article_modified_time":"2025-07-29T19:27:54+00:00","og_image":[{"url":"http:\/\/greatoakswilm.org\/wp-content\/uploads\/2020\/10\/greatoaks-logo-branding.svg","type":"","width":"","height":""}],"twitter_card":"summary_large_image","twitter_misc":{"Tiempo de lectura":"2 minutos"},"schema":{"@context":"https:\/\/schema.org","@graph":[{"@type":"WebPage","@id":"https:\/\/greatoakswilm.org\/careers\/","url":"https:\/\/greatoakswilm.org\/careers\/","name":"\u00danase a nuestro equipo - Great Oaks Charter School Wilmington, Delaware","isPartOf":{"@id":"https:\/\/greatoakswilm.org\/#website"},"primaryImageOfPage":{"@id":"https:\/\/greatoakswilm.org\/careers\/#primaryimage"},"image":{"@id":"https:\/\/greatoakswilm.org\/careers\/#primaryimage"},"thumbnailUrl":"http:\/\/greatoakswilm.org\/wp-content\/uploads\/2020\/10\/greatoaks-logo-branding.svg","datePublished":"2020-11-17T13:14:08+00:00","dateModified":"2025-07-29T19:27:54+00:00","description":"A Great Oaks Charter School le encanta dar la bienvenida a miembros inspiradores del equipo que comparten nuestra misi\u00f3n. \u00a1\u00danase a nuestro equipo ahora y ay\u00fadenos a construir un futuro mejor para nuestros estudiantes!","breadcrumb":{"@id":"https:\/\/greatoakswilm.org\/careers\/#breadcrumb"},"inLanguage":"es","potentialAction":[{"@type":"ReadAction","target":["https:\/\/greatoakswilm.org\/careers\/"]}]},{"@type":"ImageObject","inLanguage":"es","@id":"https:\/\/greatoakswilm.org\/careers\/#primaryimage","url":"http:\/\/greatoakswilm.org\/wp-content\/uploads\/2020\/10\/greatoaks-logo-branding.svg","contentUrl":"http:\/\/greatoakswilm.org\/wp-content\/uploads\/2020\/10\/greatoaks-logo-branding.svg"},{"@type":"BreadcrumbList","@id":"https:\/\/greatoakswilm.org\/careers\/#breadcrumb","itemListElement":[{"@type":"ListItem","position":1,"name":"Home","item":"https:\/\/greatoakswilm.org\/"},{"@type":"ListItem","position":2,"name":"Careers"}]},{"@type":"WebSite","@id":"https:\/\/greatoakswilm.org\/#website","url":"https:\/\/greatoakswilm.org\/","name":"Great Oaks Wilmington","description":"Grandes robles crecen de peque\u00f1as bellotas","potentialAction":[{"@type":"SearchAction","target":{"@type":"EntryPoint","urlTemplate":"https:\/\/greatoakswilm.org\/?s={search_term_string}"},"query-input":{"@type":"PropertyValueSpecification","valueRequired":true,"valueName":"search_term_string"}}],"inLanguage":"es"}]}},"_links":{"self":[{"href":"https:\/\/greatoakswilm.org\/es\/wp-json\/wp\/v2\/pages\/1143","targetHints":{"allow":["GET"]}}],"collection":[{"href":"https:\/\/greatoakswilm.org\/es\/wp-json\/wp\/v2\/pages"}],"about":[{"href":"https:\/\/greatoakswilm.org\/es\/wp-json\/wp\/v2\/types\/page"}],"author":[{"embeddable":true,"href":"https:\/\/greatoakswilm.org\/es\/wp-json\/wp\/v2\/users\/1"}],"replies":[{"embeddable":true,"href":"https:\/\/greatoakswilm.org\/es\/wp-json\/wp\/v2\/comments?post=1143"}],"version-history":[{"count":10,"href":"https:\/\/greatoakswilm.org\/es\/wp-json\/wp\/v2\/pages\/1143\/revisions"}],"predecessor-version":[{"id":4991,"href":"https:\/\/greatoakswilm.org\/es\/wp-json\/wp\/v2\/pages\/1143\/revisions\/4991"}],"wp:attachment":[{"href":"https:\/\/greatoakswilm.org\/es\/wp-json\/wp\/v2\/media?parent=1143"}],"curies":[{"name":"wp","href":"https:\/\/api.w.org\/{rel}","templated":true}]}}