{"id":2661,"date":"2021-08-24T15:49:20","date_gmt":"2021-08-24T19:49:20","guid":{"rendered":"https:\/\/greatoakswilm.org\/?page_id=2661"},"modified":"2026-03-11T11:25:26","modified_gmt":"2026-03-11T15:25:26","slug":"bus-schedule","status":"publish","type":"page","link":"https:\/\/greatoakswilm.org\/es\/bus-schedule\/","title":{"rendered":"Horario de bus"},"content":{"rendered":"<section id=\"super-header-block_42e0ff0e6c457ae23e2355aa8b52ca4b\" class=\"block-super-header alignfull\">\n\t<div class=\"block-super-header__container\">\n\t\t<div class=\"block-super-header__banner is-simple\" style=\"background-image:url( https:\/\/greatoakswilm.org\/wp-content\/uploads\/2020\/11\/go-wilmington-bellyfire-productions-5966_31511137388_o.jpg ); background-position: center center;\">\n\t\t\t<div class=\"max-width-row\">\n\t\t\t\t<div class=\"block-super-header__banner-content\">\n\t\t\t\t\t<h1>Horario de bus<\/h1>\n\t\t\t\t<\/div>\n\t\t\t<\/div>\n\t\t<\/div>\n\t<\/div>\n<\/section>\n\n\n\n<div style=\"height:10px\" aria-hidden=\"true\" class=\"wp-block-spacer\"><\/div>\n\n\n\n<div style=\"height:60px\" aria-hidden=\"true\" class=\"wp-block-spacer\"><\/div>\n\n\n<div class=\"wp-block-heading\">\n<h2 class=\"wp-block-heading\">Great Oaks Charter School Bus #1 2025-2026<\/h2>\n<\/div>\n\n<div class=\"wp-block-table-container\">\n<figure class=\"wp-block-table aligncenter is-style-stripes\"><table><thead><tr><th> N\u00famero de parada <\/th><th>Tipo de parada<\/th><th class=\"has-text-align-center\" data-align=\"center\">Ubicaci\u00f3n de parada<\/th><th>Horas de recogida AM<\/th><th>Despido de 1\/2 d\u00eda<\/th><th>Horas de entrega de la tarde<\/th><\/tr><\/thead><tbody><tr><td>1<\/td><td>Autob\u00fas<\/td><td class=\"has-text-align-center\" data-align=\"center\">Bunker Hill &amp; Valley Forge Rd<\/td><td>7:43 a. M.<\/td><td>14:09<\/td><td>4:38 p. M.<\/td><\/tr><tr><td>2<\/td><td>Autob\u00fas<\/td><td class=\"has-text-align-center\" data-align=\"center\">New Jersey Ave &amp; Carvel Ave<br>New Castle, DE 19720<\/td><td>7:48 AM<\/td><td>14:05<\/td><td>16:34<\/td><\/tr><tr><td>3<\/td><td>Autob\u00fas<\/td><td class=\"has-text-align-center\" data-align=\"center\">Moores Ln y Montpelier Blvd, New Castle<\/td><td>7:52 a. M.<\/td><td>2:00 PM<\/td><td>16:29<\/td><\/tr><tr><td>4<\/td><td>Autob\u00fas<\/td><td class=\"has-text-align-center\" data-align=\"center\">Moores Ln &amp; Constitution<\/td><td>7:53 a. m.<\/td><td>13:59<\/td><td>16:28<\/td><\/tr><tr><td>5 <\/td><td>Autob\u00fas<\/td><td class=\"has-text-align-center\" data-align=\"center\">Best Night Inn-1200 West Ave<\/td><td>7:54 a. M.<\/td><td>13:58<\/td><td>16:27<\/td><\/tr><tr><td>6<\/td><td>Autob\u00fas<\/td><td class=\"has-text-align-center\" data-align=\"center\">Wilmington Rd &amp; Holcomb<\/td><td>7:55<\/td><td>13:57<\/td><td>16:26<\/td><\/tr><tr><td>7<\/td><td>Autob\u00fas<\/td><td class=\"has-text-align-center\" data-align=\"center\">More House &amp; Anderson<\/td><td>08 A.M<\/td><td>13:52<\/td><td>4:21 p. M.<\/td><\/tr><tr><td>8<\/td><td>Autob\u00fas<\/td><td class=\"has-text-align-center\" data-align=\"center\">New Castle Ave &amp; Lambson Ln<\/td><td>8:01 a.m.<\/td><td>1:51 PM<\/td><td>16:20<\/td><\/tr><tr><td>9<\/td><td>Autob\u00fas<\/td><td class=\"has-text-align-center\" data-align=\"center\">New Castle Ave &amp; Rose Ln<br>(at Bus Shelter)<\/td><td>8:02 a. m.<\/td><td>13:50<\/td><td>4:19 p. M.<\/td><\/tr><tr><td>10<\/td><td>Autob\u00fas<\/td><td class=\"has-text-align-center\" data-align=\"center\">New Castle Ave &amp; J Caldwell (Pyles)<\/td><td>8:04 AM<\/td><td>13:48<\/td><td>4:17 p.m.<\/td><\/tr><tr><td>11<\/td><td>Autob\u00fas<\/td><td class=\"has-text-align-center\" data-align=\"center\">New Castle Ave y C Street <br>(at DART Bus Shelter)<\/td><td>8:06 a. M.<\/td><td>13:46<\/td><td>4:15 p.m.<\/td><\/tr><tr><td>12<\/td><td>Autob\u00fas<\/td><td class=\"has-text-align-center\" data-align=\"center\">New Castle Ave y A Street-<br>Wilmington<\/td><td>8:07 a. M.<\/td><td>13:45<\/td><td>4:14 PM<\/td><\/tr><tr><td>13<\/td><td>Autob\u00fas<\/td><td class=\"has-text-align-center\" data-align=\"center\">8th &amp; Franklin<\/td><td>8:17 a. M.<\/td><td>13:35<\/td><td>4:04 PM<\/td><\/tr><tr><td>14<\/td><td>Autob\u00fas<\/td><td class=\"has-text-align-center\" data-align=\"center\">N Union &amp; W 6th St<\/td><td>8:24 a.m.<\/td><td>1:27 PM<\/td><td>3:57 p.m.<\/td><\/tr><tr><td>15<\/td><td>Autob\u00fas<\/td><td class=\"has-text-align-center\" data-align=\"center\">4th &amp; Clayton<\/td><td>8:26<\/td><td>1:29 PM<\/td><td>15:59<\/td><\/tr><tr><td>16<\/td><td>Autob\u00fas<\/td><td class=\"has-text-align-center\" data-align=\"center\">4to y franklin<\/td><td>8:27 a. M.<\/td><td>1:30 DE LA TARDE<\/td><td>16:00<\/td><\/tr><tr><td>17<\/td><td>Autob\u00fas<\/td><td class=\"has-text-align-center\" data-align=\"center\">N Madison St &amp; W 5th St- Wilm<\/td><td>08:30 AM<\/td><td>1:21 PM<\/td><td>3:51 PM<\/td><\/tr><tr><td>18<\/td><td>Autob\u00fas<\/td><td class=\"has-text-align-center\" data-align=\"center\">N Madison &amp; W 9th St- Wilm<\/td><td>8:32<\/td><td>1:23 PM<\/td><td>3:53 p. M.<\/td><\/tr><tr><td>19<\/td><td>Autob\u00fas<\/td><td class=\"has-text-align-center\" data-align=\"center\">Great Oaks- 1200 North French St- Wilmington<\/td><td>8:45<\/td><td>13:15<\/td><td>3:45 p. M.<\/td><\/tr><\/tbody><\/table><\/figure>\n<\/div>\n\n\n<div style=\"height:20px\" aria-hidden=\"true\" class=\"wp-block-spacer\"><\/div>\n\n\n<div class=\"wp-block-heading\">\n<h2 class=\"wp-block-heading\">Great Oaks Charter School Bus #2 2025-2026<\/h2>\n<\/div>\n\n<div class=\"wp-block-table-container\">\n<figure class=\"wp-block-table aligncenter is-style-stripes\"><table><thead><tr><th> N\u00famero de parada <\/th><th>Tipo de parada<\/th><th class=\"has-text-align-center\" data-align=\"center\">Ubicaci\u00f3n de parada<\/th><th>Horas de recogida AM<\/th><th>Despido de 1\/2 d\u00eda<\/th><th>Horas de entrega de la tarde<\/th><\/tr><\/thead><tbody><tr><td>1<\/td><td>Autob\u00fas<\/td><td class=\"has-text-align-center\" data-align=\"center\">Cornwell Dr &amp; Red Lion Rd<\/td><td>7:30 a. m.<\/td><td>14:52<\/td><td>17:15<\/td><\/tr><tr><td>2<\/td><td>Autob\u00fas<\/td><td class=\"has-text-align-center\" data-align=\"center\">Jayson D &amp; Worthy Down Ave<\/td><td>7:37 a. M.<\/td><td>14:45<\/td><td>17:10<\/td><\/tr><tr><td>3<\/td><td>Autob\u00fas <\/td><td class=\"has-text-align-center\" data-align=\"center\">2272 Porter Rd<\/td><td>7:39 AM<\/td><td>14:34<\/td><td>5:00 PM<\/td><\/tr><tr><td>4<\/td><td>Autob\u00fas<\/td><td class=\"has-text-align-center\" data-align=\"center\">Becks Wood &amp; Tuckahoe<\/td><td>7:46 AM<\/td><td>14:22<\/td><td>4:52 p.m.<\/td><\/tr><tr><td>5<\/td><td>Autob\u00fas<\/td><td class=\"has-text-align-center\" data-align=\"center\">Reybold Rd &amp; Spearfish Ct, Newark<\/td><td>7:54 a. M.<\/td><td>14:15<\/td><td>16:45<\/td><\/tr><tr><td>6<\/td><td>Autob\u00fas<\/td><td class=\"has-text-align-center\" data-align=\"center\">Salem Church RD &amp; Joseph<\/td><td>7:58 a. M.<\/td><td>14:05<\/td><td>16:35<\/td><\/tr><tr><td>7<\/td><td>Autob\u00fas<\/td><td class=\"has-text-align-center\" data-align=\"center\">Bonwood Rd &amp; Robinson Lane<\/td><td>8:25 a. M.<\/td><td>2:00 PM<\/td><td>16:27<\/td><\/tr><tr><td>8<\/td><td>Autob\u00fas <\/td><td class=\"has-text-align-center\" data-align=\"center\">S. Broom &amp; Oak<\/td><td>8:29<\/td><td>13:43<\/td><td>4:10 p.m.<\/td><\/tr><tr><td>9<\/td><td>Autob\u00fas<\/td><td class=\"has-text-align-center\" data-align=\"center\">1714 Lancaster Ave<\/td><td>08:30 AM<\/td><td>13:42<\/td><td>4:07 p.m.<\/td><\/tr><tr><td>10<\/td><td>Autob\u00fas<\/td><td class=\"has-text-align-center\" data-align=\"center\">Lancaster Ave &amp; Broom - Wilmington<\/td><td>8:31<\/td><td>13:35<\/td><td>4:05 p.m.<\/td><\/tr><tr><td>11<\/td><td>Autob\u00fas<\/td><td class=\"has-text-align-center\" data-align=\"center\">Maryland Ave &amp; Stroud St \u2013<br>Wilmington<\/td><td>8:35<\/td><td>1:30 DE LA TARDE<\/td><td>16:00<\/td><\/tr><tr><td>12<\/td><td>Autob\u00fas<\/td><td class=\"has-text-align-center\" data-align=\"center\">Van Buren &amp; Sycamore<\/td><td>8:37<\/td><td>13:25<\/td><td>3:55 p. M.<\/td><\/tr><tr><td>13<\/td><td>Autob\u00fas<\/td><td class=\"has-text-align-center\" data-align=\"center\">Van Buren &amp; Pleasant<\/td><td>8:39 a.m.<\/td><td>13:22<\/td><td>3:53 p. M.<\/td><\/tr><tr><td>14<\/td><td>Autob\u00fas<\/td><td class=\"has-text-align-center\" data-align=\"center\">Walnut &amp; E 5th St<\/td><td>8:43 AM<\/td><td>13:20<\/td><td>3:50 p. M.<\/td><\/tr><tr><td>15<\/td><td>Autob\u00fas<\/td><td class=\"has-text-align-center\" data-align=\"center\">5th @ Spruce<\/td><td>8:44 AM<\/td><td>1:17 PM<\/td><td>3:48 p. M.<\/td><\/tr><tr><td>16<\/td><td>Colegio<\/td><td class=\"has-text-align-center\" data-align=\"center\">Great Oaks- 1200 North French St- Wilmington<\/td><td>8:45<\/td><td>13:15<\/td><td>3:45 p. M.<\/td><\/tr><\/tbody><\/table><\/figure>\n<\/div>\n\n<div class=\"wp-block-columns-container\">\n<div class=\"wp-block-columns is-layout-flex wp-container-core-columns-is-layout-9d6595d7 wp-block-columns-is-layout-flex\">\n<div class=\"wp-block-column is-layout-flow wp-block-column-is-layout-flow\" style=\"flex-basis:10%\"><\/div>\n\n\n\n<div class=\"wp-block-column is-layout-flow wp-block-column-is-layout-flow\" style=\"flex-basis:10%\"><\/div>\n<\/div>\n<\/div>\n\n<div class=\"wp-block-heading\">\n<h2 class=\"wp-block-heading\">Great Oaks Charter School Bus #3 2025-2026<\/h2>\n<\/div>\n\n<div class=\"wp-block-columns-container\">\n<div class=\"wp-block-columns is-layout-flex wp-container-core-columns-is-layout-9d6595d7 wp-block-columns-is-layout-flex\">\n<div class=\"wp-block-column is-layout-flow wp-block-column-is-layout-flow\" style=\"flex-basis:100%\"><div class=\"wp-block-table-container\">\n<figure class=\"wp-block-table aligncenter is-style-stripes\"><table><thead><tr><th> N\u00famero de parada <\/th><th>Tipo de parada<\/th><th class=\"has-text-align-center\" data-align=\"center\">Ubicaci\u00f3n de parada<\/th><th>Horas de recogida AM<\/th><th>Despido de 1\/2 d\u00eda<\/th><th>Horas de entrega de la tarde<\/th><\/tr><\/thead><tbody><tr><td>1<\/td><td>Autob\u00fas<\/td><td class=\"has-text-align-center\" data-align=\"center\">Deville &amp; Farrand<\/td><td>6:25 AM<\/td><td>3:25 PM<\/td><td>5:35 PM<\/td><\/tr><tr><td>2<\/td><td>Autob\u00fas<\/td><td class=\"has-text-align-center\" data-align=\"center\">92 Christiana Rd-Sallie Mae Building<\/td><td>6:40 AM<\/td><td>15:20<\/td><td>5:30 PM<\/td><\/tr><tr><td>3<\/td><td>Autob\u00fas<\/td><td class=\"has-text-align-center\" data-align=\"center\">Dasher &amp; School Bell Lane<\/td><td>6:45 AM<\/td><td>3:15 PM<\/td><td>5:25 PM<\/td><\/tr><tr><td>4<\/td><td>Autob\u00fas<\/td><td class=\"has-text-align-center\" data-align=\"center\">Walmart New Castle (back left corner parking lot)<\/td><td>6:50 a.m.<\/td><td>3:12 PM<\/td><td>5:20 PM<\/td><\/tr><tr><td>5<\/td><td>Autob\u00fas<\/td><td class=\"has-text-align-center\" data-align=\"center\">Rivers End &amp; Silver Run Terrace<\/td><td>6:55<\/td><td>3:10 PM<\/td><td>17:15<\/td><\/tr><tr><td>6<\/td><td>Autob\u00fas<\/td><td class=\"has-text-align-center\" data-align=\"center\">1204 Lasalle Bldg, Newark, DE 19702<br>(next to intersection Freedom &amp;<br>Colonial)<\/td><td>6:59 AM<\/td><td>15:05<\/td><td>17:19<\/td><\/tr><tr><td>7<\/td><td>Autob\u00fas<\/td><td class=\"has-text-align-center\" data-align=\"center\">Meridian Blvd &amp; Sun Blvd-Bear<\/td><td>7:05 a.m.<\/td><td>3:00 PM<\/td><td>17:10<\/td><\/tr><tr><td>8<\/td><td>Autob\u00fas<\/td><td class=\"has-text-align-center\" data-align=\"center\">Church St &amp; Wynnefield<\/td><td>7:07 AM<\/td><td>2:43 PM<\/td><td>17:05<\/td><\/tr><tr><td>9<\/td><td>Autob\u00fas<\/td><td class=\"has-text-align-center\" data-align=\"center\">Wellington &amp; Bushwick Dr<\/td><td>7:15 a.m.<\/td><td>14:42<\/td><td>17:03<\/td><\/tr><tr><td>10<\/td><td>Autob\u00fas<\/td><td class=\"has-text-align-center\" data-align=\"center\">Thatcher St &amp; E 12th St- Wilmington<\/td><td>7:40 a. m.<\/td><td>14:17<\/td><td>16:26<\/td><\/tr><tr><td>11<\/td><td>Autob\u00fas<\/td><td class=\"has-text-align-center\" data-align=\"center\">Vanderver &amp; Church<\/td><td>7:41<\/td><td>14:16<\/td><td>16:27<\/td><\/tr><tr><td>12<\/td><td>Autob\u00fas<\/td><td class=\"has-text-align-center\" data-align=\"center\">Jessup &amp; Vanderver<\/td><td>7:43 a. M.<\/td><td>14:15<\/td><td>16:34<\/td><\/tr><tr><td>13<\/td><td>Autob\u00fas<\/td><td class=\"has-text-align-center\" data-align=\"center\">24th and Market<\/td><td>7:44 a. M.<\/td><td>14:15<\/td><td>4:24 p. M.<\/td><\/tr><tr><td>14<\/td><td>Autob\u00fas<\/td><td class=\"has-text-align-center\" data-align=\"center\">26th &amp; Pine Street<\/td><td>7:44 a. M.<\/td><td>14:14<\/td><td>4:23 p. M.<\/td><\/tr><tr><td>15<\/td><td>Autob\u00fas<\/td><td class=\"has-text-align-center\" data-align=\"center\">Northeast Blvd &amp; E 23d St<br>(DART Bus stop)- Wilmington<\/td><td>7:45 a. M.<\/td><td>14:12<\/td><td>4:21 p. M.<\/td><\/tr><tr><td>16<\/td><td>Autob\u00fas<\/td><td class=\"has-text-align-center\" data-align=\"center\">Northeast Blvd &amp; E 26th St- Wilmington<br>Across from Popeyes<\/td><td>7:47 a.m.<\/td><td>14:13<\/td><td>16:22<\/td><\/tr><tr><td>17<\/td><td>Autob\u00fas<\/td><td class=\"has-text-align-center\" data-align=\"center\">28th &amp; Rosemont<\/td><td>7:50 a.m.<\/td><td>2:11 PM<\/td><td>16:20<\/td><\/tr><tr><td>18<\/td><td>Autob\u00fas<\/td><td class=\"has-text-align-center\" data-align=\"center\">Governor Printz Blvd &amp; Palace<br>(On R after Durkee Auto on corner)<\/td><td>08 A.M<\/td><td>13:56<\/td><td>4:06 p.m.<\/td><\/tr><tr><td>19<\/td><td>Autob\u00fas<\/td><td class=\"has-text-align-center\" data-align=\"center\">Philadelphia Pike @ Alcott<\/td><td>8:03 a. M.<\/td><td>2:00 PM<\/td><td>4:08 p. M.<\/td><\/tr><tr><td>20<\/td><td>Autob\u00fas<\/td><td class=\"has-text-align-center\" data-align=\"center\">Wawa<br>301 Ridge Rd, Claymont, DE 19703<\/td><td>8:07 a. M.<\/td><td>14:03<\/td><td>16:13<\/td><\/tr><tr><td>21<\/td><td>Autob\u00fas<\/td><td class=\"has-text-align-center\" data-align=\"center\">Philadelphia Pike &amp; Commonwealth<br>(next to $3.49 CLEANERS)<\/td><td>8:13 a. M.<\/td><td>13:54<\/td><td>4:04 PM<\/td><\/tr><tr><td>22<\/td><td>Autob\u00fas<\/td><td class=\"has-text-align-center\" data-align=\"center\">Harbour Apts-261 Harbour Dr<\/td><td>8:18 a. M.<\/td><td>13:50<\/td><td>16:00<\/td><\/tr><tr><td>23<\/td><td>Autob\u00fas<\/td><td class=\"has-text-align-center\" data-align=\"center\">Brandywine Blvd &amp; Edgemoor<\/td><td>8:25 a. M.<\/td><td>1:33 PM<\/td><td>3:58 p. M.<\/td><\/tr><tr><td>24<\/td><td>Autob\u00fas<\/td><td class=\"has-text-align-center\" data-align=\"center\">34th &amp; Franklin<\/td><td>8:31<\/td><td>1:23 PM<\/td><td>3:53 p. M.<\/td><\/tr><tr><td>25<\/td><td>Autob\u00fas<\/td><td class=\"has-text-align-center\" data-align=\"center\">Washington St &amp; W 29th St<\/td><td>8:35<\/td><td>13:20<\/td><td>3:50 p. M.<\/td><\/tr><tr><td>26<\/td><td>Autob\u00fas<\/td><td class=\"has-text-align-center\" data-align=\"center\">Washington St.<br>&amp; W 25th St-Wilmington<\/td><td>8:36 a.m.<\/td><td>1:19 PM<\/td><td>3:49 PM<\/td><\/tr><tr><td>27<\/td><td>Autob\u00fas<\/td><td class=\"has-text-align-center\" data-align=\"center\">Washington St.<br>&amp; W 20th St-Wilmington<\/td><td>8:37<\/td><td>1:18 PM<\/td><td>3:48 p. M.<\/td><\/tr><tr><td>28<\/td><td>Autob\u00fas<\/td><td class=\"has-text-align-center\" data-align=\"center\">Great Oaks- 1200 North French St- Wilmington<\/td><td>8:43 AM<\/td><td>13:15<\/td><td>3:45 p. M.<\/td><\/tr><\/tbody><\/table><\/figure>\n<\/div><\/div>\n<\/div>\n<\/div>\n\n\n<div class=\"wp-block-cover alignfull is-style-big-headline-hero\"><img decoding=\"async\" width=\"1951\" height=\"1450\" class=\"wp-block-cover__image-background wp-image-1144\" alt=\"\" src=\"http:\/\/greatoakswilm.org\/wp-content\/uploads\/2020\/11\/go-wilmington-bellyfire-productions-3984_44472660475_o.jpg\" data-object-fit=\"cover\" srcset=\"https:\/\/greatoakswilm.org\/wp-content\/uploads\/2020\/11\/go-wilmington-bellyfire-productions-3984_44472660475_o.jpg 1951w, https:\/\/greatoakswilm.org\/wp-content\/uploads\/2020\/11\/go-wilmington-bellyfire-productions-3984_44472660475_o-300x223.jpg 300w, https:\/\/greatoakswilm.org\/wp-content\/uploads\/2020\/11\/go-wilmington-bellyfire-productions-3984_44472660475_o-1024x761.jpg 1024w, https:\/\/greatoakswilm.org\/wp-content\/uploads\/2020\/11\/go-wilmington-bellyfire-productions-3984_44472660475_o-768x571.jpg 768w, https:\/\/greatoakswilm.org\/wp-content\/uploads\/2020\/11\/go-wilmington-bellyfire-productions-3984_44472660475_o-1536x1142.jpg 1536w\" sizes=\"(max-width: 1951px) 100vw, 1951px\" \/><span aria-hidden=\"true\" class=\"wp-block-cover__background has-navy-background-color has-background-dim-80 has-background-dim\"><\/span><div class=\"wp-block-cover__inner-container is-layout-flow wp-block-cover-is-layout-flow\"><div class=\"wp-block-heading\">\n<h2 class=\"wp-block-heading\">\u00bfA\u00fan tienes algunas preguntas?<\/h2>\n<\/div>\n\n<div class=\"wp-block-paragraph\">\n<p>\u00a1Cont\u00e1ctanos si necesitas m\u00e1s informaci\u00f3n!<\/p>\n<\/div>\n\n\n<div class=\"wp-block-buttons is-layout-flex wp-block-buttons-is-layout-flex\">\n<div class=\"wp-block-button\"><a class=\"wp-block-button__link has-lightgray-color has-orange-background-color has-text-color has-background no-border-radius wp-element-button\" href=\"https:\/\/greatoakswilm.org\/es\/contact\/\">CONT\u00c1CTENOS<\/a><\/div>\n<\/div>\n<\/div><\/div>\n\n\n<div class=\"wp-block-paragraph\">\n<p><\/p>\n<\/div>","protected":false},"excerpt":{"rendered":"<p>Great Oaks Charter School Bus #1 2025-2026 Stop Number Stop Type Stop Location AM Pick-up Times 1\/2 Day Dismissal PM Drop-off Times 1 Bus Bunker Hill &amp; Valley Forge Rd [&hellip;]<\/p>\n","protected":false},"author":1,"featured_media":0,"parent":0,"menu_order":2,"comment_status":"closed","ping_status":"closed","template":"","meta":{"_acf_changed":false,"_editorskit_title_hidden":false,"_editorskit_reading_time":5,"_editorskit_is_block_options_detached":false,"_editorskit_block_options_position":"{}","_monsterinsights_skip_tracking":false,"_monsterinsights_sitenote_active":false,"_monsterinsights_sitenote_note":"","_monsterinsights_sitenote_category":0,"footnotes":""},"class_list":["post-2661","page","type-page","status-publish","hentry"],"acf":[],"yoast_head":"<!-- This site is optimized with the Yoast SEO plugin v27.2 - https:\/\/yoast.com\/product\/yoast-seo-wordpress\/ -->\n<title>Bus Schedule- Great Oaks Charter School Wilmington<\/title>\n<meta name=\"description\" content=\"At Great Oaks Charter School, we ensure the safe transportation of students through reliable timings and routes. Check out our convenient bus schedules here.\" \/>\n<meta name=\"robots\" content=\"index, follow, max-snippet:-1, max-image-preview:large, max-video-preview:-1\" \/>\n<link rel=\"canonical\" href=\"https:\/\/greatoakswilm.org\/es\/bus-schedule\/\" \/>\n<meta property=\"og:locale\" content=\"es_MX\" \/>\n<meta property=\"og:type\" content=\"article\" \/>\n<meta property=\"og:title\" content=\"Bus Schedule- Great Oaks Charter School Wilmington\" \/>\n<meta property=\"og:description\" content=\"At Great Oaks Charter School, we ensure the safe transportation of students through reliable timings and routes. Check out our convenient bus schedules here.\" \/>\n<meta property=\"og:url\" content=\"https:\/\/greatoakswilm.org\/es\/bus-schedule\/\" \/>\n<meta property=\"og:site_name\" content=\"Great Oaks Wilmington\" \/>\n<meta property=\"article:modified_time\" content=\"2026-03-11T15:25:26+00:00\" \/>\n<meta property=\"og:image\" content=\"https:\/\/greatoakswilm.org\/wp-content\/uploads\/2020\/11\/go-wilmington-bellyfire-productions-3984_44472660475_o.jpg\" \/>\n\t<meta property=\"og:image:width\" content=\"1951\" \/>\n\t<meta property=\"og:image:height\" content=\"1450\" \/>\n\t<meta property=\"og:image:type\" content=\"image\/jpeg\" \/>\n<meta name=\"twitter:card\" content=\"summary_large_image\" \/>\n<meta name=\"twitter:label1\" content=\"Tiempo de lectura\" \/>\n\t<meta name=\"twitter:data1\" content=\"5 minutos\" \/>\n<script type=\"application\/ld+json\" class=\"yoast-schema-graph\">{\"@context\":\"https:\/\/schema.org\",\"@graph\":[{\"@type\":\"WebPage\",\"@id\":\"https:\/\/greatoakswilm.org\/bus-schedule\/\",\"url\":\"https:\/\/greatoakswilm.org\/bus-schedule\/\",\"name\":\"Bus Schedule- Great Oaks Charter School Wilmington\",\"isPartOf\":{\"@id\":\"https:\/\/greatoakswilm.org\/#website\"},\"primaryImageOfPage\":{\"@id\":\"https:\/\/greatoakswilm.org\/bus-schedule\/#primaryimage\"},\"image\":{\"@id\":\"https:\/\/greatoakswilm.org\/bus-schedule\/#primaryimage\"},\"thumbnailUrl\":\"http:\/\/greatoakswilm.org\/wp-content\/uploads\/2020\/11\/go-wilmington-bellyfire-productions-3984_44472660475_o.jpg\",\"datePublished\":\"2021-08-24T19:49:20+00:00\",\"dateModified\":\"2026-03-11T15:25:26+00:00\",\"description\":\"At Great Oaks Charter School, we ensure the safe transportation of students through reliable timings and routes. Check out our convenient bus schedules here.\",\"breadcrumb\":{\"@id\":\"https:\/\/greatoakswilm.org\/bus-schedule\/#breadcrumb\"},\"inLanguage\":\"es\",\"potentialAction\":[{\"@type\":\"ReadAction\",\"target\":[\"https:\/\/greatoakswilm.org\/bus-schedule\/\"]}]},{\"@type\":\"ImageObject\",\"inLanguage\":\"es\",\"@id\":\"https:\/\/greatoakswilm.org\/bus-schedule\/#primaryimage\",\"url\":\"http:\/\/greatoakswilm.org\/wp-content\/uploads\/2020\/11\/go-wilmington-bellyfire-productions-3984_44472660475_o.jpg\",\"contentUrl\":\"http:\/\/greatoakswilm.org\/wp-content\/uploads\/2020\/11\/go-wilmington-bellyfire-productions-3984_44472660475_o.jpg\"},{\"@type\":\"BreadcrumbList\",\"@id\":\"https:\/\/greatoakswilm.org\/bus-schedule\/#breadcrumb\",\"itemListElement\":[{\"@type\":\"ListItem\",\"position\":1,\"name\":\"Home\",\"item\":\"https:\/\/greatoakswilm.org\/\"},{\"@type\":\"ListItem\",\"position\":2,\"name\":\"Bus Schedule\"}]},{\"@type\":\"WebSite\",\"@id\":\"https:\/\/greatoakswilm.org\/#website\",\"url\":\"https:\/\/greatoakswilm.org\/\",\"name\":\"Great Oaks Wilmington\",\"description\":\"Great Oaks grow from little acorns\",\"potentialAction\":[{\"@type\":\"SearchAction\",\"target\":{\"@type\":\"EntryPoint\",\"urlTemplate\":\"https:\/\/greatoakswilm.org\/?s={search_term_string}\"},\"query-input\":{\"@type\":\"PropertyValueSpecification\",\"valueRequired\":true,\"valueName\":\"search_term_string\"}}],\"inLanguage\":\"es\"}]}<\/script>\n<!-- \/ Yoast SEO plugin. -->","yoast_head_json":{"title":"Horario del autob\u00fas: Great Oaks Charter School Wilmington","description":"En Great Oaks Charter School, garantizamos el transporte seguro de los estudiantes a trav\u00e9s de horarios y rutas confiables. Consulte nuestros convenientes horarios de autobuses aqu\u00ed.","robots":{"index":"index","follow":"follow","max-snippet":"max-snippet:-1","max-image-preview":"max-image-preview:large","max-video-preview":"max-video-preview:-1"},"canonical":"https:\/\/greatoakswilm.org\/es\/bus-schedule\/","og_locale":"es_MX","og_type":"article","og_title":"Bus Schedule- Great Oaks Charter School Wilmington","og_description":"At Great Oaks Charter School, we ensure the safe transportation of students through reliable timings and routes. Check out our convenient bus schedules here.","og_url":"https:\/\/greatoakswilm.org\/es\/bus-schedule\/","og_site_name":"Great Oaks Wilmington","article_modified_time":"2026-03-11T15:25:26+00:00","og_image":[{"width":1951,"height":1450,"url":"https:\/\/greatoakswilm.org\/wp-content\/uploads\/2020\/11\/go-wilmington-bellyfire-productions-3984_44472660475_o.jpg","type":"image\/jpeg"}],"twitter_card":"summary_large_image","twitter_misc":{"Tiempo de lectura":"5 minutos"},"schema":{"@context":"https:\/\/schema.org","@graph":[{"@type":"WebPage","@id":"https:\/\/greatoakswilm.org\/bus-schedule\/","url":"https:\/\/greatoakswilm.org\/bus-schedule\/","name":"Horario del autob\u00fas: Great Oaks Charter School Wilmington","isPartOf":{"@id":"https:\/\/greatoakswilm.org\/#website"},"primaryImageOfPage":{"@id":"https:\/\/greatoakswilm.org\/bus-schedule\/#primaryimage"},"image":{"@id":"https:\/\/greatoakswilm.org\/bus-schedule\/#primaryimage"},"thumbnailUrl":"http:\/\/greatoakswilm.org\/wp-content\/uploads\/2020\/11\/go-wilmington-bellyfire-productions-3984_44472660475_o.jpg","datePublished":"2021-08-24T19:49:20+00:00","dateModified":"2026-03-11T15:25:26+00:00","description":"En Great Oaks Charter School, garantizamos el transporte seguro de los estudiantes a trav\u00e9s de horarios y rutas confiables. Consulte nuestros convenientes horarios de autobuses aqu\u00ed.","breadcrumb":{"@id":"https:\/\/greatoakswilm.org\/bus-schedule\/#breadcrumb"},"inLanguage":"es","potentialAction":[{"@type":"ReadAction","target":["https:\/\/greatoakswilm.org\/bus-schedule\/"]}]},{"@type":"ImageObject","inLanguage":"es","@id":"https:\/\/greatoakswilm.org\/bus-schedule\/#primaryimage","url":"http:\/\/greatoakswilm.org\/wp-content\/uploads\/2020\/11\/go-wilmington-bellyfire-productions-3984_44472660475_o.jpg","contentUrl":"http:\/\/greatoakswilm.org\/wp-content\/uploads\/2020\/11\/go-wilmington-bellyfire-productions-3984_44472660475_o.jpg"},{"@type":"BreadcrumbList","@id":"https:\/\/greatoakswilm.org\/bus-schedule\/#breadcrumb","itemListElement":[{"@type":"ListItem","position":1,"name":"Home","item":"https:\/\/greatoakswilm.org\/"},{"@type":"ListItem","position":2,"name":"Bus Schedule"}]},{"@type":"WebSite","@id":"https:\/\/greatoakswilm.org\/#website","url":"https:\/\/greatoakswilm.org\/","name":"Great Oaks Wilmington","description":"Grandes robles crecen de peque\u00f1as bellotas","potentialAction":[{"@type":"SearchAction","target":{"@type":"EntryPoint","urlTemplate":"https:\/\/greatoakswilm.org\/?s={search_term_string}"},"query-input":{"@type":"PropertyValueSpecification","valueRequired":true,"valueName":"search_term_string"}}],"inLanguage":"es"}]}},"_links":{"self":[{"href":"https:\/\/greatoakswilm.org\/es\/wp-json\/wp\/v2\/pages\/2661","targetHints":{"allow":["GET"]}}],"collection":[{"href":"https:\/\/greatoakswilm.org\/es\/wp-json\/wp\/v2\/pages"}],"about":[{"href":"https:\/\/greatoakswilm.org\/es\/wp-json\/wp\/v2\/types\/page"}],"author":[{"embeddable":true,"href":"https:\/\/greatoakswilm.org\/es\/wp-json\/wp\/v2\/users\/1"}],"replies":[{"embeddable":true,"href":"https:\/\/greatoakswilm.org\/es\/wp-json\/wp\/v2\/comments?post=2661"}],"version-history":[{"count":48,"href":"https:\/\/greatoakswilm.org\/es\/wp-json\/wp\/v2\/pages\/2661\/revisions"}],"predecessor-version":[{"id":6576,"href":"https:\/\/greatoakswilm.org\/es\/wp-json\/wp\/v2\/pages\/2661\/revisions\/6576"}],"wp:attachment":[{"href":"https:\/\/greatoakswilm.org\/es\/wp-json\/wp\/v2\/media?parent=2661"}],"curies":[{"name":"wp","href":"https:\/\/api.w.org\/{rel}","templated":true}]}}