{"id":599,"date":"2020-09-03T15:23:55","date_gmt":"2020-09-03T19:23:55","guid":{"rendered":"http:\/\/greatoakswilm.org\/?page_id=599"},"modified":"2025-07-30T11:09:42","modified_gmt":"2025-07-30T15:09:42","slug":"digital-assistance","status":"publish","type":"page","link":"https:\/\/greatoakswilm.org\/es\/digital-assistance\/","title":{"rendered":"Asistencia Digital"},"content":{"rendered":"<section id=\"super-header-block_85efa0df1eab66fc07eef63b79167bc1\" class=\"block-super-header alignfull\">\n\t<div class=\"block-super-header__container\">\n\t\t<div class=\"block-super-header__banner is-simple\" style=\"background-image:url( https:\/\/greatoakswilm.org\/wp-content\/uploads\/2020\/12\/IMG_5539-scaled-1.jpg ); background-position: center center;\">\n\t\t\t<div class=\"max-width-row\">\n\t\t\t\t<div class=\"block-super-header__banner-content\">\n\t\t\t\t\t<h1>Asistencia Digital<\/h1>\n\t\t\t\t<\/div>\n\t\t\t<\/div>\n\t\t<\/div>\n\t<\/div>\n<\/section>\n\n\n<div class=\"wp-block-image\"><div class=\"wp-block-image-container\">\n<figure class=\"aligncenter size-large is-resized\"><img decoding=\"async\" src=\"http:\/\/greatoakswilm.org\/wp-content\/uploads\/2020\/10\/greatoaks-logo-branding.svg\" alt=\"\" class=\"wp-image-741\" style=\"width:86px;height:75px\"\/><\/figure>\n<\/div><\/div>\n\n<div class=\"wp-block-paragraph\">\n<p class=\"has-text-align-center\"><a class=\"ek-link\" href=\"https:\/\/greatoakswilm.org\/es\/remote-learning\/#chromebooks\">Informaci\u00f3n de Chromebook<\/a> | <a class=\"ek-link\" href=\"https:\/\/greatoakswilm.org\/es\/remote-learning\/#google-access\">Accediendo a Google<\/a> | <a class=\"ek-link\" href=\"https:\/\/firstascentstaging.com\/greatoaks2020\/remote-learning\/#growth-testing\">Prueba de crecimiento MAP<\/a> | <a class=\"ek-link\" href=\"https:\/\/firstascentstaging.com\/greatoaks2020\/remote-learning\/#spanish-help\">Prueba de crecimiento de MAP en espa\u00f1ol<\/a><\/p>\n<\/div>\n\n\n<hr class=\"wp-block-separator has-css-opacity\"\/>\n\n\n<div class=\"wp-block-heading\">\n<h2 class=\"wp-block-heading has-text-align-center\" id=\"chromebooks\">Chromebooks<\/h2>\n<\/div>\n\n<div class=\"wp-block-paragraph\">\n<p class=\"has-text-align-center\">We are pleased to have 1:1 Chromebook Usage for all of our students. Great Oaks issued Chromebook is for instructional purposes for the duration of the school year both in and outside of school to enhance learning. <\/p>\n<\/div>\n\n\n<hr class=\"wp-block-separator has-css-opacity\"\/>\n\n\n<div class=\"wp-block-heading\">\n<h2 class=\"wp-block-heading has-text-align-center\">Acuerdos de Chromebook<\/h2>\n<\/div>\n\n<div class=\"wp-block-paragraph\">\n<p class=\"has-text-align-center\">Para los estudiantes que utilizan un Chromebook GO-Wilm, revise lo siguiente:<br><a href=\"https:\/\/docs.google.com\/document\/d\/1zlqOitZZmiV7ko-Oh_Hrmw9yWWkd7e2aLw11ijTbWxY\/edit?usp=sharing\">Plan de protecci\u00f3n contra accidentes de Chromebook<\/a><br><a href=\"https:\/\/docs.google.com\/document\/d\/14-MLxC5kW3yKcyfhVSWYkkVOM4vuRpfX0rP3-qVSyIM\/edit?usp=sharing\">Pol\u00edtica de uso aceptable de Chromebook<\/a><br><br>Si tiene alg\u00fan problema con su Chromebook, comun\u00edquese con <a href=\"\/es\/contactus@greatoakswilm.org\/\">contactus@greatoakswilm.org<\/a><\/p>\n<\/div>\n\n\n<hr class=\"wp-block-separator has-css-opacity\"\/>\n\n\n<div class=\"wp-block-heading\">\n<h2 class=\"wp-block-heading has-text-align-center\" id=\"google-access\">Accediendo a Google&nbsp;<\/h2>\n<\/div>\n\n<div class=\"wp-block-paragraph\">\n<p class=\"has-text-align-center\">Cada estudiante tiene una cuenta de Google en Great Oaks Wilmington. Las cuentas de los estudiantes est\u00e1n vinculadas a nuestra plataforma de aprendizaje, Schoology. Los estudiantes recibir\u00e1n actualizaciones y mensajes sobre su trabajo de curso a trav\u00e9s de Gmail y deben planear iniciar sesi\u00f3n todos los d\u00edas. Las direcciones de correo electr\u00f3nico de Great Oaks se le proporcionaron al momento de retirar su Chromebook. Si no recibi\u00f3 su direcci\u00f3n de correo electr\u00f3nico, env\u00ede un correo electr\u00f3nico <a href=\"\/es\/contactus@greatoakswilm.org\/\"><a href=\"mailto:distancelearning@greatoakswilm.org\">contactus@greatoakswilm.org<\/a><\/a> o llame a la escuela al 302-660-4790.<\/p>\n<\/div>\n\n<div class=\"wp-block-paragraph\">\n<p class=\"has-text-align-left\">Para iniciar sesi\u00f3n en Google:<\/p>\n<\/div>\n\n<div class=\"wp-block-list-container\">\n<ul class=\"wp-block-list\">\n<li>Vaya a Google (www.Gmail.com)<\/li>\n\n\n\n<li>Haga clic en el azul <strong>Registrarse<\/strong> en la esquina superior derecha o &quot;Agregar otra cuenta&quot;<\/li>\n\n\n\n<li>Inicie sesi\u00f3n con su direcci\u00f3n de correo electr\u00f3nico de estudiante<\/li>\n<\/ul>\n<\/div>\n\n\n<div style=\"height:20px\" aria-hidden=\"true\" class=\"wp-block-spacer\"><\/div>\n\n\n\n<hr class=\"wp-block-separator has-css-opacity\"\/>\n\n\n\n<div style=\"height:30px\" aria-hidden=\"true\" class=\"wp-block-spacer\"><\/div>\n\n\n<div class=\"wp-block-heading\">\n<h2 class=\"wp-block-heading has-text-align-center\">Prueba de crecimiento MAP<\/h2>\n<\/div>\n\n\n<div style=\"height:20px\" aria-hidden=\"true\" class=\"wp-block-spacer\"><\/div>\n\n\n<div class=\"wp-block-paragraph\">\n<p>GO-Wilm llevar\u00e1 a cabo pruebas de crecimiento MAP de forma remota durante la segunda semana de clases, del 13 al 17 de septiembre.<\/p>\n<\/div>\n\n<div class=\"wp-block-heading\">\n<h3 class=\"wp-block-heading\">Sobre MAP<\/h3>\n<\/div>\n\n<div class=\"wp-block-paragraph\">\n<p>MAP Growth ayuda a los maestros a comprender lo que los estudiantes saben hoy, por lo que se pueden establecer metas para mejorar el crecimiento a lo largo del a\u00f1o. <strong>Los estudiantes no pueden aprobar o reprobar esta prueba<\/strong>.<\/p>\n<\/div>\n\n<div class=\"wp-block-paragraph\">\n<p><strong>Esta prueba no afectar\u00e1 las calificaciones.<\/strong> De hecho, es normal que los estudiantes solo contesten aproximadamente la mitad de las preguntas correctamente. <strong>\u00a1Por favor, no les ayudes!<\/strong><\/p>\n<\/div>\n\n<div class=\"wp-block-paragraph\">\n<p>Dados los desaf\u00edos de aprender desde casa, los resultados de la prueba MAP Growth son especialmente \u00fatiles para nosotros este a\u00f1o. <strong>Estos resultados nos ayudar\u00e1n a saber qu\u00e9 estudiantes est\u00e1n listos para aprender.<\/strong><\/p>\n<\/div>\n\n<div class=\"wp-block-heading\">\n<h3 class=\"wp-block-heading\">Antes del d\u00eda de la prueba<\/h3>\n<\/div>\n\n<div class=\"wp-block-paragraph\">\n<p>1.Aseg\u00farate de que tu dispositivo tenga conexi\u00f3n a Internet&nbsp;<br>2. Deshabilite el bloqueo de ventanas emergentes en su navegador de Internet<a href=\"https:\/\/drive.google.com\/file\/d\/1jpXe5QVOsJ_BcdikR4xJ4UG0116ABLE1\/view?usp=sharing\"> Deshabilitar bloqueadores de ventanas emergentes<\/a><br>3.Aseg\u00farese de que su dispositivo cumpla con los requisitos de prueba utilizando <a href=\"https:\/\/check.nwea.org\/\">Herramienta de diagn\u00f3stico de la estaci\u00f3n de trabajo<\/a><br>4.Aseg\u00farate de que tu hijo tenga auriculares<\/p>\n<\/div>\n\n<div class=\"wp-block-list-container\">\n<ul class=\"wp-block-list\">\n<li>Mira el crecimiento de MAP <a href=\"https:\/\/studentresources.nwea.org\/app\/k_two\/what's_this_test_about.html\">video de introducci\u00f3n<\/a>&nbsp;<\/li>\n\n\n\n<li>Practica la prueba en <a href=\"https:\/\/practice.mapnwea.org\/#\/practice-landing\">practice.mapnwea.org<\/a> (Nombre de usuario: crecer, Contrase\u00f1a: crecer)<\/li>\n<\/ul>\n<\/div>\n\n\n<hr class=\"wp-block-separator has-css-opacity\"\/>\n\n\n<div class=\"wp-block-heading\">\n<h2 class=\"wp-block-heading has-text-align-center\" id=\"spanish-help\">\u00bfQu\u00e9 es MAP Growth?<\/h2>\n<\/div>\n\n<div class=\"wp-block-paragraph\">\n<p>MAP Growth le permite al maestro saber lo que sus estudiantes saben y as\u00ed pueden establecer metas para progresar durante el a\u00f1o. <strong>Los estudiantes no pasan ni reprueban la prueba.<\/strong><\/p>\n<\/div>\n\n<div class=\"wp-block-paragraph\">\n<p><strong>La prueba no afecta a las calificaciones. <\/strong>En realidad, es com\u00fan que el estudiante responde correctamente la mitad de las preguntas<strong>. \u00a1Favor de no ayuda!<\/strong><\/p>\n<\/div>\n\n<div class=\"wp-block-paragraph\">\n<p>Dados los desaf\u00edos de aprender desde casa, los resultados de MAP Growth son particularmente \u00fatiles este a\u00f1o. <strong>Nos ayudan a saber aquello que el estudiante est\u00e1 listo para aprender.<\/strong><\/p>\n<\/div>\n\n\n<hr class=\"wp-block-separator has-css-opacity\"\/>\n\n\n<div class=\"wp-block-heading\">\n<h3 class=\"wp-block-heading\">El d\u00eda anterior a la prueba<\/h3>\n<\/div>\n\n<div class=\"wp-block-paragraph\">\n<p>1. Aseg\u00farese de que su dispositivo tenga conexi\u00f3n a la red<br>2. Desactive el bloqueador de ventanas emergentes <em>(bloqueo de ventanas emergentes)<\/em> en el navegador<a href=\"https:\/\/drive.google.com\/file\/d\/1jpXe5QVOsJ_BcdikR4xJ4UG0116ABLE1\/view\"> Deshabilitar bloqueadores de ventanas emergentes<\/a><br>3. Aseg\u00farese de que el dispositivo cumple con los requisitos para la prueba seg\u00fan la herramienta <a href=\"https:\/\/check.nwea.org\/\">Herramienta de diagn\u00f3stico de la estaci\u00f3n de trabajo<\/a><br>4. Aseg\u00farese de que su hijo \/ a tenga auriculares<\/p>\n<\/div>\n\n<div class=\"wp-block-list-container\">\n<ul class=\"wp-block-list\">\n<li>Vea el video de <a href=\"https:\/\/studentresources.nwea.org\/app\/k_two\/what's_this_test_about.html\">introducci\u00f3n de MAP Growth<\/a><\/li>\n\n\n\n<li>Haga una prueba de pr\u00e1ctica en <a href=\"https:\/\/practice.mapnwea.org\/#\/practice-landing\">practice.mapnwea.org<\/a> (Nombre de usuario: crecer; Clave: crecer)<\/li>\n<\/ul>\n<\/div>\n\n\n<hr class=\"wp-block-separator has-css-opacity\"\/>","protected":false},"excerpt":{"rendered":"<p>Chromebook Info | Accessing Google | MAP Growth Testing | Spanish MAP Growth Testing Chromebooks We are pleased to have 1:1 Chromebook Usage for all of our students. Great Oaks [&hellip;]<\/p>\n","protected":false},"author":1,"featured_media":1283,"parent":0,"menu_order":17,"comment_status":"closed","ping_status":"closed","template":"","meta":{"_acf_changed":false,"_editorskit_title_hidden":false,"_editorskit_reading_time":3,"_editorskit_is_block_options_detached":false,"_editorskit_block_options_position":"{}","_monsterinsights_skip_tracking":false,"_monsterinsights_sitenote_active":false,"_monsterinsights_sitenote_note":"","_monsterinsights_sitenote_category":0,"footnotes":""},"class_list":["post-599","page","type-page","status-publish","has-post-thumbnail","hentry"],"acf":[],"yoast_head":"<!-- This site is optimized with the Yoast SEO plugin v27.3 - https:\/\/yoast.com\/product\/yoast-seo-wordpress\/ -->\n<title>Remote Learning - Great Oaks Charter School Wilmington, Delaware<\/title>\n<meta name=\"description\" content=\"Here, you&#039;ll find links to helpful tutorials and resources for our various remote learning platforms and tools at Great Oaks Charter School Wilmington.\" \/>\n<meta name=\"robots\" content=\"index, follow, max-snippet:-1, max-image-preview:large, max-video-preview:-1\" \/>\n<link rel=\"canonical\" href=\"https:\/\/greatoakswilm.org\/es\/digital-assistance\/\" \/>\n<meta property=\"og:locale\" content=\"es_MX\" \/>\n<meta property=\"og:type\" content=\"article\" \/>\n<meta property=\"og:title\" content=\"Remote Learning - Great Oaks Charter School Wilmington, Delaware\" \/>\n<meta property=\"og:description\" content=\"Here, you&#039;ll find links to helpful tutorials and resources for our various remote learning platforms and tools at Great Oaks Charter School Wilmington.\" \/>\n<meta property=\"og:url\" content=\"https:\/\/greatoakswilm.org\/es\/digital-assistance\/\" \/>\n<meta property=\"og:site_name\" content=\"Great Oaks Wilmington\" \/>\n<meta property=\"article:modified_time\" content=\"2025-07-30T15:09:42+00:00\" \/>\n<meta property=\"og:image\" content=\"http:\/\/greatoakswilm.org\/wp-content\/uploads\/2020\/12\/IMG_5539-scaled.jpg\" \/>\n\t<meta property=\"og:image:width\" content=\"2560\" \/>\n\t<meta property=\"og:image:height\" content=\"1707\" \/>\n\t<meta property=\"og:image:type\" content=\"image\/jpeg\" \/>\n<meta name=\"twitter:card\" content=\"summary_large_image\" \/>\n<meta name=\"twitter:label1\" content=\"Tiempo de lectura\" \/>\n\t<meta name=\"twitter:data1\" content=\"3 minutos\" \/>\n<script type=\"application\/ld+json\" class=\"yoast-schema-graph\">{\"@context\":\"https:\\\/\\\/schema.org\",\"@graph\":[{\"@type\":\"WebPage\",\"@id\":\"https:\\\/\\\/greatoakswilm.org\\\/digital-assistance\\\/\",\"url\":\"https:\\\/\\\/greatoakswilm.org\\\/digital-assistance\\\/\",\"name\":\"Remote Learning - Great Oaks Charter School Wilmington, Delaware\",\"isPartOf\":{\"@id\":\"https:\\\/\\\/greatoakswilm.org\\\/#website\"},\"primaryImageOfPage\":{\"@id\":\"https:\\\/\\\/greatoakswilm.org\\\/digital-assistance\\\/#primaryimage\"},\"image\":{\"@id\":\"https:\\\/\\\/greatoakswilm.org\\\/digital-assistance\\\/#primaryimage\"},\"thumbnailUrl\":\"https:\\\/\\\/greatoakswilm.org\\\/wp-content\\\/uploads\\\/2020\\\/12\\\/IMG_5539-scaled.jpg\",\"datePublished\":\"2020-09-03T19:23:55+00:00\",\"dateModified\":\"2025-07-30T15:09:42+00:00\",\"description\":\"Here, you'll find links to helpful tutorials and resources for our various remote learning platforms and tools at Great Oaks Charter School Wilmington.\",\"breadcrumb\":{\"@id\":\"https:\\\/\\\/greatoakswilm.org\\\/digital-assistance\\\/#breadcrumb\"},\"inLanguage\":\"es\",\"potentialAction\":[{\"@type\":\"ReadAction\",\"target\":[\"https:\\\/\\\/greatoakswilm.org\\\/digital-assistance\\\/\"]}]},{\"@type\":\"ImageObject\",\"inLanguage\":\"es\",\"@id\":\"https:\\\/\\\/greatoakswilm.org\\\/digital-assistance\\\/#primaryimage\",\"url\":\"https:\\\/\\\/greatoakswilm.org\\\/wp-content\\\/uploads\\\/2020\\\/12\\\/IMG_5539-scaled.jpg\",\"contentUrl\":\"https:\\\/\\\/greatoakswilm.org\\\/wp-content\\\/uploads\\\/2020\\\/12\\\/IMG_5539-scaled.jpg\",\"width\":2560,\"height\":1707},{\"@type\":\"BreadcrumbList\",\"@id\":\"https:\\\/\\\/greatoakswilm.org\\\/digital-assistance\\\/#breadcrumb\",\"itemListElement\":[{\"@type\":\"ListItem\",\"position\":1,\"name\":\"Home\",\"item\":\"https:\\\/\\\/greatoakswilm.org\\\/\"},{\"@type\":\"ListItem\",\"position\":2,\"name\":\"Digital Assistance\"}]},{\"@type\":\"WebSite\",\"@id\":\"https:\\\/\\\/greatoakswilm.org\\\/#website\",\"url\":\"https:\\\/\\\/greatoakswilm.org\\\/\",\"name\":\"Great Oaks Wilmington\",\"description\":\"Great Oaks grow from little acorns\",\"potentialAction\":[{\"@type\":\"SearchAction\",\"target\":{\"@type\":\"EntryPoint\",\"urlTemplate\":\"https:\\\/\\\/greatoakswilm.org\\\/?s={search_term_string}\"},\"query-input\":{\"@type\":\"PropertyValueSpecification\",\"valueRequired\":true,\"valueName\":\"search_term_string\"}}],\"inLanguage\":\"es\"}]}<\/script>\n<!-- \/ Yoast SEO plugin. -->","yoast_head_json":{"title":"Aprendizaje remoto - Great Oaks Charter School Wilmington, Delaware","description":"Aqu\u00ed encontrar\u00e1 enlaces a tutoriales y recursos \u00fatiles para nuestras diversas plataformas y herramientas de aprendizaje remoto en Great Oaks Charter School Wilmington.","robots":{"index":"index","follow":"follow","max-snippet":"max-snippet:-1","max-image-preview":"max-image-preview:large","max-video-preview":"max-video-preview:-1"},"canonical":"https:\/\/greatoakswilm.org\/es\/digital-assistance\/","og_locale":"es_MX","og_type":"article","og_title":"Remote Learning - Great Oaks Charter School Wilmington, Delaware","og_description":"Here, you'll find links to helpful tutorials and resources for our various remote learning platforms and tools at Great Oaks Charter School Wilmington.","og_url":"https:\/\/greatoakswilm.org\/es\/digital-assistance\/","og_site_name":"Great Oaks Wilmington","article_modified_time":"2025-07-30T15:09:42+00:00","og_image":[{"width":2560,"height":1707,"url":"http:\/\/greatoakswilm.org\/wp-content\/uploads\/2020\/12\/IMG_5539-scaled.jpg","type":"image\/jpeg"}],"twitter_card":"summary_large_image","twitter_misc":{"Tiempo de lectura":"3 minutos"},"schema":{"@context":"https:\/\/schema.org","@graph":[{"@type":"WebPage","@id":"https:\/\/greatoakswilm.org\/digital-assistance\/","url":"https:\/\/greatoakswilm.org\/digital-assistance\/","name":"Aprendizaje remoto - Great Oaks Charter School Wilmington, Delaware","isPartOf":{"@id":"https:\/\/greatoakswilm.org\/#website"},"primaryImageOfPage":{"@id":"https:\/\/greatoakswilm.org\/digital-assistance\/#primaryimage"},"image":{"@id":"https:\/\/greatoakswilm.org\/digital-assistance\/#primaryimage"},"thumbnailUrl":"https:\/\/greatoakswilm.org\/wp-content\/uploads\/2020\/12\/IMG_5539-scaled.jpg","datePublished":"2020-09-03T19:23:55+00:00","dateModified":"2025-07-30T15:09:42+00:00","description":"Aqu\u00ed encontrar\u00e1 enlaces a tutoriales y recursos \u00fatiles para nuestras diversas plataformas y herramientas de aprendizaje remoto en Great Oaks Charter School Wilmington.","breadcrumb":{"@id":"https:\/\/greatoakswilm.org\/digital-assistance\/#breadcrumb"},"inLanguage":"es","potentialAction":[{"@type":"ReadAction","target":["https:\/\/greatoakswilm.org\/digital-assistance\/"]}]},{"@type":"ImageObject","inLanguage":"es","@id":"https:\/\/greatoakswilm.org\/digital-assistance\/#primaryimage","url":"https:\/\/greatoakswilm.org\/wp-content\/uploads\/2020\/12\/IMG_5539-scaled.jpg","contentUrl":"https:\/\/greatoakswilm.org\/wp-content\/uploads\/2020\/12\/IMG_5539-scaled.jpg","width":2560,"height":1707},{"@type":"BreadcrumbList","@id":"https:\/\/greatoakswilm.org\/digital-assistance\/#breadcrumb","itemListElement":[{"@type":"ListItem","position":1,"name":"Home","item":"https:\/\/greatoakswilm.org\/"},{"@type":"ListItem","position":2,"name":"Digital Assistance"}]},{"@type":"WebSite","@id":"https:\/\/greatoakswilm.org\/#website","url":"https:\/\/greatoakswilm.org\/","name":"Great Oaks Wilmington","description":"Grandes robles crecen de peque\u00f1as bellotas","potentialAction":[{"@type":"SearchAction","target":{"@type":"EntryPoint","urlTemplate":"https:\/\/greatoakswilm.org\/?s={search_term_string}"},"query-input":{"@type":"PropertyValueSpecification","valueRequired":true,"valueName":"search_term_string"}}],"inLanguage":"es"}]}},"_links":{"self":[{"href":"https:\/\/greatoakswilm.org\/es\/wp-json\/wp\/v2\/pages\/599","targetHints":{"allow":["GET"]}}],"collection":[{"href":"https:\/\/greatoakswilm.org\/es\/wp-json\/wp\/v2\/pages"}],"about":[{"href":"https:\/\/greatoakswilm.org\/es\/wp-json\/wp\/v2\/types\/page"}],"author":[{"embeddable":true,"href":"https:\/\/greatoakswilm.org\/es\/wp-json\/wp\/v2\/users\/1"}],"replies":[{"embeddable":true,"href":"https:\/\/greatoakswilm.org\/es\/wp-json\/wp\/v2\/comments?post=599"}],"version-history":[{"count":23,"href":"https:\/\/greatoakswilm.org\/es\/wp-json\/wp\/v2\/pages\/599\/revisions"}],"predecessor-version":[{"id":6173,"href":"https:\/\/greatoakswilm.org\/es\/wp-json\/wp\/v2\/pages\/599\/revisions\/6173"}],"wp:featuredmedia":[{"embeddable":true,"href":"https:\/\/greatoakswilm.org\/es\/wp-json\/wp\/v2\/media\/1283"}],"wp:attachment":[{"href":"https:\/\/greatoakswilm.org\/es\/wp-json\/wp\/v2\/media?parent=599"}],"curies":[{"name":"wp","href":"https:\/\/api.w.org\/{rel}","templated":true}]}}