{"id":6199,"date":"2025-07-31T14:59:39","date_gmt":"2025-07-31T18:59:39","guid":{"rendered":"https:\/\/greatoakswilm.org\/?page_id=6199"},"modified":"2025-07-31T14:59:40","modified_gmt":"2025-07-31T18:59:40","slug":"bell-schedule","status":"publish","type":"page","link":"https:\/\/greatoakswilm.org\/es\/bell-schedule\/","title":{"rendered":"Bell Schedule"},"content":{"rendered":"<section id=\"super-header-block_7dc22900e3359460202cc9f12b0d661a\" class=\"block-super-header alignfull\">\n\t<div class=\"block-super-header__container\">\n\t\t<div class=\"block-super-header__banner is-simple\" style=\"background-image:url( https:\/\/greatoakswilm.org\/wp-content\/uploads\/2020\/10\/go-wilmington-bellyfire-productions-3752_44472666335_o.jpg ); background-position: center center;\">\n\t\t\t<div class=\"max-width-row\">\n\t\t\t\t<div class=\"block-super-header__banner-content\">\n\t\t\t\t\t<h1>Bell Schedule<\/h1>\n\t\t\t\t<\/div>\n\t\t\t<\/div>\n\t\t<\/div>\n\t<\/div>\n<\/section>\n\n\n<div class=\"wp-block-heading\">\n<h2 class=\"wp-block-heading has-text-align-center\"><strong>Full Day Bell Schedule 2025-2026<\/strong><\/h2>\n<\/div>\n\n<div class=\"wp-block-paragraph\">\n<p class=\"has-text-align-center\"><strong>*Late Arrival Cut Off 10:15am*<\/strong><\/p>\n<\/div>\n\n<div class=\"wp-block-table-container\">\n<figure class=\"wp-block-table\"><table class=\"has-fixed-layout\"><tbody><tr><td class=\"has-text-align-center\" data-align=\"center\"><strong>BREAKFAST<\/strong><\/td><td class=\"has-text-align-center\" data-align=\"center\">8:45am &#8211; 9:05am<\/td><\/tr><tr><td class=\"has-text-align-center\" data-align=\"center\"><strong>Homeroom<\/strong><\/td><td class=\"has-text-align-center\" data-align=\"center\">9:05am &#8211; 9:28am<\/td><\/tr><tr><td class=\"has-text-align-center\" data-align=\"center\">Period 1<\/td><td class=\"has-text-align-center\" data-align=\"center\">9:30am &#8211; 10:15am<\/td><\/tr><tr><td class=\"has-text-align-center\" data-align=\"center\">Period 2<\/td><td class=\"has-text-align-center\" data-align=\"center\">10:18am &#8211; 11:03am<\/td><\/tr><tr><td class=\"has-text-align-center\" data-align=\"center\">Period 3&nbsp;<\/td><td class=\"has-text-align-center\" data-align=\"center\">11:06am &#8211; 11:51am<\/td><\/tr><tr><td class=\"has-text-align-center\" data-align=\"center\">Period 4<\/td><td class=\"has-text-align-center\" data-align=\"center\">11:54am &#8211; 12:39pm<\/td><\/tr><tr><td class=\"has-text-align-center\" data-align=\"center\"><strong>LUNCH<\/strong><\/td><td class=\"has-text-align-center\" data-align=\"center\">12:44pm &#8211; 1:12pm<\/td><\/tr><tr><td class=\"has-text-align-center\" data-align=\"center\">Period 5<\/td><td class=\"has-text-align-center\" data-align=\"center\">1:17pm &#8211; 2:02 pm<\/td><\/tr><tr><td class=\"has-text-align-center\" data-align=\"center\">Period 6<\/td><td class=\"has-text-align-center\" data-align=\"center\">2:05pm &#8211; 2:50pm<\/td><\/tr><tr><td class=\"has-text-align-center\" data-align=\"center\">Period 7<\/td><td class=\"has-text-align-center\" data-align=\"center\">2:53pm &#8211; 3:36pm<\/td><\/tr><tr><td class=\"has-text-align-center\" data-align=\"center\">DISMISSAL<\/td><td class=\"has-text-align-center\" data-align=\"center\">3:36pm<\/td><\/tr><\/tbody><\/table><\/figure>\n<\/div>\n\n\n<div style=\"height:20px\" aria-hidden=\"true\" class=\"wp-block-spacer\"><\/div>\n\n\n<div class=\"wp-block-heading\">\n<h2 class=\"wp-block-heading has-text-align-center\">Half Day Bell Schedule 2025-2026<\/h2>\n<\/div>\n\n<div class=\"wp-block-paragraph\">\n<p class=\"has-text-align-center\"><strong>*Late Arrival Cut Off 10:15am*<\/strong><\/p>\n<\/div>\n\n<div class=\"wp-block-table-container\">\n<figure class=\"wp-block-table\"><table class=\"has-fixed-layout\"><tbody><tr><td class=\"has-text-align-center\" data-align=\"center\"><strong>BREAKFAST<\/strong><\/td><td class=\"has-text-align-center\" data-align=\"center\">8:45am &#8211; 9:05am<\/td><\/tr><tr><td class=\"has-text-align-center\" data-align=\"center\"><strong>Homeroom<\/strong><\/td><td class=\"has-text-align-center\" data-align=\"center\">9:05am &#8211; 9:28am<\/td><\/tr><tr><td class=\"has-text-align-center\" data-align=\"center\">Period 1<\/td><td class=\"has-text-align-center\" data-align=\"center\">9:30am &#8211; 10:15am<\/td><\/tr><tr><td class=\"has-text-align-center\" data-align=\"center\">Period 2<\/td><td class=\"has-text-align-center\" data-align=\"center\">10:18am &#8211; 11:03am<\/td><\/tr><tr><td class=\"has-text-align-center\" data-align=\"center\">Period 3&nbsp;<\/td><td class=\"has-text-align-center\" data-align=\"center\">11:06am &#8211; 11:51am<\/td><\/tr><tr><td class=\"has-text-align-center\" data-align=\"center\">Period 4<\/td><td class=\"has-text-align-center\" data-align=\"center\">11:54am &#8211; 12:39pm<\/td><\/tr><tr><td class=\"has-text-align-center\" data-align=\"center\"><strong>LUNCH<\/strong><\/td><td class=\"has-text-align-center\" data-align=\"center\">12:44pm &#8211; 1:30pm<\/td><\/tr><tr><td class=\"has-text-align-center\" data-align=\"center\">DISMISSAL<\/td><td class=\"has-text-align-center\" data-align=\"center\">1:30pm<\/td><\/tr><\/tbody><\/table><\/figure>\n<\/div>\n\n\n<div class=\"wp-block-cover alignfull is-style-big-headline-hero\"><img decoding=\"async\" width=\"1951\" height=\"1450\" class=\"wp-block-cover__image-background wp-image-1144\" alt=\"\" src=\"http:\/\/greatoakswilm.org\/wp-content\/uploads\/2020\/11\/go-wilmington-bellyfire-productions-3984_44472660475_o.jpg\" data-object-fit=\"cover\" srcset=\"https:\/\/greatoakswilm.org\/wp-content\/uploads\/2020\/11\/go-wilmington-bellyfire-productions-3984_44472660475_o.jpg 1951w, https:\/\/greatoakswilm.org\/wp-content\/uploads\/2020\/11\/go-wilmington-bellyfire-productions-3984_44472660475_o-300x223.jpg 300w, https:\/\/greatoakswilm.org\/wp-content\/uploads\/2020\/11\/go-wilmington-bellyfire-productions-3984_44472660475_o-1024x761.jpg 1024w, https:\/\/greatoakswilm.org\/wp-content\/uploads\/2020\/11\/go-wilmington-bellyfire-productions-3984_44472660475_o-768x571.jpg 768w, https:\/\/greatoakswilm.org\/wp-content\/uploads\/2020\/11\/go-wilmington-bellyfire-productions-3984_44472660475_o-1536x1142.jpg 1536w\" sizes=\"(max-width: 1951px) 100vw, 1951px\" \/><span aria-hidden=\"true\" class=\"wp-block-cover__background has-navy-background-color has-background-dim-80 has-background-dim\"><\/span><div class=\"wp-block-cover__inner-container is-layout-flow wp-block-cover-is-layout-flow\"><div class=\"wp-block-heading\">\n<h2 class=\"wp-block-heading\">\u00bfA\u00fan tienes algunas preguntas?<\/h2>\n<\/div>\n\n<div class=\"wp-block-paragraph\">\n<p>\u00a1Cont\u00e1ctanos si necesitas m\u00e1s informaci\u00f3n!<\/p>\n<\/div>\n\n\n<div class=\"wp-block-buttons is-layout-flex wp-block-buttons-is-layout-flex\">\n<div class=\"wp-block-button\"><a class=\"wp-block-button__link has-lightgray-color has-orange-background-color has-text-color has-background no-border-radius wp-element-button\" href=\"https:\/\/greatoakswilm.org\/es\/contact\/\">CONT\u00c1CTENOS<\/a><\/div>\n<\/div>\n<\/div><\/div>\n\n\n<div class=\"wp-block-paragraph\">\n<p><\/p>\n<\/div>","protected":false},"excerpt":{"rendered":"<p>Full Day Bell Schedule 2025-2026 *Late Arrival Cut Off 10:15am* BREAKFAST 8:45am &#8211; 9:05am Homeroom 9:05am &#8211; 9:28am Period 1 9:30am &#8211; 10:15am Period 2 10:18am &#8211; 11:03am Period 3&nbsp; [&hellip;]<\/p>\n","protected":false},"author":8,"featured_media":0,"parent":0,"menu_order":0,"comment_status":"closed","ping_status":"closed","template":"","meta":{"_acf_changed":false,"_editorskit_title_hidden":false,"_editorskit_reading_time":0,"_editorskit_is_block_options_detached":false,"_editorskit_block_options_position":"{}","_monsterinsights_skip_tracking":false,"_monsterinsights_sitenote_active":false,"_monsterinsights_sitenote_note":"","_monsterinsights_sitenote_category":0,"footnotes":""},"class_list":["post-6199","page","type-page","status-publish","hentry"],"acf":[],"yoast_head":"<!-- This site is optimized with the Yoast SEO plugin v27.3 - https:\/\/yoast.com\/product\/yoast-seo-wordpress\/ -->\n<title>Bell Schedule - Great Oaks Wilmington<\/title>\n<meta name=\"robots\" content=\"index, follow, max-snippet:-1, max-image-preview:large, max-video-preview:-1\" \/>\n<link rel=\"canonical\" href=\"https:\/\/greatoakswilm.org\/es\/bell-schedule\/\" \/>\n<meta property=\"og:locale\" content=\"es_MX\" \/>\n<meta property=\"og:type\" content=\"article\" \/>\n<meta property=\"og:title\" content=\"Bell Schedule - Great Oaks Wilmington\" \/>\n<meta property=\"og:description\" content=\"Full Day Bell Schedule 2025-2026 *Late Arrival Cut Off 10:15am* BREAKFAST 8:45am &#8211; 9:05am Homeroom 9:05am &#8211; 9:28am Period 1 9:30am &#8211; 10:15am Period 2 10:18am &#8211; 11:03am Period 3&nbsp; [&hellip;]\" \/>\n<meta property=\"og:url\" content=\"https:\/\/greatoakswilm.org\/es\/bell-schedule\/\" \/>\n<meta property=\"og:site_name\" content=\"Great Oaks Wilmington\" \/>\n<meta property=\"article:modified_time\" content=\"2025-07-31T18:59:40+00:00\" \/>\n<meta property=\"og:image\" content=\"https:\/\/greatoakswilm.org\/wp-content\/uploads\/2020\/11\/go-wilmington-bellyfire-productions-3984_44472660475_o.jpg\" \/>\n\t<meta property=\"og:image:width\" content=\"1951\" \/>\n\t<meta property=\"og:image:height\" content=\"1450\" \/>\n\t<meta property=\"og:image:type\" content=\"image\/jpeg\" \/>\n<meta name=\"twitter:card\" content=\"summary_large_image\" \/>\n<meta name=\"twitter:label1\" content=\"Tiempo de lectura\" \/>\n\t<meta name=\"twitter:data1\" content=\"1 minuto\" \/>\n<script type=\"application\/ld+json\" class=\"yoast-schema-graph\">{\"@context\":\"https:\\\/\\\/schema.org\",\"@graph\":[{\"@type\":\"WebPage\",\"@id\":\"https:\\\/\\\/greatoakswilm.org\\\/bell-schedule\\\/\",\"url\":\"https:\\\/\\\/greatoakswilm.org\\\/bell-schedule\\\/\",\"name\":\"Bell Schedule - Great Oaks Wilmington\",\"isPartOf\":{\"@id\":\"https:\\\/\\\/greatoakswilm.org\\\/#website\"},\"primaryImageOfPage\":{\"@id\":\"https:\\\/\\\/greatoakswilm.org\\\/bell-schedule\\\/#primaryimage\"},\"image\":{\"@id\":\"https:\\\/\\\/greatoakswilm.org\\\/bell-schedule\\\/#primaryimage\"},\"thumbnailUrl\":\"http:\\\/\\\/greatoakswilm.org\\\/wp-content\\\/uploads\\\/2020\\\/11\\\/go-wilmington-bellyfire-productions-3984_44472660475_o.jpg\",\"datePublished\":\"2025-07-31T18:59:39+00:00\",\"dateModified\":\"2025-07-31T18:59:40+00:00\",\"breadcrumb\":{\"@id\":\"https:\\\/\\\/greatoakswilm.org\\\/bell-schedule\\\/#breadcrumb\"},\"inLanguage\":\"es\",\"potentialAction\":[{\"@type\":\"ReadAction\",\"target\":[\"https:\\\/\\\/greatoakswilm.org\\\/bell-schedule\\\/\"]}]},{\"@type\":\"ImageObject\",\"inLanguage\":\"es\",\"@id\":\"https:\\\/\\\/greatoakswilm.org\\\/bell-schedule\\\/#primaryimage\",\"url\":\"http:\\\/\\\/greatoakswilm.org\\\/wp-content\\\/uploads\\\/2020\\\/11\\\/go-wilmington-bellyfire-productions-3984_44472660475_o.jpg\",\"contentUrl\":\"http:\\\/\\\/greatoakswilm.org\\\/wp-content\\\/uploads\\\/2020\\\/11\\\/go-wilmington-bellyfire-productions-3984_44472660475_o.jpg\"},{\"@type\":\"BreadcrumbList\",\"@id\":\"https:\\\/\\\/greatoakswilm.org\\\/bell-schedule\\\/#breadcrumb\",\"itemListElement\":[{\"@type\":\"ListItem\",\"position\":1,\"name\":\"Home\",\"item\":\"https:\\\/\\\/greatoakswilm.org\\\/\"},{\"@type\":\"ListItem\",\"position\":2,\"name\":\"Bell Schedule\"}]},{\"@type\":\"WebSite\",\"@id\":\"https:\\\/\\\/greatoakswilm.org\\\/#website\",\"url\":\"https:\\\/\\\/greatoakswilm.org\\\/\",\"name\":\"Great Oaks Wilmington\",\"description\":\"Great Oaks grow from little acorns\",\"potentialAction\":[{\"@type\":\"SearchAction\",\"target\":{\"@type\":\"EntryPoint\",\"urlTemplate\":\"https:\\\/\\\/greatoakswilm.org\\\/?s={search_term_string}\"},\"query-input\":{\"@type\":\"PropertyValueSpecification\",\"valueRequired\":true,\"valueName\":\"search_term_string\"}}],\"inLanguage\":\"es\"}]}<\/script>\n<!-- \/ Yoast SEO plugin. -->","yoast_head_json":{"title":"Bell Schedule - Great Oaks Wilmington","robots":{"index":"index","follow":"follow","max-snippet":"max-snippet:-1","max-image-preview":"max-image-preview:large","max-video-preview":"max-video-preview:-1"},"canonical":"https:\/\/greatoakswilm.org\/es\/bell-schedule\/","og_locale":"es_MX","og_type":"article","og_title":"Bell Schedule - Great Oaks Wilmington","og_description":"Full Day Bell Schedule 2025-2026 *Late Arrival Cut Off 10:15am* BREAKFAST 8:45am &#8211; 9:05am Homeroom 9:05am &#8211; 9:28am Period 1 9:30am &#8211; 10:15am Period 2 10:18am &#8211; 11:03am Period 3&nbsp; [&hellip;]","og_url":"https:\/\/greatoakswilm.org\/es\/bell-schedule\/","og_site_name":"Great Oaks Wilmington","article_modified_time":"2025-07-31T18:59:40+00:00","og_image":[{"width":1951,"height":1450,"url":"https:\/\/greatoakswilm.org\/wp-content\/uploads\/2020\/11\/go-wilmington-bellyfire-productions-3984_44472660475_o.jpg","type":"image\/jpeg"}],"twitter_card":"summary_large_image","twitter_misc":{"Tiempo de lectura":"1 minuto"},"schema":{"@context":"https:\/\/schema.org","@graph":[{"@type":"WebPage","@id":"https:\/\/greatoakswilm.org\/bell-schedule\/","url":"https:\/\/greatoakswilm.org\/bell-schedule\/","name":"Bell Schedule - Great Oaks Wilmington","isPartOf":{"@id":"https:\/\/greatoakswilm.org\/#website"},"primaryImageOfPage":{"@id":"https:\/\/greatoakswilm.org\/bell-schedule\/#primaryimage"},"image":{"@id":"https:\/\/greatoakswilm.org\/bell-schedule\/#primaryimage"},"thumbnailUrl":"http:\/\/greatoakswilm.org\/wp-content\/uploads\/2020\/11\/go-wilmington-bellyfire-productions-3984_44472660475_o.jpg","datePublished":"2025-07-31T18:59:39+00:00","dateModified":"2025-07-31T18:59:40+00:00","breadcrumb":{"@id":"https:\/\/greatoakswilm.org\/bell-schedule\/#breadcrumb"},"inLanguage":"es","potentialAction":[{"@type":"ReadAction","target":["https:\/\/greatoakswilm.org\/bell-schedule\/"]}]},{"@type":"ImageObject","inLanguage":"es","@id":"https:\/\/greatoakswilm.org\/bell-schedule\/#primaryimage","url":"http:\/\/greatoakswilm.org\/wp-content\/uploads\/2020\/11\/go-wilmington-bellyfire-productions-3984_44472660475_o.jpg","contentUrl":"http:\/\/greatoakswilm.org\/wp-content\/uploads\/2020\/11\/go-wilmington-bellyfire-productions-3984_44472660475_o.jpg"},{"@type":"BreadcrumbList","@id":"https:\/\/greatoakswilm.org\/bell-schedule\/#breadcrumb","itemListElement":[{"@type":"ListItem","position":1,"name":"Home","item":"https:\/\/greatoakswilm.org\/"},{"@type":"ListItem","position":2,"name":"Bell Schedule"}]},{"@type":"WebSite","@id":"https:\/\/greatoakswilm.org\/#website","url":"https:\/\/greatoakswilm.org\/","name":"Great Oaks Wilmington","description":"Grandes robles crecen de peque\u00f1as bellotas","potentialAction":[{"@type":"SearchAction","target":{"@type":"EntryPoint","urlTemplate":"https:\/\/greatoakswilm.org\/?s={search_term_string}"},"query-input":{"@type":"PropertyValueSpecification","valueRequired":true,"valueName":"search_term_string"}}],"inLanguage":"es"}]}},"_links":{"self":[{"href":"https:\/\/greatoakswilm.org\/es\/wp-json\/wp\/v2\/pages\/6199","targetHints":{"allow":["GET"]}}],"collection":[{"href":"https:\/\/greatoakswilm.org\/es\/wp-json\/wp\/v2\/pages"}],"about":[{"href":"https:\/\/greatoakswilm.org\/es\/wp-json\/wp\/v2\/types\/page"}],"author":[{"embeddable":true,"href":"https:\/\/greatoakswilm.org\/es\/wp-json\/wp\/v2\/users\/8"}],"replies":[{"embeddable":true,"href":"https:\/\/greatoakswilm.org\/es\/wp-json\/wp\/v2\/comments?post=6199"}],"version-history":[{"count":1,"href":"https:\/\/greatoakswilm.org\/es\/wp-json\/wp\/v2\/pages\/6199\/revisions"}],"predecessor-version":[{"id":6200,"href":"https:\/\/greatoakswilm.org\/es\/wp-json\/wp\/v2\/pages\/6199\/revisions\/6200"}],"wp:attachment":[{"href":"https:\/\/greatoakswilm.org\/es\/wp-json\/wp\/v2\/media?parent=6199"}],"curies":[{"name":"wp","href":"https:\/\/api.w.org\/{rel}","templated":true}]}}