{"id":6632,"date":"2026-04-22T11:33:46","date_gmt":"2026-04-22T15:33:46","guid":{"rendered":"https:\/\/greatoakswilm.org\/?page_id=6632"},"modified":"2026-04-22T11:42:48","modified_gmt":"2026-04-22T15:42:48","slug":"athletics-website","status":"publish","type":"page","link":"https:\/\/greatoakswilm.org\/es\/athletics-website\/","title":{"rendered":"Athletics Website"},"content":{"rendered":"<section id=\"super-header-block_ddece399718f7c16da60c8d405ba17cf\" class=\"block-super-header alignfull\">\n\t<div class=\"block-super-header__container\">\n\t\t<div class=\"block-super-header__banner is-simple\" style=\"background-image:url( https:\/\/greatoakswilm.org\/wp-content\/uploads\/2026\/04\/IMG_8051.jpg ); background-position: center center;\">\n\t\t\t<div class=\"max-width-row\">\n\t\t\t\t<div class=\"block-super-header__banner-content\">\n\t\t\t\t\t\t\t\t\t<\/div>\n\t\t\t<\/div>\n\t\t<\/div>\n\t<\/div>\n<\/section>\n\n\n<div class=\"wp-block-image\"><div class=\"wp-block-image-container\">\n<figure class=\"aligncenter size-large is-resized\"><img decoding=\"async\" src=\"http:\/\/greatoakswilm.org\/wp-content\/uploads\/2020\/10\/greatoaks-logo-branding.svg\" alt=\"\" class=\"wp-image-741\" style=\"width:86px;height:75px\"\/><\/figure>\n<\/div><\/div>\n\n<div class=\"wp-block-columns-container\">\n<div class=\"wp-block-columns is-layout-flex wp-container-core-columns-is-layout-9d6595d7 wp-block-columns-is-layout-flex\">\n<div class=\"wp-block-column is-layout-flow wp-block-column-is-layout-flow\"><div class=\"wp-block-paragraph\">\n<p><strong>Nuestros deportes:<\/strong><\/p>\n<\/div>\n\n<div class=\"wp-block-list-container\">\n<ul class=\"wp-block-list\">\n<li>baloncesto masculino<\/li>\n\n\n\n<li>Animadoras<\/li>\n\n\n\n<li>Baloncesto femenino<\/li>\n\n\n\n<li>atletismo<\/li>\n<\/ul>\n<\/div>\n\n<div class=\"wp-block-paragraph\">\n<p><em>Pr\u00f3ximamente<\/em><\/p>\n<\/div>\n\n<div class=\"wp-block-list-container\">\n<ul class=\"wp-block-list\">\n<li>E Sports<\/li>\n\n\n\n<li>Flag Football<\/li>\n<\/ul>\n<\/div><\/div>\n<\/div>\n<\/div>\n\n\n<section id=\"media-box-cards-block_8ae137e628aa1c4182b70a07e48b6021\" class=\"block-media-box-cards alignfull\">\n\t<div class=\"block-media-box-cards__container\">\n\t\t<div class=\"row justify-content-center\">\n\t\t\t<div class=\"col-12 col-xl-11\">\n\t\t\t\t<div class=\"row\">\n\t\t\t\t\t\t\t\t\t\t\t\t<div class=\"col-12 col-md-6 col-lg-4 block-media-box-cards__list\">\n\t\t\t\t\t\t\t\t<div class=\"block-media-box-cards__item\" style=\"background-image:url('https:\/\/greatoakswilm.org\/wp-content\/uploads\/2026\/04\/IMGC0376-scaled.jpg');\">\n\t\t\t\t\t\t\t\t\t<a href=\"https:\/\/www.greatoakssports.com\/\" class=\"block-media-box-cards__item-body text-decoration-none\">\n\t\t\t\t\t\t\t\t\t\t<div class=\"block-media-box-cards__title\">\n\n\t\t\t\t\t\t\t\t\t\t\t<h3>Visit Our Sports Website<\/h3>\n\t\t\t\t\t\t\t\t\t\t\t<span>\n\t\t\t\t\t\t\t\t\t\t\t\t<i class=\"icon icon-arrow-right\"><\/i>\n\t\t\t\t\t\t\t\t\t\t\t<\/span>\n\t\t\t\t\t\t\t\t\t\t<\/div>\n\t\t\t\t\t\t\t\t\t<\/a>\n\t\t\t\t\t\t\t\t<\/div>\n\t\t\t\t\t\t\t<\/div>\n\n\t\t\t\t\t\t\t\t\t\t<\/div>\n\t\t\t<\/div>\n\t\t<\/div>\n\t<\/div>\n<\/section>\n\n\n\n<div class=\"wp-block-cover alignfull is-style-big-headline-hero\"><img decoding=\"async\" width=\"2560\" height=\"1707\" class=\"wp-block-cover__image-background wp-image-1866\" alt=\"\" src=\"http:\/\/greatoakswilm.org\/wp-content\/uploads\/2020\/12\/go-wilmington-bellyfire-productions-5847_30446228327_o-scaled.jpg\" data-object-fit=\"cover\" srcset=\"https:\/\/greatoakswilm.org\/wp-content\/uploads\/2020\/12\/go-wilmington-bellyfire-productions-5847_30446228327_o-scaled.jpg 2560w, https:\/\/greatoakswilm.org\/wp-content\/uploads\/2020\/12\/go-wilmington-bellyfire-productions-5847_30446228327_o-300x200.jpg 300w, https:\/\/greatoakswilm.org\/wp-content\/uploads\/2020\/12\/go-wilmington-bellyfire-productions-5847_30446228327_o-1024x683.jpg 1024w, https:\/\/greatoakswilm.org\/wp-content\/uploads\/2020\/12\/go-wilmington-bellyfire-productions-5847_30446228327_o-768x512.jpg 768w, https:\/\/greatoakswilm.org\/wp-content\/uploads\/2020\/12\/go-wilmington-bellyfire-productions-5847_30446228327_o-1536x1024.jpg 1536w, https:\/\/greatoakswilm.org\/wp-content\/uploads\/2020\/12\/go-wilmington-bellyfire-productions-5847_30446228327_o-2048x1365.jpg 2048w, https:\/\/greatoakswilm.org\/wp-content\/uploads\/2020\/12\/go-wilmington-bellyfire-productions-5847_30446228327_o-16x12.jpg 16w\" sizes=\"(max-width: 2560px) 100vw, 2560px\" \/><span aria-hidden=\"true\" class=\"wp-block-cover__background has-navy-background-color has-background-dim-80 has-background-dim\"><\/span><div class=\"wp-block-cover__inner-container is-layout-flow wp-block-cover-is-layout-flow\"><div class=\"wp-block-heading\">\n<h2 class=\"wp-block-heading\">\u00danase a nuestro \u00e1rbol geneal\u00f3gico<\/h2>\n<\/div>\n\n<div class=\"wp-block-paragraph\">\n<p>Nuestra misi\u00f3n es apoyar y orientar a nuestros estudiantes y, a su vez, a nuestra comunidad. Juntos, crezcamos.<\/p>\n<\/div>\n\n\n<div class=\"wp-block-buttons is-layout-flex wp-block-buttons-is-layout-flex\">\n<div class=\"wp-block-button\"><a class=\"wp-block-button__link has-lightgray-color has-orange-background-color has-text-color has-background wp-element-button\" href=\"http:\/\/greatoakswilm.org\/es\/enroll\/\">ENL\u00cdSTATE AHORA<\/a><\/div>\n<\/div>\n<\/div><\/div>","protected":false},"excerpt":{"rendered":"<p>Our Sports: Coming Soon<\/p>","protected":false},"author":8,"featured_media":0,"parent":0,"menu_order":12,"comment_status":"closed","ping_status":"closed","template":"","meta":{"_acf_changed":false,"_editorskit_title_hidden":false,"_editorskit_reading_time":1,"_editorskit_is_block_options_detached":false,"_editorskit_block_options_position":"{}","_monsterinsights_skip_tracking":false,"_monsterinsights_sitenote_active":false,"_monsterinsights_sitenote_note":"","_monsterinsights_sitenote_category":0,"footnotes":""},"class_list":["post-6632","page","type-page","status-publish","hentry"],"acf":[],"yoast_head":"<!-- This site is optimized with the Yoast SEO plugin v27.4 - https:\/\/yoast.com\/product\/yoast-seo-wordpress\/ -->\n<title>Clubs and Sports - Great Oaks Charter School Wilmington, Delaware<\/title>\n<meta name=\"description\" content=\"Great Oaks Wilmington offers a variety of extracurricular activities to encourage scholars to express themselves creatively and purposefully.\" \/>\n<meta name=\"robots\" content=\"index, follow, max-snippet:-1, max-image-preview:large, max-video-preview:-1\" \/>\n<link rel=\"canonical\" href=\"https:\/\/greatoakswilm.org\/es\/athletics-website\/\" \/>\n<meta property=\"og:locale\" content=\"es_MX\" \/>\n<meta property=\"og:type\" content=\"article\" \/>\n<meta property=\"og:title\" content=\"Clubs and Sports - Great Oaks Charter School Wilmington, Delaware\" \/>\n<meta property=\"og:description\" content=\"Great Oaks Wilmington offers a variety of extracurricular activities to encourage scholars to express themselves creatively and purposefully.\" \/>\n<meta property=\"og:url\" content=\"https:\/\/greatoakswilm.org\/es\/athletics-website\/\" \/>\n<meta property=\"og:site_name\" content=\"Great Oaks Wilmington\" \/>\n<meta property=\"article:modified_time\" content=\"2026-04-22T15:42:48+00:00\" \/>\n<meta name=\"twitter:card\" content=\"summary_large_image\" \/>\n<meta name=\"twitter:label1\" content=\"Tiempo de lectura\" \/>\n\t<meta name=\"twitter:data1\" content=\"2 minutos\" \/>\n<script type=\"application\/ld+json\" class=\"yoast-schema-graph\">{\"@context\":\"https:\\\/\\\/schema.org\",\"@graph\":[{\"@type\":\"WebPage\",\"@id\":\"https:\\\/\\\/greatoakswilm.org\\\/athletics-website\\\/\",\"url\":\"https:\\\/\\\/greatoakswilm.org\\\/athletics-website\\\/\",\"name\":\"Clubs and Sports - Great Oaks Charter School Wilmington, Delaware\",\"isPartOf\":{\"@id\":\"https:\\\/\\\/greatoakswilm.org\\\/#website\"},\"primaryImageOfPage\":{\"@id\":\"https:\\\/\\\/greatoakswilm.org\\\/athletics-website\\\/#primaryimage\"},\"image\":{\"@id\":\"https:\\\/\\\/greatoakswilm.org\\\/athletics-website\\\/#primaryimage\"},\"thumbnailUrl\":\"http:\\\/\\\/greatoakswilm.org\\\/wp-content\\\/uploads\\\/2020\\\/10\\\/greatoaks-logo-branding.svg\",\"datePublished\":\"2026-04-22T15:33:46+00:00\",\"dateModified\":\"2026-04-22T15:42:48+00:00\",\"description\":\"Great Oaks Wilmington offers a variety of extracurricular activities to encourage scholars to express themselves creatively and purposefully.\",\"breadcrumb\":{\"@id\":\"https:\\\/\\\/greatoakswilm.org\\\/athletics-website\\\/#breadcrumb\"},\"inLanguage\":\"es\",\"potentialAction\":[{\"@type\":\"ReadAction\",\"target\":[\"https:\\\/\\\/greatoakswilm.org\\\/athletics-website\\\/\"]}]},{\"@type\":\"ImageObject\",\"inLanguage\":\"es\",\"@id\":\"https:\\\/\\\/greatoakswilm.org\\\/athletics-website\\\/#primaryimage\",\"url\":\"http:\\\/\\\/greatoakswilm.org\\\/wp-content\\\/uploads\\\/2020\\\/10\\\/greatoaks-logo-branding.svg\",\"contentUrl\":\"http:\\\/\\\/greatoakswilm.org\\\/wp-content\\\/uploads\\\/2020\\\/10\\\/greatoaks-logo-branding.svg\"},{\"@type\":\"BreadcrumbList\",\"@id\":\"https:\\\/\\\/greatoakswilm.org\\\/athletics-website\\\/#breadcrumb\",\"itemListElement\":[{\"@type\":\"ListItem\",\"position\":1,\"name\":\"Home\",\"item\":\"https:\\\/\\\/greatoakswilm.org\\\/\"},{\"@type\":\"ListItem\",\"position\":2,\"name\":\"Athletics Website\"}]},{\"@type\":\"WebSite\",\"@id\":\"https:\\\/\\\/greatoakswilm.org\\\/#website\",\"url\":\"https:\\\/\\\/greatoakswilm.org\\\/\",\"name\":\"Great Oaks Wilmington\",\"description\":\"Great Oaks grow from little acorns\",\"potentialAction\":[{\"@type\":\"SearchAction\",\"target\":{\"@type\":\"EntryPoint\",\"urlTemplate\":\"https:\\\/\\\/greatoakswilm.org\\\/?s={search_term_string}\"},\"query-input\":{\"@type\":\"PropertyValueSpecification\",\"valueRequired\":true,\"valueName\":\"search_term_string\"}}],\"inLanguage\":\"es\"}]}<\/script>\n<!-- \/ Yoast SEO plugin. -->","yoast_head_json":{"title":"Clubes y deportes - Great Oaks Charter School Wilmington, Delaware","description":"Great Oaks Wilmington ofrece una variedad de actividades extracurriculares para alentar a los estudiantes a expresarse de manera creativa y resuelta.","robots":{"index":"index","follow":"follow","max-snippet":"max-snippet:-1","max-image-preview":"max-image-preview:large","max-video-preview":"max-video-preview:-1"},"canonical":"https:\/\/greatoakswilm.org\/es\/athletics-website\/","og_locale":"es_MX","og_type":"article","og_title":"Clubs and Sports - Great Oaks Charter School Wilmington, Delaware","og_description":"Great Oaks Wilmington offers a variety of extracurricular activities to encourage scholars to express themselves creatively and purposefully.","og_url":"https:\/\/greatoakswilm.org\/es\/athletics-website\/","og_site_name":"Great Oaks Wilmington","article_modified_time":"2026-04-22T15:42:48+00:00","twitter_card":"summary_large_image","twitter_misc":{"Tiempo de lectura":"2 minutos"},"schema":{"@context":"https:\/\/schema.org","@graph":[{"@type":"WebPage","@id":"https:\/\/greatoakswilm.org\/athletics-website\/","url":"https:\/\/greatoakswilm.org\/athletics-website\/","name":"Clubes y deportes - Great Oaks Charter School Wilmington, Delaware","isPartOf":{"@id":"https:\/\/greatoakswilm.org\/#website"},"primaryImageOfPage":{"@id":"https:\/\/greatoakswilm.org\/athletics-website\/#primaryimage"},"image":{"@id":"https:\/\/greatoakswilm.org\/athletics-website\/#primaryimage"},"thumbnailUrl":"http:\/\/greatoakswilm.org\/wp-content\/uploads\/2020\/10\/greatoaks-logo-branding.svg","datePublished":"2026-04-22T15:33:46+00:00","dateModified":"2026-04-22T15:42:48+00:00","description":"Great Oaks Wilmington ofrece una variedad de actividades extracurriculares para alentar a los estudiantes a expresarse de manera creativa y resuelta.","breadcrumb":{"@id":"https:\/\/greatoakswilm.org\/athletics-website\/#breadcrumb"},"inLanguage":"es","potentialAction":[{"@type":"ReadAction","target":["https:\/\/greatoakswilm.org\/athletics-website\/"]}]},{"@type":"ImageObject","inLanguage":"es","@id":"https:\/\/greatoakswilm.org\/athletics-website\/#primaryimage","url":"http:\/\/greatoakswilm.org\/wp-content\/uploads\/2020\/10\/greatoaks-logo-branding.svg","contentUrl":"http:\/\/greatoakswilm.org\/wp-content\/uploads\/2020\/10\/greatoaks-logo-branding.svg"},{"@type":"BreadcrumbList","@id":"https:\/\/greatoakswilm.org\/athletics-website\/#breadcrumb","itemListElement":[{"@type":"ListItem","position":1,"name":"Home","item":"https:\/\/greatoakswilm.org\/"},{"@type":"ListItem","position":2,"name":"Athletics Website"}]},{"@type":"WebSite","@id":"https:\/\/greatoakswilm.org\/#website","url":"https:\/\/greatoakswilm.org\/","name":"Great Oaks Wilmington","description":"Grandes robles crecen de peque\u00f1as bellotas","potentialAction":[{"@type":"SearchAction","target":{"@type":"EntryPoint","urlTemplate":"https:\/\/greatoakswilm.org\/?s={search_term_string}"},"query-input":{"@type":"PropertyValueSpecification","valueRequired":true,"valueName":"search_term_string"}}],"inLanguage":"es"}]}},"_links":{"self":[{"href":"https:\/\/greatoakswilm.org\/es\/wp-json\/wp\/v2\/pages\/6632","targetHints":{"allow":["GET"]}}],"collection":[{"href":"https:\/\/greatoakswilm.org\/es\/wp-json\/wp\/v2\/pages"}],"about":[{"href":"https:\/\/greatoakswilm.org\/es\/wp-json\/wp\/v2\/types\/page"}],"author":[{"embeddable":true,"href":"https:\/\/greatoakswilm.org\/es\/wp-json\/wp\/v2\/users\/8"}],"replies":[{"embeddable":true,"href":"https:\/\/greatoakswilm.org\/es\/wp-json\/wp\/v2\/comments?post=6632"}],"version-history":[{"count":5,"href":"https:\/\/greatoakswilm.org\/es\/wp-json\/wp\/v2\/pages\/6632\/revisions"}],"predecessor-version":[{"id":6643,"href":"https:\/\/greatoakswilm.org\/es\/wp-json\/wp\/v2\/pages\/6632\/revisions\/6643"}],"wp:attachment":[{"href":"https:\/\/greatoakswilm.org\/es\/wp-json\/wp\/v2\/media?parent=6632"}],"curies":[{"name":"wp","href":"https:\/\/api.w.org\/{rel}","templated":true}]}}