{"id":829,"date":"2020-11-02T10:59:25","date_gmt":"2020-11-02T15:59:25","guid":{"rendered":"http:\/\/firstascentstaging.com\/greatoaks2020\/?page_id=829"},"modified":"2025-07-30T10:50:36","modified_gmt":"2025-07-30T14:50:36","slug":"parents","status":"publish","type":"page","link":"https:\/\/greatoakswilm.org\/es\/parents\/","title":{"rendered":"Student &amp; Families"},"content":{"rendered":"<section id=\"super-header-block_80118cdbc5b804a55929b46d2889b200\" class=\"block-super-header alignfull\">\n\t<div class=\"block-super-header__container\">\n\t\t<div class=\"block-super-header__banner is-simple\" style=\"background-image:url( https:\/\/greatoakswilm.org\/wp-content\/uploads\/2020\/10\/go-wilmington-bellyfire-productions-5185_43569769350_o.jpg ); background-position: center center;\">\n\t\t\t<div class=\"max-width-row\">\n\t\t\t\t<div class=\"block-super-header__banner-content\">\n\t\t\t\t\t<h1>Why Great Oaks?<\/h1>\n\t\t\t\t<\/div>\n\t\t\t<\/div>\n\t\t<\/div>\n\t<\/div>\n<\/section>\n\n\n\n<div class=\"wp-block-group alignfull\"><div class=\"wp-block-group__inner-container is-layout-flow wp-block-group-is-layout-flow\"><div class=\"wp-block-columns-container\">\n<div class=\"wp-block-columns are-vertically-aligned-center is-layout-flex wp-container-core-columns-is-layout-9d6595d7 wp-block-columns-is-layout-flex\">\n<div class=\"wp-block-column is-vertically-aligned-center is-layout-flow wp-block-column-is-layout-flow\"><div class=\"wp-block-image-container\">\n<figure class=\"wp-block-image size-large\"><img decoding=\"async\" width=\"789\" height=\"657\" src=\"http:\/\/greatoakswilm.org\/wp-content\/uploads\/2020\/11\/go-wilmington-bellyfire-productions-6053_31511129308_o.jpg\" alt=\"\" class=\"wp-image-905\" srcset=\"https:\/\/greatoakswilm.org\/wp-content\/uploads\/2020\/11\/go-wilmington-bellyfire-productions-6053_31511129308_o.jpg 789w, https:\/\/greatoakswilm.org\/wp-content\/uploads\/2020\/11\/go-wilmington-bellyfire-productions-6053_31511129308_o-300x250.jpg 300w, https:\/\/greatoakswilm.org\/wp-content\/uploads\/2020\/11\/go-wilmington-bellyfire-productions-6053_31511129308_o-768x640.jpg 768w\" sizes=\"(max-width: 789px) 100vw, 789px\" \/><\/figure>\n<\/div><\/div>\n\n\n\n<div class=\"wp-block-column is-vertically-aligned-center is-layout-flow wp-block-column-is-layout-flow\"><div class=\"wp-block-heading\">\n<h2 class=\"wp-block-heading has-navy-color has-text-color\">Qu\u00e9 nos diferencia<\/h2>\n<\/div>\n\n<div class=\"wp-block-paragraph\">\n<p>We want every student to graduate from high school with a clear plan for their future. We invest the extra resources to support each individual student as they chase their dreams. In our high school, we empower our students to take their skills to the next level by exploring career pathways, planning for their future goals, and becoming change-makers in their community. We believe that by providing a great charter school education, supported by excellent teachers and our dedicated staff, we can set our students on the path to success.<\/p>\n<\/div><\/div>\n<\/div>\n<\/div><\/div><\/div>\n\n\n\n<div class=\"wp-block-group alignfull\"><div class=\"wp-block-group__inner-container is-layout-flow wp-block-group-is-layout-flow\">\n<div style=\"height:50px\" aria-hidden=\"true\" class=\"wp-block-spacer\"><\/div>\n\n\n\n<div class=\"wp-block-group\"><div class=\"wp-block-group__inner-container is-layout-flow wp-block-group-is-layout-flow\"><div class=\"wp-block-columns-container\">\n<div class=\"wp-block-columns are-vertically-aligned-center is-layout-flex wp-container-core-columns-is-layout-9d6595d7 wp-block-columns-is-layout-flex\">\n<div class=\"wp-block-column is-vertically-aligned-center is-layout-flow wp-block-column-is-layout-flow\"><div class=\"wp-block-heading\">\n<h2 class=\"wp-block-heading has-navy-color has-text-color\">Participaci\u00f3n familiar<\/h2>\n<\/div>\n\n<div class=\"wp-block-paragraph\">\n<p>Parent and family involvement is a vital part of the academic success of our students. We fully stand behind the concept, \u201cit takes a community to raise a child.\u201d Our school actively aims to keep each child\u2019s at-home support system involved in their education process, from student support meetings, to learning opportunities through our Parent Camp, to family fun events and sports.<\/p>\n<\/div>\n\n<div class=\"wp-block-paragraph\">\n<p><br>Somos una escuela aut\u00f3noma p\u00fablica y gratuita que sirve a los estudiantes de Wilmington, DE y las \u00e1reas circundantes. Nos esforzamos por cultivar una atm\u00f3sfera de aprendizaje alegre y nos enfocamos en brindar instrucci\u00f3n rigurosa al mismo tiempo que apoyamos y alentamos la exploraci\u00f3n de los talentos de cada estudiante.<\/p>\n<\/div><\/div>\n\n\n\n<div class=\"wp-block-column is-vertically-aligned-center is-layout-flow wp-block-column-is-layout-flow\"><div class=\"wp-block-image-container\">\n<figure class=\"wp-block-image size-large\"><img decoding=\"async\" width=\"1024\" height=\"705\" src=\"http:\/\/greatoakswilm.org\/wp-content\/uploads\/2020\/12\/go-wilmington-bellyfire-productions-6100_31511114318_o-scaled-e1608210792672-1024x705.jpg\" alt=\"\" class=\"wp-image-1864\" srcset=\"https:\/\/greatoakswilm.org\/wp-content\/uploads\/2020\/12\/go-wilmington-bellyfire-productions-6100_31511114318_o-scaled-e1608210792672-1024x705.jpg 1024w, https:\/\/greatoakswilm.org\/wp-content\/uploads\/2020\/12\/go-wilmington-bellyfire-productions-6100_31511114318_o-scaled-e1608210792672-300x207.jpg 300w, https:\/\/greatoakswilm.org\/wp-content\/uploads\/2020\/12\/go-wilmington-bellyfire-productions-6100_31511114318_o-scaled-e1608210792672-768x529.jpg 768w, https:\/\/greatoakswilm.org\/wp-content\/uploads\/2020\/12\/go-wilmington-bellyfire-productions-6100_31511114318_o-scaled-e1608210792672-1536x1058.jpg 1536w, https:\/\/greatoakswilm.org\/wp-content\/uploads\/2020\/12\/go-wilmington-bellyfire-productions-6100_31511114318_o-scaled-e1608210792672-2048x1411.jpg 2048w, https:\/\/greatoakswilm.org\/wp-content\/uploads\/2020\/12\/go-wilmington-bellyfire-productions-6100_31511114318_o-scaled-e1608210792672-16x12.jpg 16w\" sizes=\"(max-width: 1024px) 100vw, 1024px\" \/><\/figure>\n<\/div><\/div>\n<\/div>\n<\/div><\/div><\/div>\n<\/div><\/div>\n\n\n<div class=\"wp-block-columns-container\">\n<div class=\"wp-block-columns are-vertically-aligned-center is-layout-flex wp-container-core-columns-is-layout-9d6595d7 wp-block-columns-is-layout-flex\">\n<div class=\"wp-block-column is-vertically-aligned-center is-layout-flow wp-block-column-is-layout-flow\"><div class=\"wp-block-image-container\">\n<figure class=\"wp-block-image size-large\"><img decoding=\"async\" width=\"1024\" height=\"683\" src=\"http:\/\/greatoakswilm.org\/wp-content\/uploads\/2024\/05\/Screen-Shot-2023-08-04-at-9.49.37-AM-2-1024x683.png\" alt=\"\" class=\"wp-image-5423\" srcset=\"https:\/\/greatoakswilm.org\/wp-content\/uploads\/2024\/05\/Screen-Shot-2023-08-04-at-9.49.37-AM-2-1024x683.png 1024w, https:\/\/greatoakswilm.org\/wp-content\/uploads\/2024\/05\/Screen-Shot-2023-08-04-at-9.49.37-AM-2-300x200.png 300w, https:\/\/greatoakswilm.org\/wp-content\/uploads\/2024\/05\/Screen-Shot-2023-08-04-at-9.49.37-AM-2-768x512.png 768w, https:\/\/greatoakswilm.org\/wp-content\/uploads\/2024\/05\/Screen-Shot-2023-08-04-at-9.49.37-AM-2-1536x1025.png 1536w, https:\/\/greatoakswilm.org\/wp-content\/uploads\/2024\/05\/Screen-Shot-2023-08-04-at-9.49.37-AM-2-2048x1366.png 2048w, https:\/\/greatoakswilm.org\/wp-content\/uploads\/2024\/05\/Screen-Shot-2023-08-04-at-9.49.37-AM-2-18x12.png 18w\" sizes=\"(max-width: 1024px) 100vw, 1024px\" \/><\/figure>\n<\/div><\/div>\n\n\n\n<div class=\"wp-block-column is-vertically-aligned-center is-layout-flow wp-block-column-is-layout-flow\"><div class=\"wp-block-heading\">\n<h2 class=\"wp-block-heading has-navy-color has-text-color\">Testimonials<\/h2>\n<\/div>\n\n<div class=\"wp-block-paragraph\">\n<p><em>I chose Great Oaks because of who we are. We&#8217;re not just a school. Great Oaks is a community with our students as the heartbeat of that community. Visitors to our school are amazed at the vibe and culture created here. We function as a family and truly believe we are in this together; admin, staff, and students. Every one of us is a valuable part of the success of Great Oaks.<\/em> &#8211;<strong>Dr. Parana<\/strong><\/p>\n<\/div>\n\n<div class=\"wp-block-paragraph\">\n<p><em>I chose to join Great Oaks High School as the Director of Climate and Culture because I believe that a positive, inclusive school environment is the foundation for student success. Great Oaks commitment to equality, restorative practices, and community building aligns deeply with my passion for creating spaces where all students feel seen, heard and supported. I am proud to contribute to a school culture that prioritizes both academic excellence and student well being.<\/em> &#8211;<strong>Mr. Davis<\/strong><\/p>\n<\/div>\n\n<div class=\"wp-block-paragraph\">\n<p><em>I continue to choose Great Oaks because our small school allows me to dedicate my time to make a significant impact on the lives of EVERY student, EVERY day by connecting and engaging with them to succeed No Matter What! When you walk through our doors you can see and feel our strong community. &#8211;<\/em><strong>Principal Price<\/strong><\/p>\n<\/div><\/div>\n<\/div>\n<\/div>\n\n<div class=\"wp-block-columns-container\">\n<div class=\"wp-block-columns is-layout-flex wp-container-core-columns-is-layout-9d6595d7 wp-block-columns-is-layout-flex\"><\/div>\n<\/div>\n\n<div class=\"wp-block-columns-container\">\n<div class=\"wp-block-columns is-layout-flex wp-container-core-columns-is-layout-9d6595d7 wp-block-columns-is-layout-flex\"><\/div>\n<\/div>\n\n<div class=\"wp-block-columns-container\">\n<div class=\"wp-block-columns is-layout-flex wp-container-core-columns-is-layout-9d6595d7 wp-block-columns-is-layout-flex\"><\/div>\n<\/div>\n\n<div class=\"wp-block-columns-container\">\n<div class=\"wp-block-columns is-layout-flex wp-container-core-columns-is-layout-9d6595d7 wp-block-columns-is-layout-flex\"><\/div>\n<\/div>\n\n<div class=\"wp-block-image\"><div class=\"wp-block-image-container\">\n<figure class=\"aligncenter size-large is-resized\"><img decoding=\"async\" src=\"http:\/\/greatoakswilm.org\/wp-content\/uploads\/2020\/10\/greatoaks-logo-branding.svg\" alt=\"\" class=\"wp-image-741\" style=\"width:86px;height:75px\"\/><\/figure>\n<\/div><\/div>\n\n\n<section id=\"image-bg-color-stack-block_57684aeb5cd8e4a93b2c99c114eddbc7\" class=\"block-image-bg-color-stack alignfull\">\n\t<div class=\"block-image-bg-color-stack__container\">\n\t\t<div class=\"block-image-bg-color-stack__container-inner bg-under-text\">\n\t\t\t<div class=\"block-image-bg-color-stack__image\">\n\t\t\t\t<img decoding=\"async\" src=\"https:\/\/greatoakswilm.org\/wp-content\/uploads\/2020\/11\/go-wilmington-bellyfire-productions-6443_30446135827_o-839x647.jpg\" alt=\"Vaya Wilmington Bellyfire Productions 6443 30446135827 O\">\n\t\t\t<\/div>\n\t\t\t<div class=\"block-image-bg-color-stack__text\">\n\t\t\t\t<div class=\"block-image-bg-color-stack__text-inner\">\n\t\t\t\t\t\t\t\t\t\t<div class=\"block-image-bg-color-stack__text-content\">\n\t\t\t\t\t\t<h2>Nuevos estudiantes<\/h2>\n<p>We would love to welcome you to our Great Oaks Charter School family.<\/p>\n<p>Our intimate school community provides a foundation for safe and positive learning and enhances students&#8217; ability to succeed in school through targeted tutoring provided to every single student. We serve grades 9-12. Our application can be found here: <a href=\"https:\/\/www.schoolchoicede.org\/ApplyInfo\/GreatOaks2021\">https:\/\/www.schoolchoicede.org\/ApplyInfo\/GreatOaks2021<\/a> If you would like to tour our school, please give us a call at (302) 660-4790 or email us <a href=\"mailto:contactus@greatoakswilm.org\">contactus@greatoakswilm.org<\/a>. We are excited to potentially welcome you as a part of the Great Oaks Family.<\/p>\n\t\t\t\t\t<\/div>\n\t\t\t\t<\/div>\n\t\t\t<\/div>\n\t\t<\/div>\n\t<\/div>\n<\/section>\n\n\n\n<div class=\"wp-block-group alignfull is-style-default\"><div class=\"wp-block-group__inner-container is-layout-constrained wp-block-group-is-layout-constrained\"><div class=\"wp-block-paragraph\">\n<p><\/p>\n<\/div>\n\n\n<div class=\"wp-block-cover alignfull has-custom-content-position is-position-center-left is-style-big-headline-hero\" style=\"min-height:592px;aspect-ratio:unset;\"><span aria-hidden=\"true\" class=\"wp-block-cover__background has-navy-background-color has-background-dim\"><\/span><img decoding=\"async\" width=\"2560\" height=\"1707\" class=\"wp-block-cover__image-background wp-image-5431\" alt=\"\" src=\"http:\/\/greatoakswilm.org\/wp-content\/uploads\/2024\/05\/150378902-huge-1-scaled.jpg\" data-object-fit=\"cover\" srcset=\"https:\/\/greatoakswilm.org\/wp-content\/uploads\/2024\/05\/150378902-huge-1-scaled.jpg 2560w, https:\/\/greatoakswilm.org\/wp-content\/uploads\/2024\/05\/150378902-huge-1-300x200.jpg 300w, https:\/\/greatoakswilm.org\/wp-content\/uploads\/2024\/05\/150378902-huge-1-1024x683.jpg 1024w, https:\/\/greatoakswilm.org\/wp-content\/uploads\/2024\/05\/150378902-huge-1-768x512.jpg 768w, https:\/\/greatoakswilm.org\/wp-content\/uploads\/2024\/05\/150378902-huge-1-1536x1024.jpg 1536w, https:\/\/greatoakswilm.org\/wp-content\/uploads\/2024\/05\/150378902-huge-1-2048x1365.jpg 2048w, https:\/\/greatoakswilm.org\/wp-content\/uploads\/2024\/05\/150378902-huge-1-18x12.jpg 18w\" sizes=\"(max-width: 2560px) 100vw, 2560px\" \/><div class=\"wp-block-cover__inner-container is-layout-flow wp-block-cover-is-layout-flow\"><div class=\"wp-block-heading\">\n<h2 class=\"wp-block-heading\">\u00danase a nuestro \u00e1rbol geneal\u00f3gico<\/h2>\n<\/div>\n\n<div class=\"wp-block-paragraph\">\n<p>Our mission is to provide a safe, effective, and innovative learning environment that empowers each individual to reach their highest potential. With a high dosage of mentorship and small class sizes, our students receive personalized attention that helps them thrive. Additionally, we have a dedicated Special Education department that offers specialized support to our students with unique needs.<\/p>\n<\/div>\n\n<div class=\"wp-block-paragraph\">\n<p>At Great Oaks, we are a family. Let&#8217;s grow together.<\/p>\n<\/div>\n\n\n<div class=\"wp-block-buttons is-layout-flex wp-block-buttons-is-layout-flex\">\n<div class=\"wp-block-button\"><a class=\"wp-block-button__link has-lightgray-color has-orange-background-color has-text-color has-background wp-element-button\" href=\"http:\/\/greatoakswilm.org\/es\/enroll\/\">ENL\u00cdSTATE AHORA<\/a><\/div>\n<\/div>\n<\/div><\/div>\n<\/div><\/div>","protected":false},"excerpt":{"rendered":"<p>What Makes Us Different We want every student to graduate from high school with a clear plan for their future. We invest the extra resources to support each individual student [&hellip;]<\/p>\n","protected":false},"author":1,"featured_media":0,"parent":0,"menu_order":14,"comment_status":"closed","ping_status":"closed","template":"","meta":{"_acf_changed":false,"_editorskit_title_hidden":false,"_editorskit_reading_time":1,"_editorskit_is_block_options_detached":false,"_editorskit_block_options_position":"{}","_monsterinsights_skip_tracking":false,"_monsterinsights_sitenote_active":false,"_monsterinsights_sitenote_note":"","_monsterinsights_sitenote_category":0,"footnotes":""},"class_list":["post-829","page","type-page","status-publish","hentry"],"acf":[],"yoast_head":"<!-- This site is optimized with the Yoast SEO plugin v27.4 - https:\/\/yoast.com\/product\/yoast-seo-wordpress\/ -->\n<title>Parent and Family Involvement - Great Oaks Charter School Wilmington<\/title>\n<meta name=\"description\" content=\"Parent and family involvement is a vital part of the academic success of our students at Great Oaks - a free public charter school in Wilmington, DE.\" \/>\n<meta name=\"robots\" content=\"index, follow, max-snippet:-1, max-image-preview:large, max-video-preview:-1\" \/>\n<link rel=\"canonical\" href=\"https:\/\/greatoakswilm.org\/es\/parents\/\" \/>\n<meta property=\"og:locale\" content=\"es_MX\" \/>\n<meta property=\"og:type\" content=\"article\" \/>\n<meta property=\"og:title\" content=\"Parent and Family Involvement - Great Oaks Charter School Wilmington\" \/>\n<meta property=\"og:description\" content=\"Parent and family involvement is a vital part of the academic success of our students at Great Oaks - a free public charter school in Wilmington, DE.\" \/>\n<meta property=\"og:url\" content=\"https:\/\/greatoakswilm.org\/es\/parents\/\" \/>\n<meta property=\"og:site_name\" content=\"Great Oaks Wilmington\" \/>\n<meta property=\"article:modified_time\" content=\"2025-07-30T14:50:36+00:00\" \/>\n<meta property=\"og:image\" content=\"https:\/\/greatoakswilm.org\/wp-content\/uploads\/2020\/11\/go-wilmington-bellyfire-productions-6053_31511129308_o.jpg\" \/>\n\t<meta property=\"og:image:width\" content=\"789\" \/>\n\t<meta property=\"og:image:height\" content=\"657\" \/>\n\t<meta property=\"og:image:type\" content=\"image\/jpeg\" \/>\n<meta name=\"twitter:card\" content=\"summary_large_image\" \/>\n<meta name=\"twitter:label1\" content=\"Tiempo de lectura\" \/>\n\t<meta name=\"twitter:data1\" content=\"6 minutos\" \/>\n<script type=\"application\/ld+json\" class=\"yoast-schema-graph\">{\"@context\":\"https:\\\/\\\/schema.org\",\"@graph\":[{\"@type\":\"WebPage\",\"@id\":\"https:\\\/\\\/greatoakswilm.org\\\/parents\\\/\",\"url\":\"https:\\\/\\\/greatoakswilm.org\\\/parents\\\/\",\"name\":\"Parent and Family Involvement - Great Oaks Charter School Wilmington\",\"isPartOf\":{\"@id\":\"https:\\\/\\\/greatoakswilm.org\\\/#website\"},\"primaryImageOfPage\":{\"@id\":\"https:\\\/\\\/greatoakswilm.org\\\/parents\\\/#primaryimage\"},\"image\":{\"@id\":\"https:\\\/\\\/greatoakswilm.org\\\/parents\\\/#primaryimage\"},\"thumbnailUrl\":\"http:\\\/\\\/greatoakswilm.org\\\/wp-content\\\/uploads\\\/2020\\\/11\\\/go-wilmington-bellyfire-productions-6053_31511129308_o.jpg\",\"datePublished\":\"2020-11-02T15:59:25+00:00\",\"dateModified\":\"2025-07-30T14:50:36+00:00\",\"description\":\"Parent and family involvement is a vital part of the academic success of our students at Great Oaks - a free public charter school in Wilmington, DE.\",\"breadcrumb\":{\"@id\":\"https:\\\/\\\/greatoakswilm.org\\\/parents\\\/#breadcrumb\"},\"inLanguage\":\"es\",\"potentialAction\":[{\"@type\":\"ReadAction\",\"target\":[\"https:\\\/\\\/greatoakswilm.org\\\/parents\\\/\"]}]},{\"@type\":\"ImageObject\",\"inLanguage\":\"es\",\"@id\":\"https:\\\/\\\/greatoakswilm.org\\\/parents\\\/#primaryimage\",\"url\":\"http:\\\/\\\/greatoakswilm.org\\\/wp-content\\\/uploads\\\/2020\\\/11\\\/go-wilmington-bellyfire-productions-6053_31511129308_o.jpg\",\"contentUrl\":\"http:\\\/\\\/greatoakswilm.org\\\/wp-content\\\/uploads\\\/2020\\\/11\\\/go-wilmington-bellyfire-productions-6053_31511129308_o.jpg\"},{\"@type\":\"BreadcrumbList\",\"@id\":\"https:\\\/\\\/greatoakswilm.org\\\/parents\\\/#breadcrumb\",\"itemListElement\":[{\"@type\":\"ListItem\",\"position\":1,\"name\":\"Home\",\"item\":\"https:\\\/\\\/greatoakswilm.org\\\/\"},{\"@type\":\"ListItem\",\"position\":2,\"name\":\"Student &amp; Families\"}]},{\"@type\":\"WebSite\",\"@id\":\"https:\\\/\\\/greatoakswilm.org\\\/#website\",\"url\":\"https:\\\/\\\/greatoakswilm.org\\\/\",\"name\":\"Great Oaks Wilmington\",\"description\":\"Great Oaks grow from little acorns\",\"potentialAction\":[{\"@type\":\"SearchAction\",\"target\":{\"@type\":\"EntryPoint\",\"urlTemplate\":\"https:\\\/\\\/greatoakswilm.org\\\/?s={search_term_string}\"},\"query-input\":{\"@type\":\"PropertyValueSpecification\",\"valueRequired\":true,\"valueName\":\"search_term_string\"}}],\"inLanguage\":\"es\"}]}<\/script>\n<!-- \/ Yoast SEO plugin. -->","yoast_head_json":{"title":"Participaci\u00f3n de los padres y la familia - Great Oaks Charter School Wilmington","description":"La participaci\u00f3n de los padres y las familias es una parte vital del \u00e9xito acad\u00e9mico de nuestros estudiantes en Great Oaks, una escuela p\u00fablica aut\u00f3noma gratuita en Wilmington, DE.","robots":{"index":"index","follow":"follow","max-snippet":"max-snippet:-1","max-image-preview":"max-image-preview:large","max-video-preview":"max-video-preview:-1"},"canonical":"https:\/\/greatoakswilm.org\/es\/parents\/","og_locale":"es_MX","og_type":"article","og_title":"Parent and Family Involvement - Great Oaks Charter School Wilmington","og_description":"Parent and family involvement is a vital part of the academic success of our students at Great Oaks - a free public charter school in Wilmington, DE.","og_url":"https:\/\/greatoakswilm.org\/es\/parents\/","og_site_name":"Great Oaks Wilmington","article_modified_time":"2025-07-30T14:50:36+00:00","og_image":[{"width":789,"height":657,"url":"https:\/\/greatoakswilm.org\/wp-content\/uploads\/2020\/11\/go-wilmington-bellyfire-productions-6053_31511129308_o.jpg","type":"image\/jpeg"}],"twitter_card":"summary_large_image","twitter_misc":{"Tiempo de lectura":"6 minutos"},"schema":{"@context":"https:\/\/schema.org","@graph":[{"@type":"WebPage","@id":"https:\/\/greatoakswilm.org\/parents\/","url":"https:\/\/greatoakswilm.org\/parents\/","name":"Participaci\u00f3n de los padres y la familia - Great Oaks Charter School Wilmington","isPartOf":{"@id":"https:\/\/greatoakswilm.org\/#website"},"primaryImageOfPage":{"@id":"https:\/\/greatoakswilm.org\/parents\/#primaryimage"},"image":{"@id":"https:\/\/greatoakswilm.org\/parents\/#primaryimage"},"thumbnailUrl":"http:\/\/greatoakswilm.org\/wp-content\/uploads\/2020\/11\/go-wilmington-bellyfire-productions-6053_31511129308_o.jpg","datePublished":"2020-11-02T15:59:25+00:00","dateModified":"2025-07-30T14:50:36+00:00","description":"La participaci\u00f3n de los padres y las familias es una parte vital del \u00e9xito acad\u00e9mico de nuestros estudiantes en Great Oaks, una escuela p\u00fablica aut\u00f3noma gratuita en Wilmington, DE.","breadcrumb":{"@id":"https:\/\/greatoakswilm.org\/parents\/#breadcrumb"},"inLanguage":"es","potentialAction":[{"@type":"ReadAction","target":["https:\/\/greatoakswilm.org\/parents\/"]}]},{"@type":"ImageObject","inLanguage":"es","@id":"https:\/\/greatoakswilm.org\/parents\/#primaryimage","url":"http:\/\/greatoakswilm.org\/wp-content\/uploads\/2020\/11\/go-wilmington-bellyfire-productions-6053_31511129308_o.jpg","contentUrl":"http:\/\/greatoakswilm.org\/wp-content\/uploads\/2020\/11\/go-wilmington-bellyfire-productions-6053_31511129308_o.jpg"},{"@type":"BreadcrumbList","@id":"https:\/\/greatoakswilm.org\/parents\/#breadcrumb","itemListElement":[{"@type":"ListItem","position":1,"name":"Home","item":"https:\/\/greatoakswilm.org\/"},{"@type":"ListItem","position":2,"name":"Student &amp; Families"}]},{"@type":"WebSite","@id":"https:\/\/greatoakswilm.org\/#website","url":"https:\/\/greatoakswilm.org\/","name":"Great Oaks Wilmington","description":"Grandes robles crecen de peque\u00f1as bellotas","potentialAction":[{"@type":"SearchAction","target":{"@type":"EntryPoint","urlTemplate":"https:\/\/greatoakswilm.org\/?s={search_term_string}"},"query-input":{"@type":"PropertyValueSpecification","valueRequired":true,"valueName":"search_term_string"}}],"inLanguage":"es"}]}},"_links":{"self":[{"href":"https:\/\/greatoakswilm.org\/es\/wp-json\/wp\/v2\/pages\/829","targetHints":{"allow":["GET"]}}],"collection":[{"href":"https:\/\/greatoakswilm.org\/es\/wp-json\/wp\/v2\/pages"}],"about":[{"href":"https:\/\/greatoakswilm.org\/es\/wp-json\/wp\/v2\/types\/page"}],"author":[{"embeddable":true,"href":"https:\/\/greatoakswilm.org\/es\/wp-json\/wp\/v2\/users\/1"}],"replies":[{"embeddable":true,"href":"https:\/\/greatoakswilm.org\/es\/wp-json\/wp\/v2\/comments?post=829"}],"version-history":[{"count":21,"href":"https:\/\/greatoakswilm.org\/es\/wp-json\/wp\/v2\/pages\/829\/revisions"}],"predecessor-version":[{"id":6158,"href":"https:\/\/greatoakswilm.org\/es\/wp-json\/wp\/v2\/pages\/829\/revisions\/6158"}],"wp:attachment":[{"href":"https:\/\/greatoakswilm.org\/es\/wp-json\/wp\/v2\/media?parent=829"}],"curies":[{"name":"wp","href":"https:\/\/api.w.org\/{rel}","templated":true}]}}