{"id":969,"date":"2020-11-05T10:05:34","date_gmt":"2020-11-05T15:05:34","guid":{"rendered":"http:\/\/firstascentstaging.com\/greatoaks2020\/?page_id=969"},"modified":"2025-07-30T11:03:10","modified_gmt":"2025-07-30T15:03:10","slug":"students","status":"publish","type":"page","link":"https:\/\/greatoakswilm.org\/es\/students\/","title":{"rendered":"Teaching &amp; Learning"},"content":{"rendered":"<section id=\"super-header-block_eb931494aa539e50816791eca24ac4ed\" class=\"block-super-header alignfull\">\n\t<div class=\"block-super-header__container\">\n\t\t<div class=\"block-super-header__banner is-simple\" style=\"background-image:url( https:\/\/greatoakswilm.org\/wp-content\/uploads\/2020\/11\/go-wilmington-bellyfire-productions-5541_44662541044_o-e1608210881403.jpg ); background-position: center center;\">\n\t\t\t<div class=\"max-width-row\">\n\t\t\t\t<div class=\"block-super-header__banner-content\">\n\t\t\t\t\t<h1>Nuestro modelo acad\u00e9mico<\/h1>\n\t\t\t\t<\/div>\n\t\t\t<\/div>\n\t\t<\/div>\n\t<\/div>\n<\/section>\n\n\n\n<section id=\"media-columns-leaves-block_0c8cfa0a86138c7fa14c260028ac7754\" class=\"block-media-columns-leaves\">\n\t<div class=\"block-media-columns-leaves__container pb-5\">\n\t\t<div class=\"block-media-columns-leaves__item\">\n\t\t\t<div class=\"row align-items-center is-image-left\">\n\t\t\t\t<div class=\"col-12 col-lg-5 col-xl-4\">\n\t\t\t\t\t<div class=\"block-media-columns-leaves__image\">\n\t\t\t\t\t\t<svg class=\"leaf-images\" xmlns=\"http:\/\/www.w3.org\/2000\/svg\" viewbox=\"0 0 275.84 490.05\">\n\t\t\t\t\t\t<defs>\n\t\t\t\t\t\t\t<pattern id=\"leafPatternOne-block_0c8cfa0a86138c7fa14c260028ac7754\" x=\"0\" y=\"0\" width=\"1\" height=\"1\">\n\t\t\t\t\t\t\t\t<rect class=\"leaf-image__bg\" x=\"0\" y=\"0\" width=\"500\" height=\"570\"\/>\n\t\t\t\t\t\t\t\t\t\t\t\t\t\t\t\t<image class=\"leaf-image__img\" width=\"330\" height=\"450\" preserveaspectratio=\"xMidYMid slice\" href=\"https:\/\/greatoakswilm.org\/wp-content\/uploads\/2020\/11\/go-wilmington-bellyfire-productions-4133_43569886260_o.jpg\"\/>\n\t\t\t\t\t\t\t\t\t\t\t\t\t\t\t<\/pattern>\n\t\t\t\t\t\t<\/defs>\n\n\t\t\t\t\t\t<path class=\"leaf-image\" fill=\"url(#leafPatternOne-block_0c8cfa0a86138c7fa14c260028ac7754)\"\n\t\t\t\t\t\t\td=\"M247.92,245c0,121.51-110,220-110,220s-110-98.49-110-220,110-220,110-220S247.92,123.52,247.92,245Z\"\/>\n\t\t\t\t\t<\/svg>\n\t\t\t\t\t<\/div>\n\t\t\t\t<\/div>\n\t\t\t\t<div class=\"col-12 col-lg-7 col-xl-8\">\n\t\t\t\t\t<div class=\"block-media-columns-leaves__content\">\n\t\t\t\t\t\t<p><strong data-rich-text-format-boundary=\"true\">High Expectations for Success<\/strong><\/p>\n<p>We set the bar high for how our students perform academically and how they carry themselves. We have similarly high expectations for staff members and how they work relentlessly support our students. At Great Oaks, students and families can expect a rigorous charter school curriculum, a focused learning environment, and a team dedicated to success.<\/p>\n\t\t\t\t\t<\/div>\n\t\t\t\t<\/div>\n\t\t\t<\/div>\n\t\t<\/div>\n\t<\/div>\n<\/section>\n\n\n\n<section id=\"media-columns-leaves-block_a736c852298a37d85a179094a72c9f6d\" class=\"block-media-columns-leaves\">\n\t<div class=\"block-media-columns-leaves__container pb-5\">\n\t\t<div class=\"block-media-columns-leaves__item\">\n\t\t\t<div class=\"row align-items-center is-image-right\">\n\t\t\t\t<div class=\"col-12 col-lg-5 col-xl-4\">\n\t\t\t\t\t<div class=\"block-media-columns-leaves__image\">\n\t\t\t\t\t\t<svg class=\"leaf-images\" xmlns=\"http:\/\/www.w3.org\/2000\/svg\" viewbox=\"0 0 275.84 490.05\">\n\t\t\t\t\t\t<defs>\n\t\t\t\t\t\t\t<pattern id=\"leafPatternOne-block_a736c852298a37d85a179094a72c9f6d\" x=\"0\" y=\"0\" width=\"1\" height=\"1\">\n\t\t\t\t\t\t\t\t<rect class=\"leaf-image__bg\" x=\"0\" y=\"0\" width=\"500\" height=\"570\"\/>\n\t\t\t\t\t\t\t\t\t\t\t\t\t\t\t\t<image class=\"leaf-image__img\" width=\"330\" height=\"450\" preserveaspectratio=\"xMaxYMin slice\" href=\"https:\/\/greatoakswilm.org\/wp-content\/uploads\/2020\/11\/go-wilmington-bellyfire-productions-5458_43569744310_o.jpg\"\/>\n\t\t\t\t\t\t\t\t\t\t\t\t\t\t\t<\/pattern>\n\t\t\t\t\t\t<\/defs>\n\n\t\t\t\t\t\t<path class=\"leaf-image\" fill=\"url(#leafPatternOne-block_a736c852298a37d85a179094a72c9f6d)\"\n\t\t\t\t\t\t\td=\"M247.92,245c0,121.51-110,220-110,220s-110-98.49-110-220,110-220,110-220S247.92,123.52,247.92,245Z\"\/>\n\t\t\t\t\t<\/svg>\n\t\t\t\t\t<\/div>\n\t\t\t\t<\/div>\n\t\t\t\t<div class=\"col-12 col-lg-7 col-xl-8\">\n\t\t\t\t\t<div class=\"block-media-columns-leaves__content\">\n\t\t\t\t\t\t<p><strong>Plan de estudios acad\u00e9mico culturalmente relevante <\/strong><\/p>\n<p>Creemos que nuestros estudiantes son los l\u00edderes del ma\u00f1ana. Es por eso que hemos invertido valiosos recursos en la construcci\u00f3n de un repertorio curricular que es altamente riguroso y directamente aplicable al mundo real en el siglo XXI. Nuestro mundo cambia todos los d\u00edas y nos esforzamos por impulsar a los estudiantes de Great Oaks a pensar fuera de la caja, con un ojo para la justicia y una postura de compasi\u00f3n, para que est\u00e9n listos para un mundo que necesita desesperadamente su liderazgo.<\/p>\n\t\t\t\t\t<\/div>\n\t\t\t\t<\/div>\n\t\t\t<\/div>\n\t\t<\/div>\n\t<\/div>\n<\/section>\n\n\n\n<div class=\"wp-block-group is-nowrap is-layout-flex wp-container-core-group-is-layout-ad2f72ca wp-block-group-is-layout-flex\">\n<section id=\"media-columns-leaves-block_2a0d4c1b2378e6ed39ebdc63c8721c71\" class=\"block-media-columns-leaves\">\n\t<div class=\"block-media-columns-leaves__container pb-5\">\n\t\t<div class=\"block-media-columns-leaves__item\">\n\t\t\t<div class=\"row align-items-center is-image-left\">\n\t\t\t\t<div class=\"col-12 col-lg-5 col-xl-4\">\n\t\t\t\t\t<div class=\"block-media-columns-leaves__image\">\n\t\t\t\t\t\t<svg class=\"leaf-images\" xmlns=\"http:\/\/www.w3.org\/2000\/svg\" viewbox=\"0 0 275.84 490.05\">\n\t\t\t\t\t\t<defs>\n\t\t\t\t\t\t\t<pattern id=\"leafPatternOne-block_2a0d4c1b2378e6ed39ebdc63c8721c71\" x=\"0\" y=\"0\" width=\"1\" height=\"1\">\n\t\t\t\t\t\t\t\t<rect class=\"leaf-image__bg\" x=\"0\" y=\"0\" width=\"500\" height=\"570\"\/>\n\t\t\t\t\t\t\t\t\t\t\t\t\t\t\t\t<image class=\"leaf-image__img\" width=\"330\" height=\"450\" preserveaspectratio=\"xMidYMid slice\" href=\"https:\/\/greatoakswilm.org\/wp-content\/uploads\/2020\/12\/IMG_5930-scaled-e1608210683287.jpg\"\/>\n\t\t\t\t\t\t\t\t\t\t\t\t\t\t\t<\/pattern>\n\t\t\t\t\t\t<\/defs>\n\n\t\t\t\t\t\t<path class=\"leaf-image\" fill=\"url(#leafPatternOne-block_2a0d4c1b2378e6ed39ebdc63c8721c71)\"\n\t\t\t\t\t\t\td=\"M247.92,245c0,121.51-110,220-110,220s-110-98.49-110-220,110-220,110-220S247.92,123.52,247.92,245Z\"\/>\n\t\t\t\t\t<\/svg>\n\t\t\t\t\t<\/div>\n\t\t\t\t<\/div>\n\t\t\t\t<div class=\"col-12 col-lg-7 col-xl-8\">\n\t\t\t\t\t<div class=\"block-media-columns-leaves__content\">\n\t\t\t\t\t\t<p><strong>Compromiso con la participaci\u00f3n de la familia y la comunidad <\/strong><\/p>\n<p>Great Oaks parents and guardians are essential members of our community. As such, we regularly invite them to a variety of school events, ranging from report card conferences and ceremonies celebrating student success. We empower parents to support their students through our \u201cParent Camp\u201d days. Additionally, our staff members regularly call home to give updates on student progress.<\/p>\n\t\t\t\t\t<\/div>\n\t\t\t\t<\/div>\n\t\t\t<\/div>\n\t\t<\/div>\n\t<\/div>\n<\/section>\n<\/div>\n\n\n\n<div class=\"wp-block-group\"><div class=\"wp-block-group__inner-container is-layout-flow wp-block-group-is-layout-flow\">\n<div class=\"wp-block-group\"><div class=\"wp-block-group__inner-container is-layout-flow wp-block-group-is-layout-flow\"><div class=\"wp-block-image is-style-full-image\"><div class=\"wp-block-image-container\">\n<figure class=\"aligncenter size-large is-resized\"><img decoding=\"async\" src=\"http:\/\/greatoakswilm.org\/wp-content\/uploads\/2020\/10\/greatoaks-logo-branding.svg\" alt=\"\" class=\"wp-image-741\" style=\"aspect-ratio:1.1327433628318584;width:290px;height:auto\"\/><\/figure>\n<\/div><\/div>\n\n<div class=\"wp-block-paragraph\">\n<p>La idea de que nuestros estudiantes son el futuro de nuestra sociedad es parte de todo lo que hacemos. Preparamos a los estudiantes para el \u00e9xito a largo plazo al proporcionar herramientas, aulas, entornos sociales, deportes, clubes y oportunidades educativas y asociaciones de calidad. El impacto de una educaci\u00f3n en Great Oaks sigue a cada estudiante m\u00e1s all\u00e1 de la graduaci\u00f3n, hacia la educaci\u00f3n superior y el \u00e9xito profesional. Estamos orgullosos de nuestra comunidad estudiantil y nos entusiasma seguir creciendo.<\/p>\n<\/div><\/div><\/div>\n<\/div><\/div>\n\n\n\n<div class=\"wp-block-group alignfull\"><div class=\"wp-block-group__inner-container is-layout-flow wp-block-group-is-layout-flow\">\n<hr class=\"wp-block-separator has-css-opacity\"\/>\n<\/div><\/div>\n\n\n\n\n<div class=\"wp-block-paragraph\">\n<p><\/p>\n<\/div>","protected":false},"excerpt":{"rendered":"<p>The idea that our students are the future of our society is part of everything we do. We prepare students for long-term success by providing quality tools, classrooms, social environments, [&hellip;]<\/p>\n","protected":false},"author":1,"featured_media":0,"parent":0,"menu_order":13,"comment_status":"closed","ping_status":"closed","template":"","meta":{"_acf_changed":false,"_editorskit_title_hidden":false,"_editorskit_reading_time":1,"_editorskit_is_block_options_detached":false,"_editorskit_block_options_position":"{}","_monsterinsights_skip_tracking":false,"_monsterinsights_sitenote_active":false,"_monsterinsights_sitenote_note":"","_monsterinsights_sitenote_category":0,"footnotes":""},"class_list":["post-969","page","type-page","status-publish","hentry"],"acf":[],"yoast_head":"<!-- This site is optimized with the Yoast SEO plugin v27.3 - https:\/\/yoast.com\/product\/yoast-seo-wordpress\/ -->\n<title>Student Information and Resources - Great Oaks Wilmington, Delaware<\/title>\n<meta name=\"description\" content=\"At Great Oaks Charter School Wilmington, we prepare students for long-term success by providing quality tools, educational opportunities, partnerships and more.\" \/>\n<meta name=\"robots\" content=\"index, follow, max-snippet:-1, max-image-preview:large, max-video-preview:-1\" \/>\n<link rel=\"canonical\" href=\"https:\/\/greatoakswilm.org\/es\/students\/\" \/>\n<meta property=\"og:locale\" content=\"es_MX\" \/>\n<meta property=\"og:type\" content=\"article\" \/>\n<meta property=\"og:title\" content=\"Student Information and Resources - Great Oaks Wilmington, Delaware\" \/>\n<meta property=\"og:description\" content=\"At Great Oaks Charter School Wilmington, we prepare students for long-term success by providing quality tools, educational opportunities, partnerships and more.\" \/>\n<meta property=\"og:url\" content=\"https:\/\/greatoakswilm.org\/es\/students\/\" \/>\n<meta property=\"og:site_name\" content=\"Great Oaks Wilmington\" \/>\n<meta property=\"article:modified_time\" content=\"2025-07-30T15:03:10+00:00\" \/>\n<meta name=\"twitter:card\" content=\"summary_large_image\" \/>\n<meta name=\"twitter:label1\" content=\"Tiempo de lectura\" \/>\n\t<meta name=\"twitter:data1\" content=\"3 minutos\" \/>\n<script type=\"application\/ld+json\" class=\"yoast-schema-graph\">{\"@context\":\"https:\\\/\\\/schema.org\",\"@graph\":[{\"@type\":\"WebPage\",\"@id\":\"https:\\\/\\\/greatoakswilm.org\\\/students\\\/\",\"url\":\"https:\\\/\\\/greatoakswilm.org\\\/students\\\/\",\"name\":\"Student Information and Resources - Great Oaks Wilmington, Delaware\",\"isPartOf\":{\"@id\":\"https:\\\/\\\/greatoakswilm.org\\\/#website\"},\"primaryImageOfPage\":{\"@id\":\"https:\\\/\\\/greatoakswilm.org\\\/students\\\/#primaryimage\"},\"image\":{\"@id\":\"https:\\\/\\\/greatoakswilm.org\\\/students\\\/#primaryimage\"},\"thumbnailUrl\":\"http:\\\/\\\/greatoakswilm.org\\\/wp-content\\\/uploads\\\/2020\\\/10\\\/greatoaks-logo-branding.svg\",\"datePublished\":\"2020-11-05T15:05:34+00:00\",\"dateModified\":\"2025-07-30T15:03:10+00:00\",\"description\":\"At Great Oaks Charter School Wilmington, we prepare students for long-term success by providing quality tools, educational opportunities, partnerships and more.\",\"breadcrumb\":{\"@id\":\"https:\\\/\\\/greatoakswilm.org\\\/students\\\/#breadcrumb\"},\"inLanguage\":\"es\",\"potentialAction\":[{\"@type\":\"ReadAction\",\"target\":[\"https:\\\/\\\/greatoakswilm.org\\\/students\\\/\"]}]},{\"@type\":\"ImageObject\",\"inLanguage\":\"es\",\"@id\":\"https:\\\/\\\/greatoakswilm.org\\\/students\\\/#primaryimage\",\"url\":\"http:\\\/\\\/greatoakswilm.org\\\/wp-content\\\/uploads\\\/2020\\\/10\\\/greatoaks-logo-branding.svg\",\"contentUrl\":\"http:\\\/\\\/greatoakswilm.org\\\/wp-content\\\/uploads\\\/2020\\\/10\\\/greatoaks-logo-branding.svg\"},{\"@type\":\"BreadcrumbList\",\"@id\":\"https:\\\/\\\/greatoakswilm.org\\\/students\\\/#breadcrumb\",\"itemListElement\":[{\"@type\":\"ListItem\",\"position\":1,\"name\":\"Home\",\"item\":\"https:\\\/\\\/greatoakswilm.org\\\/\"},{\"@type\":\"ListItem\",\"position\":2,\"name\":\"Teaching &amp; Learning\"}]},{\"@type\":\"WebSite\",\"@id\":\"https:\\\/\\\/greatoakswilm.org\\\/#website\",\"url\":\"https:\\\/\\\/greatoakswilm.org\\\/\",\"name\":\"Great Oaks Wilmington\",\"description\":\"Great Oaks grow from little acorns\",\"potentialAction\":[{\"@type\":\"SearchAction\",\"target\":{\"@type\":\"EntryPoint\",\"urlTemplate\":\"https:\\\/\\\/greatoakswilm.org\\\/?s={search_term_string}\"},\"query-input\":{\"@type\":\"PropertyValueSpecification\",\"valueRequired\":true,\"valueName\":\"search_term_string\"}}],\"inLanguage\":\"es\"}]}<\/script>\n<!-- \/ Yoast SEO plugin. -->","yoast_head_json":{"title":"Informaci\u00f3n y recursos para estudiantes - Great Oaks Wilmington, Delaware","description":"En Great Oaks Charter School Wilmington, preparamos a los estudiantes para el \u00e9xito a largo plazo brind\u00e1ndoles herramientas de calidad, oportunidades educativas, asociaciones y m\u00e1s.","robots":{"index":"index","follow":"follow","max-snippet":"max-snippet:-1","max-image-preview":"max-image-preview:large","max-video-preview":"max-video-preview:-1"},"canonical":"https:\/\/greatoakswilm.org\/es\/students\/","og_locale":"es_MX","og_type":"article","og_title":"Student Information and Resources - Great Oaks Wilmington, Delaware","og_description":"At Great Oaks Charter School Wilmington, we prepare students for long-term success by providing quality tools, educational opportunities, partnerships and more.","og_url":"https:\/\/greatoakswilm.org\/es\/students\/","og_site_name":"Great Oaks Wilmington","article_modified_time":"2025-07-30T15:03:10+00:00","twitter_card":"summary_large_image","twitter_misc":{"Tiempo de lectura":"3 minutos"},"schema":{"@context":"https:\/\/schema.org","@graph":[{"@type":"WebPage","@id":"https:\/\/greatoakswilm.org\/students\/","url":"https:\/\/greatoakswilm.org\/students\/","name":"Informaci\u00f3n y recursos para estudiantes - Great Oaks Wilmington, Delaware","isPartOf":{"@id":"https:\/\/greatoakswilm.org\/#website"},"primaryImageOfPage":{"@id":"https:\/\/greatoakswilm.org\/students\/#primaryimage"},"image":{"@id":"https:\/\/greatoakswilm.org\/students\/#primaryimage"},"thumbnailUrl":"http:\/\/greatoakswilm.org\/wp-content\/uploads\/2020\/10\/greatoaks-logo-branding.svg","datePublished":"2020-11-05T15:05:34+00:00","dateModified":"2025-07-30T15:03:10+00:00","description":"En Great Oaks Charter School Wilmington, preparamos a los estudiantes para el \u00e9xito a largo plazo brind\u00e1ndoles herramientas de calidad, oportunidades educativas, asociaciones y m\u00e1s.","breadcrumb":{"@id":"https:\/\/greatoakswilm.org\/students\/#breadcrumb"},"inLanguage":"es","potentialAction":[{"@type":"ReadAction","target":["https:\/\/greatoakswilm.org\/students\/"]}]},{"@type":"ImageObject","inLanguage":"es","@id":"https:\/\/greatoakswilm.org\/students\/#primaryimage","url":"http:\/\/greatoakswilm.org\/wp-content\/uploads\/2020\/10\/greatoaks-logo-branding.svg","contentUrl":"http:\/\/greatoakswilm.org\/wp-content\/uploads\/2020\/10\/greatoaks-logo-branding.svg"},{"@type":"BreadcrumbList","@id":"https:\/\/greatoakswilm.org\/students\/#breadcrumb","itemListElement":[{"@type":"ListItem","position":1,"name":"Home","item":"https:\/\/greatoakswilm.org\/"},{"@type":"ListItem","position":2,"name":"Teaching &amp; Learning"}]},{"@type":"WebSite","@id":"https:\/\/greatoakswilm.org\/#website","url":"https:\/\/greatoakswilm.org\/","name":"Great Oaks Wilmington","description":"Grandes robles crecen de peque\u00f1as bellotas","potentialAction":[{"@type":"SearchAction","target":{"@type":"EntryPoint","urlTemplate":"https:\/\/greatoakswilm.org\/?s={search_term_string}"},"query-input":{"@type":"PropertyValueSpecification","valueRequired":true,"valueName":"search_term_string"}}],"inLanguage":"es"}]}},"_links":{"self":[{"href":"https:\/\/greatoakswilm.org\/es\/wp-json\/wp\/v2\/pages\/969","targetHints":{"allow":["GET"]}}],"collection":[{"href":"https:\/\/greatoakswilm.org\/es\/wp-json\/wp\/v2\/pages"}],"about":[{"href":"https:\/\/greatoakswilm.org\/es\/wp-json\/wp\/v2\/types\/page"}],"author":[{"embeddable":true,"href":"https:\/\/greatoakswilm.org\/es\/wp-json\/wp\/v2\/users\/1"}],"replies":[{"embeddable":true,"href":"https:\/\/greatoakswilm.org\/es\/wp-json\/wp\/v2\/comments?post=969"}],"version-history":[{"count":31,"href":"https:\/\/greatoakswilm.org\/es\/wp-json\/wp\/v2\/pages\/969\/revisions"}],"predecessor-version":[{"id":6168,"href":"https:\/\/greatoakswilm.org\/es\/wp-json\/wp\/v2\/pages\/969\/revisions\/6168"}],"wp:attachment":[{"href":"https:\/\/greatoakswilm.org\/es\/wp-json\/wp\/v2\/media?parent=969"}],"curies":[{"name":"wp","href":"https:\/\/api.w.org\/{rel}","templated":true}]}}